{"id":1088,"date":"2019-12-08T09:47:39","date_gmt":"2019-12-08T08:47:39","guid":{"rendered":"http:\/\/pascalaussi.fr\/?page_id=1088"},"modified":"2025-12-17T09:15:28","modified_gmt":"2025-12-17T08:15:28","slug":"abc-dairs","status":"publish","type":"page","link":"https:\/\/pascalaussi.fr\/index.php\/abc-dairs\/","title":{"rendered":"ABC d&rsquo;airs"},"content":{"rendered":"<div class=\"wp-block-image\">\n<figure class=\"aligncenter size-large is-resized\"><img decoding=\"async\" loading=\"lazy\" src=\"https:\/\/pascalaussi.fr\/wp-content\/uploads\/2020\/02\/1e\u0300re-de-Couverture.jpg\" alt=\"\" class=\"wp-image-1185\" width=\"297\" height=\"297\" srcset=\"https:\/\/pascalaussi.fr\/wp-content\/uploads\/2020\/02\/1e\u0300re-de-Couverture.jpg 600w, https:\/\/pascalaussi.fr\/wp-content\/uploads\/2020\/02\/1e\u0300re-de-Couverture-300x300.jpg 300w, https:\/\/pascalaussi.fr\/wp-content\/uploads\/2020\/02\/1e\u0300re-de-Couverture-150x150.jpg 150w\" sizes=\"(max-width: 297px) 100vw, 297px\" \/><\/figure><\/div>\n\n\n<p>\u00ab&nbsp;<strong>ABC d\u2019airs&nbsp;<\/strong>\u00bb. Un livre qui n\u2019en est pas vraiment un puisque chaque page est ind\u00e9pendante et peut \u00eatre plac\u00e9e o\u00f9 bon vous semble. Un livre qui offre plus \u00e0 voir qu\u2019\u00e0 lire mais o\u00f9 pourtant le texte est premier car sans lui le calligraphe ne se serait pas lanc\u00e9.<\/p>\n\n\n\n<figure class=\"wp-block-image size-large\"><img decoding=\"async\" loading=\"lazy\" width=\"700\" height=\"933\" src=\"https:\/\/pascalaussi.fr\/wp-content\/uploads\/2020\/03\/pre\u0301sentation-coffret-700x933.png\" alt=\"\" class=\"wp-image-1870\" srcset=\"https:\/\/pascalaussi.fr\/wp-content\/uploads\/2020\/03\/pre\u0301sentation-coffret-700x933.png 700w, https:\/\/pascalaussi.fr\/wp-content\/uploads\/2020\/03\/pre\u0301sentation-coffret-225x300.png 225w, https:\/\/pascalaussi.fr\/wp-content\/uploads\/2020\/03\/pre\u0301sentation-coffret.png 720w\" sizes=\"(max-width: 700px) 100vw, 700px\" \/><figcaption class=\"wp-element-caption\">photographie Benoit Furet<\/figcaption><\/figure>\n\n\n\n<p><strong>Ab\u00e9c\u00e9daire<\/strong>. Vingt-six lettres. Vingt-six mots. Vingt-six extraits d\u2019autant de mes chansons. <em>Les paroles s\u2019envolent, les \u00e9crits restent\u2026<\/em> Vingt-six pages dont on peut scruter les d\u00e9tails et appr\u00e9cier le sens <\/p>\n\n\n<div class=\"wp-block-image\">\n<figure class=\"aligncenter\"><img decoding=\"async\" loading=\"lazy\" width=\"184\" height=\"243\" src=\"https:\/\/pascalaussi.fr\/wp-content\/uploads\/2020\/01\/scribe.jpg\" alt=\"\" class=\"wp-image-1148\"\/><\/figure><\/div>\n\n\n<p>             Ces mots qui n&rsquo;avaient d&rsquo;autres desseins que de voleter de bouche \u00e0 oreille, Benoit Furet les offre \u00e0 nos yeux avec une po\u00e9sie qui n&rsquo;est plus simplement une affaire de sens et de son, mais celle autrement plus large du geste et de sa gr\u00e2ce.<\/p>\n\n\n<div class=\"wp-block-image\">\n<figure class=\"aligncenter size-large is-resized\"><img decoding=\"async\" loading=\"lazy\" src=\"https:\/\/pascalaussi.fr\/wp-content\/uploads\/2020\/02\/Pascalguitare.jpg\" alt=\"\" class=\"wp-image-1395\" width=\"185\" height=\"131\"\/><figcaption class=\"wp-element-caption\">photographie Gildas Bitout<\/figcaption><\/figure><\/div>\n\n\n<p class=\"has-text-align-center\"><strong>Chansons d\u2019o\u00f9 viennent les mots choisis<\/strong><\/p>\n\n\n\n<p><strong>A<\/strong>rbre&nbsp;&#8211; Les arbres de la for\u00eat \/ <strong>B<\/strong>alan\u00e7oire&nbsp;&#8211; Petite souris \/ <strong>C<\/strong>aillou&nbsp;&#8211; Caillou \/ <strong>D<\/strong>\u00e9tresse&nbsp;&#8211; Dans le journal \/ <strong>E<\/strong>nsemble&nbsp;&#8211; Pas la peine \/ <strong>F<\/strong>ruit&nbsp;&#8211; Graines \/ <strong>G<\/strong>laneur&nbsp;&#8211; Du bl\u00e9 \/ <strong>H<\/strong>omme&nbsp;&#8211; Seconde mi-temps<a href=\"https:\/\/pascalaussi.fr\/wp-admin\/post.php?post=800&amp;action=edit\"> <\/a>\/ <strong>I<\/strong>naper\u00e7u&nbsp;&#8211; Inaper\u00e7u \/ <strong>J<\/strong>eudi &#8211; Encore heureux \/ <strong>K<\/strong>osovo&nbsp;&#8211; Deux mille kilom\u00e8tres \u00e0 tout casser \/ <strong>L<\/strong>une&nbsp;&#8211; L\u2019heure de rester \/ <strong>M<\/strong>ot&nbsp;&#8211; Tra\u00eetres mots \/ <strong>N<\/strong>uit&nbsp;&#8211; L\u2019\u0153il de la nuit \/ <strong>O<\/strong>iseau&nbsp;&#8211; Le temps est un oiseau \/ <strong>P<\/strong>atience&nbsp;&#8211; La patience \/ <strong>Q<\/strong>uai&nbsp;&#8211; Est-ce partir&nbsp;? \/ <strong>R<\/strong>egard&nbsp;&#8211; Les yeux dans les cieux \/ <strong>S<\/strong>ecret&nbsp;&#8211; Un secret de Polichinelle \/ <strong>T<\/strong>erre&nbsp;&#8211; \u00ab&nbsp;Terre&nbsp;!&nbsp;\u00bb \/ <strong>U<\/strong>topie&nbsp;&#8211; L\u2019utopie, y a que \u00e7a de vrai \/ <strong>V<\/strong>olet&nbsp;&#8211; Le c\u0153ur comme un volet qui bat \/ <strong>W<\/strong>assingue &#8211; Wassingue \/ <strong>X<\/strong>&nbsp;&#8211; X (relation \u00e0 une inconnue) \/ <strong>Y<\/strong>eux&nbsp;&#8211; Ecchymose&nbsp;: nom commun \/ <strong>Z<\/strong>one&nbsp;&#8211; Zone inondable<\/p>\n\n\n<div class=\"wp-block-image\">\n<figure class=\"aligncenter size-large is-resized\"><img decoding=\"async\" loading=\"lazy\" src=\"https:\/\/pascalaussi.fr\/wp-content\/uploads\/2020\/03\/Content-.jpg\" alt=\"\" class=\"wp-image-1864\" width=\"263\" height=\"350\" srcset=\"https:\/\/pascalaussi.fr\/wp-content\/uploads\/2020\/03\/Content-.jpg 450w, https:\/\/pascalaussi.fr\/wp-content\/uploads\/2020\/03\/Content--225x300.jpg 225w\" sizes=\"(max-width: 263px) 100vw, 263px\" \/><\/figure><\/div>\n\n\n<p class=\"has-text-align-center\">Benoit Furet semble content du r\u00e9sultat<\/p>\n\n\n\n<h4 class=\"wp-block-heading has-text-align-center\">Tournage du film \u00ab\u00a0La patience\u00a0\u00bb<\/h4>\n\n\n<div class=\"wp-block-image\">\n<figure class=\"aligncenter size-large is-resized\"><img decoding=\"async\" loading=\"lazy\" src=\"https:\/\/pascalaussi.fr\/wp-content\/uploads\/2020\/09\/La-patience-Man-In-Black-700x700.jpg\" alt=\"\" class=\"wp-image-2078\" width=\"211\" height=\"211\" srcset=\"https:\/\/pascalaussi.fr\/wp-content\/uploads\/2020\/09\/La-patience-Man-In-Black-700x700.jpg 700w, https:\/\/pascalaussi.fr\/wp-content\/uploads\/2020\/09\/La-patience-Man-In-Black-300x300.jpg 300w, https:\/\/pascalaussi.fr\/wp-content\/uploads\/2020\/09\/La-patience-Man-In-Black-150x150.jpg 150w, https:\/\/pascalaussi.fr\/wp-content\/uploads\/2020\/09\/La-patience-Man-In-Black-768x768.jpg 768w, https:\/\/pascalaussi.fr\/wp-content\/uploads\/2020\/09\/La-patience-Man-In-Black-1536x1536.jpg 1536w, https:\/\/pascalaussi.fr\/wp-content\/uploads\/2020\/09\/La-patience-Man-In-Black-2048x2048.jpg 2048w\" sizes=\"(max-width: 211px) 100vw, 211px\" \/><figcaption class=\"wp-element-caption\">Non, je ne fais pas la t\u00eate, mais <br>le projecteur est lourd et il faut<br> le manier avec pr\u00e9cision pour obtenir les ombres voulues<\/figcaption><\/figure><\/div>\n\n\n<p>            Il a vite sembl\u00e9 \u00e9vident \u00e0 Gilles (Massez, le cin\u00e9aste) que c\u2019est avec la macro qu\u2019il pourrait montrer toute la minutie du travail de Benoit. D\u2019o\u00f9 l\u2019emploi de cet objectif de 24 mm, long canon qu\u2019on voit sur cette photo prise dans l\u2019atelier de Benoit le jour du tournage (Benoit en bout de table, Gilles \u00e0 droite)<\/p>\n\n\n\n<figure class=\"wp-block-image size-large\"><img decoding=\"async\" loading=\"lazy\" width=\"700\" height=\"934\" src=\"https:\/\/pascalaussi.fr\/wp-content\/uploads\/2020\/09\/Tournage-La-patience-700x934.jpg\" alt=\"\" class=\"wp-image-2095\" srcset=\"https:\/\/pascalaussi.fr\/wp-content\/uploads\/2020\/09\/Tournage-La-patience-700x934.jpg 700w, https:\/\/pascalaussi.fr\/wp-content\/uploads\/2020\/09\/Tournage-La-patience-225x300.jpg 225w, https:\/\/pascalaussi.fr\/wp-content\/uploads\/2020\/09\/Tournage-La-patience-768x1024.jpg 768w, https:\/\/pascalaussi.fr\/wp-content\/uploads\/2020\/09\/Tournage-La-patience-1152x1536.jpg 1152w, https:\/\/pascalaussi.fr\/wp-content\/uploads\/2020\/09\/Tournage-La-patience-1536x2048.jpg 1536w, https:\/\/pascalaussi.fr\/wp-content\/uploads\/2020\/09\/Tournage-La-patience-scaled.jpg 1920w\" sizes=\"(max-width: 700px) 100vw, 700px\" \/><\/figure>\n\n\n\n<p>J&rsquo;entends la frustration des admirateurs d\u00e9\u00e7us de ne pas plus en voir, ce film n\u2019\u00e9tant pas un documentaire sur un artiste et son \u0153uvre, mais une r\u00e9flexion sur le temps de la cr\u00e9ation qui n&rsquo;est pas celui des pendules.<\/p>\n\n\n\n<figure class=\"wp-block-image size-large\"><img decoding=\"async\" loading=\"lazy\" width=\"700\" height=\"271\" src=\"https:\/\/pascalaussi.fr\/wp-content\/uploads\/2020\/09\/La-patience-plumes-1-700x271.jpg\" alt=\"\" class=\"wp-image-2163\" srcset=\"https:\/\/pascalaussi.fr\/wp-content\/uploads\/2020\/09\/La-patience-plumes-1-700x271.jpg 700w, https:\/\/pascalaussi.fr\/wp-content\/uploads\/2020\/09\/La-patience-plumes-1-300x116.jpg 300w, https:\/\/pascalaussi.fr\/wp-content\/uploads\/2020\/09\/La-patience-plumes-1-768x298.jpg 768w, https:\/\/pascalaussi.fr\/wp-content\/uploads\/2020\/09\/La-patience-plumes-1-1536x596.jpg 1536w, https:\/\/pascalaussi.fr\/wp-content\/uploads\/2020\/09\/La-patience-plumes-1.jpg 1692w\" sizes=\"(max-width: 700px) 100vw, 700px\" \/><\/figure>\n\n\n\n<p>Autant peindre, sculpter, dessiner, broder, calligraphier se montrent ais\u00e9ment et savent \u00eatre passionnants \u00e0 l\u2019\u00e9cran, autant \u00e9crire ne peut se saisir en images, nous ne pouvons que deviner, le stylo rang\u00e9, la guitare repos\u00e9e. <\/p>\n\n\n<div class=\"wp-block-image\">\n<figure class=\"aligncenter size-large is-resized\"><img decoding=\"async\" loading=\"lazy\" src=\"https:\/\/pascalaussi.fr\/wp-content\/uploads\/2020\/09\/La-patience-outils-700x206.jpg\" alt=\"\" class=\"wp-image-2166\" width=\"345\" height=\"100\"\/><\/figure><\/div>\n\n\n<p>\u00c0 regarder le calligraphe, le geste est une aventure, quand pour l\u2019auteur, pas de traces, on ne saura rien du voyage, c\u2019est \u00e0 l\u2019\u00e9coute qu\u2019on jugera du soin qu\u2019il a pu y porter.<\/p>\n\n\n<div class=\"wp-block-image\">\n<figure class=\"aligncenter size-large is-resized\"><img decoding=\"async\" loading=\"lazy\" src=\"https:\/\/pascalaussi.fr\/wp-content\/uploads\/2020\/09\/La-patience-extrait-2-700x116.jpg\" alt=\"\" class=\"wp-image-2173\" width=\"466\" height=\"76\" srcset=\"https:\/\/pascalaussi.fr\/wp-content\/uploads\/2020\/09\/La-patience-extrait-2-700x116.jpg 700w, https:\/\/pascalaussi.fr\/wp-content\/uploads\/2020\/09\/La-patience-extrait-2-300x50.jpg 300w, https:\/\/pascalaussi.fr\/wp-content\/uploads\/2020\/09\/La-patience-extrait-2-768x127.jpg 768w, https:\/\/pascalaussi.fr\/wp-content\/uploads\/2020\/09\/La-patience-extrait-2-1536x254.jpg 1536w, https:\/\/pascalaussi.fr\/wp-content\/uploads\/2020\/09\/La-patience-extrait-2-2048x339.jpg 2048w\" sizes=\"(max-width: 466px) 100vw, 466px\" \/><\/figure><\/div>\n\n\n<p>Nous sommes fin janvier 2020, l\u2019ABC d\u2019airs sera prochainement imprim\u00e9 avec le QR Code sur son coffret. Pour ce que disent ses paroles, le choix du mot Patience s\u2019est impos\u00e9. Je pr\u00e9sente la chanson \u00e0 Tony (Baker, le pianiste) quelques essais puis on se lance, chacun \u00e0 l&rsquo;\u00e9coute de l&rsquo;autre, tendu, surpris, attentif, une prise, qu\u2019on d\u00e9cide de garder, pour son \u00e9pure. <\/p>\n\n\n<div class=\"wp-block-image\">\n<figure class=\"aligncenter size-large is-resized\"><img decoding=\"async\" loading=\"lazy\" src=\"https:\/\/pascalaussi.fr\/wp-content\/uploads\/2020\/09\/Tony-Baker.jpg\" alt=\"\" class=\"wp-image-2183\" width=\"298\" height=\"298\" srcset=\"https:\/\/pascalaussi.fr\/wp-content\/uploads\/2020\/09\/Tony-Baker.jpg 680w, https:\/\/pascalaussi.fr\/wp-content\/uploads\/2020\/09\/Tony-Baker-300x300.jpg 300w, https:\/\/pascalaussi.fr\/wp-content\/uploads\/2020\/09\/Tony-Baker-150x150.jpg 150w\" sizes=\"(max-width: 298px) 100vw, 298px\" \/><figcaption class=\"wp-element-caption\">Tony Baker par Christine Agneessens<\/figcaption><\/figure><\/div>\n\n\n<p> Cette chanson depuis s&rsquo;est resserr\u00e9e sur trois couplets et a connue un arrangement plus riche, mais j&rsquo;ai de la tendresse pour cette version premi\u00e8re, avec ses points de suspension\u2026 comme s&rsquo;il nous \u00e9tait permis de suivre la r\u00e9flexion en train de se faire.<\/p>\n\n\n<div class=\"wp-block-image\">\n<figure class=\"aligncenter size-large is-resized\"><img decoding=\"async\" loading=\"lazy\" src=\"https:\/\/pascalaussi.fr\/wp-content\/uploads\/2020\/09\/ABC-dairs-QRCode.png\" alt=\"\" class=\"wp-image-2175\" width=\"107\" height=\"107\" srcset=\"https:\/\/pascalaussi.fr\/wp-content\/uploads\/2020\/09\/ABC-dairs-QRCode.png 240w, https:\/\/pascalaussi.fr\/wp-content\/uploads\/2020\/09\/ABC-dairs-QRCode-150x150.png 150w\" sizes=\"(max-width: 107px) 100vw, 107px\" \/><\/figure><\/div>\n\n\n<p>Parce qu&rsquo;on a voulu n&rsquo;y nommer que ceux dont l&rsquo;action se voit et \u00eatre transparent sur ce qu&rsquo;on entend, Tony ne figure pas au g\u00e9n\u00e9rique. Son r\u00f4le n&rsquo;en est pas moins essentiel.<\/p>\n\n\n<div class=\"wp-block-image\">\n<figure class=\"aligncenter size-large is-resized\"><img decoding=\"async\" loading=\"lazy\" src=\"https:\/\/pascalaussi.fr\/wp-content\/uploads\/2020\/09\/Tony-Tre\u0301vignon.jpg\" alt=\"\" class=\"wp-image-2111\" width=\"165\" height=\"160\"\/><figcaption class=\"wp-element-caption\">Tony Baker \u00e0 Tr\u00e9vignon<\/figcaption><\/figure><\/div>\n\n\n<figure class=\"wp-block-embed is-type-video is-provider-vimeo wp-block-embed-vimeo wp-embed-aspect-16-9 wp-has-aspect-ratio\"><div class=\"wp-block-embed__wrapper\">\n<iframe loading=\"lazy\" title=\"La patience\" src=\"https:\/\/player.vimeo.com\/video\/455452896?dnt=1&amp;app_id=122963\" width=\"660\" height=\"371\" frameborder=\"0\" allow=\"autoplay; fullscreen; picture-in-picture; clipboard-write; encrypted-media; web-share\" referrerpolicy=\"strict-origin-when-cross-origin\"><\/iframe>\n<\/div><\/figure>\n\n\n\n<p><\/p>\n","protected":false},"excerpt":{"rendered":"<p>\u00ab&nbsp;ABC d\u2019airs&nbsp;\u00bb. Un livre qui n\u2019en est pas vraiment un puisque chaque page est ind\u00e9pendante et peut \u00eatre plac\u00e9e o\u00f9 bon vous semble. Un livre qui offre plus \u00e0 voir qu\u2019\u00e0 lire mais o\u00f9 pourtant le texte est premier car sans lui le calligraphe ne se serait pas lanc\u00e9. Ab\u00e9c\u00e9daire. Vingt-six lettres. Vingt-six mots. Vingt-six &hellip; <a href=\"https:\/\/pascalaussi.fr\/index.php\/abc-dairs\/\" class=\"more-link\">Continuer la lecture de <span class=\"screen-reader-text\">ABC d&rsquo;airs<\/span><\/a><\/p>\n","protected":false},"author":2,"featured_media":0,"parent":0,"menu_order":0,"comment_status":"closed","ping_status":"closed","template":"","meta":[],"_links":{"self":[{"href":"https:\/\/pascalaussi.fr\/index.php\/wp-json\/wp\/v2\/pages\/1088"}],"collection":[{"href":"https:\/\/pascalaussi.fr\/index.php\/wp-json\/wp\/v2\/pages"}],"about":[{"href":"https:\/\/pascalaussi.fr\/index.php\/wp-json\/wp\/v2\/types\/page"}],"author":[{"embeddable":true,"href":"https:\/\/pascalaussi.fr\/index.php\/wp-json\/wp\/v2\/users\/2"}],"replies":[{"embeddable":true,"href":"https:\/\/pascalaussi.fr\/index.php\/wp-json\/wp\/v2\/comments?post=1088"}],"version-history":[{"count":213,"href":"https:\/\/pascalaussi.fr\/index.php\/wp-json\/wp\/v2\/pages\/1088\/revisions"}],"predecessor-version":[{"id":4968,"href":"https:\/\/pascalaussi.fr\/index.php\/wp-json\/wp\/v2\/pages\/1088\/revisions\/4968"}],"wp:attachment":[{"href":"https:\/\/pascalaussi.fr\/index.php\/wp-json\/wp\/v2\/media?parent=1088"}],"curies":[{"name":"wp","href":"https:\/\/api.w.org\/{rel}","templated":true}]}}