{"id":1356,"date":"2020-02-21T05:25:56","date_gmt":"2020-02-21T04:25:56","guid":{"rendered":"http:\/\/pascalaussi.fr\/?page_id=1356"},"modified":"2025-12-25T22:32:21","modified_gmt":"2025-12-25T21:32:21","slug":"inapercu","status":"publish","type":"page","link":"https:\/\/pascalaussi.fr\/index.php\/inapercu\/","title":{"rendered":"Inaper\u00e7u"},"content":{"rendered":"\n<p class=\"has-text-align-center\">J\u2019ai connu un certain succ\u00e8s<br>Mais lui dit ne pas s\u2019en souvenir<br>J\u2019ai appris, plus l\u2019\u00e2ge avan\u00e7ait<br>Sur bien des points \u00e0 quoi m\u2019en tenir<\/p>\n\n\n\n<p class=\"has-text-align-center\"><em>Un coup d&rsquo;oeil au sablier<br>L\u2019heure est venue d&rsquo;oublier<br>Ce dont tu n\u2019as pas besoin<br>Plus ton bagage est l\u00e9ger<br>Plus simple est de voyager<br>Loin, loin, loin<\/em><\/p>\n\n\n\n<p class=\"has-text-align-center\">Tout autour, vanit\u00e9 des uns<br>Et aigreur des autres, les d\u00e9\u00e7us<br>Que fais-tu dans ce lieu malsain&nbsp;?<br>Je r\u00e9ponds&nbsp;: \u00ab&nbsp;Je passe inaper\u00e7u&nbsp;\u00bb<\/p>\n\n\n\n<p class=\"has-text-align-center\">Tous ces gens, debout sur le quai<br>Qui n\u2019attendent plus que le m\u00e9tro<br>Ou l\u00e0-bas, en train d\u2019embarquer<br>Tellement la mis\u00e8re, c\u2019est trop<\/p>\n\n\n\n<p class=\"has-text-align-center\"><em>Un coup d&rsquo;oeil au sablier<br>L\u2019heure est venue d&rsquo;oublier<br>Ce dont tu n\u2019as pas besoin<br>Plus ton bagage est l\u00e9ger<br>Plus simple est de voyager<br>Loin, loin, loi<\/em>n<\/p>\n\n\n\n<p class=\"has-text-align-center\">Long chemin, combien de partants<br>Pr\u00eats \u00e0 n\u2019emporter que l\u2019essentiel<br>Et pareil, ma route au dedans<br>Les mains libres pour toucher le ciel<\/p>\n\n\n\n<p class=\"has-text-align-center\">Le soleil, y a quand on le voit<br>Mais aussi quand on le sait couch\u00e9<br>Le bonheur, \u00e0 croire parfois<br>Qu\u2019il s\u2019amuse \u00e0 nous rester cach\u00e9<\/p>\n\n\n\n<p class=\"has-text-align-center\"><em>Un coup d&rsquo;oeil au sablier<br>L\u2019heure est venue d&rsquo;oublier <br>Ce dont tu n\u2019as pas besoin<br>Plus ton bagage est l\u00e9ger<br>Plus simple est de voyager<br>Loin, loin, loin<\/em><\/p>\n\n\n<div class=\"wp-block-image\">\n<figure class=\"aligncenter size-large is-resized\"><img decoding=\"async\" loading=\"lazy\" src=\"https:\/\/pascalaussi.fr\/wp-content\/uploads\/2016\/11\/images-1.png\" alt=\"\" class=\"wp-image-553\" width=\"78\" height=\"83\"\/><\/figure><\/div>\n\n\n<p class=\"has-text-align-center\"><em>Paroles et musique : Pascal AUSSI<\/em><\/p>\n","protected":false},"excerpt":{"rendered":"<p>J\u2019ai connu un certain succ\u00e8sMais lui dit ne pas s\u2019en souvenirJ\u2019ai appris, plus l\u2019\u00e2ge avan\u00e7aitSur bien des points \u00e0 quoi m\u2019en tenir Un coup d&rsquo;oeil au sablierL\u2019heure est venue d&rsquo;oublierCe dont tu n\u2019as pas besoinPlus ton bagage est l\u00e9gerPlus simple est de voyagerLoin, loin, loin Tout autour, vanit\u00e9 des unsEt aigreur des autres, les d\u00e9\u00e7usQue &hellip; <a href=\"https:\/\/pascalaussi.fr\/index.php\/inapercu\/\" class=\"more-link\">Continuer la lecture de <span class=\"screen-reader-text\">Inaper\u00e7u<\/span><\/a><\/p>\n","protected":false},"author":2,"featured_media":0,"parent":0,"menu_order":0,"comment_status":"closed","ping_status":"closed","template":"","meta":[],"_links":{"self":[{"href":"https:\/\/pascalaussi.fr\/index.php\/wp-json\/wp\/v2\/pages\/1356"}],"collection":[{"href":"https:\/\/pascalaussi.fr\/index.php\/wp-json\/wp\/v2\/pages"}],"about":[{"href":"https:\/\/pascalaussi.fr\/index.php\/wp-json\/wp\/v2\/types\/page"}],"author":[{"embeddable":true,"href":"https:\/\/pascalaussi.fr\/index.php\/wp-json\/wp\/v2\/users\/2"}],"replies":[{"embeddable":true,"href":"https:\/\/pascalaussi.fr\/index.php\/wp-json\/wp\/v2\/comments?post=1356"}],"version-history":[{"count":16,"href":"https:\/\/pascalaussi.fr\/index.php\/wp-json\/wp\/v2\/pages\/1356\/revisions"}],"predecessor-version":[{"id":4993,"href":"https:\/\/pascalaussi.fr\/index.php\/wp-json\/wp\/v2\/pages\/1356\/revisions\/4993"}],"wp:attachment":[{"href":"https:\/\/pascalaussi.fr\/index.php\/wp-json\/wp\/v2\/media?parent=1356"}],"curies":[{"name":"wp","href":"https:\/\/api.w.org\/{rel}","templated":true}]}}