{"id":1358,"date":"2020-02-21T05:33:47","date_gmt":"2020-02-21T04:33:47","guid":{"rendered":"http:\/\/pascalaussi.fr\/?page_id=1358"},"modified":"2025-11-27T18:15:15","modified_gmt":"2025-11-27T17:15:15","slug":"traitres-mots","status":"publish","type":"page","link":"https:\/\/pascalaussi.fr\/index.php\/traitres-mots\/","title":{"rendered":"Tra\u00eetres mots"},"content":{"rendered":"\n<figure class=\"wp-block-audio\"><audio controls src=\"https:\/\/pascalaussi.fr\/wp-content\/uploads\/2025\/11\/11-Troublant-Express.mp3\"><\/audio><\/figure>\n\n\n\n<p class=\"has-text-align-center\">Langage articul\u00e9, le sommet du r\u00e8gne animal<br>Pouvoir des mots, les mots &#8211; comme les maux, pluriel du mal &#8211;<br>Qui nous ont fait souffrir, que l\u2019on n\u2019est pas pr\u00e8s d\u2019oublier<br>On y croyait si fort, un mot, et c\u2019est pli\u00e9.<\/p>\n\n\n\n<p class=\"has-text-align-center\">Franc-parler, coup de gueule, \u00e0 c\u0153ur ouvert, un chat un chat<br>Citations, lieux communs, sous-entendus, pr\u00eachi-pr\u00eacha<br>Balivernes, jargon, th\u00e9ories, sermons exalt\u00e9s<br>Salive de combien causant sans \u00e9couter <\/p>\n\n\n\n<p class=\"has-text-align-center\">Mot, mot dit, maudit mot<br>Peux-tu me donner ta parole que tu ne vas pas me trahir<br>Mot, mot dit, maudit mot<br>Je t&rsquo;aime et pourtant &#8230; comment dire<br>Mot, mot dit, maudit mot<br>Quand tu cherches \u00e0 tromper ton monde ou que je ty prends \u00e0 mentir<br>Sais-tu qu\u2019il m\u2019arrive de te ha\u00efr&nbsp;?<br>Mot, mot dit, maudit mot<\/p>\n\n\n\n<p class=\"has-text-align-center\"><em>La victoire en chantant\u2026<\/em>&nbsp;<em>Du pass\u00e9, faisons table rase\u2026&nbsp;<\/em><br>Un bataillon, un temps, \u00e7a marche avec de belles phrases<br>Alors, un bon conseil \u00e0 qui veut la paix sur la terre<br>Ne pas la ramener sans cesse, ou mieux, te taire<\/p>\n\n\n\n<p class=\"has-text-align-center\">Restent les mots qu\u2019on glisse \u00e0 l\u2019oreille d\u2019une personne<br>Les mots qu\u2019on n\u2019a pas dits et qui, assourdissants, r\u00e9sonnent<br>Les mots qu\u2019on a sortis, les yeux mi-clos, sur le divan<br>Que c\u2019\u00e9tait mieux apr\u00e8s, si j\u2019avais su avant<\/p>\n\n\n<div class=\"wp-block-image\">\n<figure class=\"aligncenter size-large is-resized\"><img decoding=\"async\" loading=\"lazy\" src=\"https:\/\/pascalaussi.fr\/wp-content\/uploads\/2016\/11\/images-1.png\" alt=\"\" class=\"wp-image-553\" width=\"79\" height=\"84\"\/><\/figure><\/div>\n\n\n<p class=\"has-text-align-center\"><em>Paroles : Pascal AUSSI<\/em><br><em>Musique : Pascal AUSSI &amp; Olivier DELGUTTE<\/em><\/p>\n","protected":false},"excerpt":{"rendered":"<p>Langage articul\u00e9, le sommet du r\u00e8gne animalPouvoir des mots, les mots &#8211; comme les maux, pluriel du mal &#8211;Qui nous ont fait souffrir, que l\u2019on n\u2019est pas pr\u00e8s d\u2019oublierOn y croyait si fort, un mot, et c\u2019est pli\u00e9. Franc-parler, coup de gueule, \u00e0 c\u0153ur ouvert, un chat un chatCitations, lieux communs, sous-entendus, pr\u00eachi-pr\u00eachaBalivernes, jargon, th\u00e9ories, &hellip; <a href=\"https:\/\/pascalaussi.fr\/index.php\/traitres-mots\/\" class=\"more-link\">Continuer la lecture de <span class=\"screen-reader-text\">Tra\u00eetres mots<\/span><\/a><\/p>\n","protected":false},"author":2,"featured_media":0,"parent":0,"menu_order":0,"comment_status":"closed","ping_status":"closed","template":"","meta":[],"_links":{"self":[{"href":"https:\/\/pascalaussi.fr\/index.php\/wp-json\/wp\/v2\/pages\/1358"}],"collection":[{"href":"https:\/\/pascalaussi.fr\/index.php\/wp-json\/wp\/v2\/pages"}],"about":[{"href":"https:\/\/pascalaussi.fr\/index.php\/wp-json\/wp\/v2\/types\/page"}],"author":[{"embeddable":true,"href":"https:\/\/pascalaussi.fr\/index.php\/wp-json\/wp\/v2\/users\/2"}],"replies":[{"embeddable":true,"href":"https:\/\/pascalaussi.fr\/index.php\/wp-json\/wp\/v2\/comments?post=1358"}],"version-history":[{"count":9,"href":"https:\/\/pascalaussi.fr\/index.php\/wp-json\/wp\/v2\/pages\/1358\/revisions"}],"predecessor-version":[{"id":4554,"href":"https:\/\/pascalaussi.fr\/index.php\/wp-json\/wp\/v2\/pages\/1358\/revisions\/4554"}],"wp:attachment":[{"href":"https:\/\/pascalaussi.fr\/index.php\/wp-json\/wp\/v2\/media?parent=1358"}],"curies":[{"name":"wp","href":"https:\/\/api.w.org\/{rel}","templated":true}]}}