{"id":1360,"date":"2020-02-21T05:39:08","date_gmt":"2020-02-21T04:39:08","guid":{"rendered":"http:\/\/pascalaussi.fr\/?page_id=1360"},"modified":"2025-11-27T18:05:23","modified_gmt":"2025-11-27T17:05:23","slug":"encore-heureux","status":"publish","type":"page","link":"https:\/\/pascalaussi.fr\/index.php\/encore-heureux\/","title":{"rendered":"Encore heureux"},"content":{"rendered":"\n<figure class=\"wp-block-audio\"><audio controls src=\"https:\/\/pascalaussi.fr\/wp-content\/uploads\/2025\/11\/Encore-heureux-2.mp3\"><\/audio><\/figure>\n\n\n\n<p class=\"has-text-align-center\">Ils avaient entre vingt et trente ans<br>Nous changeaient la vie rien qu\u2019en chantant<br>J\u2019en ai revu un \u00e0 la t\u00e9l\u00e9, y a pas longtemps<br>D\u00e9cati, mais quelle id\u00e9e de vieillir autant&nbsp;!<\/p>\n\n\n\n<p class=\"has-text-align-center\">Les semaines, les mois, les ann\u00e9es<br>\u00c7a n\u2019en finit jamais de tourner<br>Est-ce le m\u00eame man\u00e8ge que quand on \u00e9tait petit<br>L\u2019envie me reprendra-t-elle un de ces quatre jeudis<br>O\u00f9 s\u2019en est all\u00e9 mon c\u0153ur battant<br>D\u00e9cati, quelle id\u00e9e de vieillir autant&nbsp;!<\/p>\n\n\n\n<p class=\"has-text-align-center\">Cr\u00e9puscule, contre-jour, \u00e0 peine si l\u2019on se voit<br>Clef du bonheur oubli\u00e9e dans un habit d\u2019autrefois<br>Air de f\u00eate qui lancine, et pourtant<br>Si on pr\u00eate oreille \u00e0 ce qu\u2019il fait<br>Le pianiste n\u2019est pas si mauvais<br>Et j\u2019ai cru voir dans le fond un couple d\u2019amoureux<br>Encore heureux !<br>Content !<\/p>\n\n\n<div class=\"wp-block-image\">\n<figure class=\"aligncenter size-large is-resized\"><img decoding=\"async\" loading=\"lazy\" src=\"https:\/\/pascalaussi.fr\/wp-content\/uploads\/2016\/11\/images-1.png\" alt=\"\" class=\"wp-image-553\" width=\"80\" height=\"85\"\/><\/figure><\/div>\n\n\n<p class=\"has-text-align-center\"><em>Paroles : Pascal AUSSI<\/em><br><em>Musique : Olivier DELGUTTE<\/em><\/p>\n","protected":false},"excerpt":{"rendered":"<p>Ils avaient entre vingt et trente ansNous changeaient la vie rien qu\u2019en chantantJ\u2019en ai revu un \u00e0 la t\u00e9l\u00e9, y a pas longtempsD\u00e9cati, mais quelle id\u00e9e de vieillir autant&nbsp;! Les semaines, les mois, les ann\u00e9es\u00c7a n\u2019en finit jamais de tournerEst-ce le m\u00eame man\u00e8ge que quand on \u00e9tait petitL\u2019envie me reprendra-t-elle un de ces quatre jeudisO\u00f9 &hellip; <a href=\"https:\/\/pascalaussi.fr\/index.php\/encore-heureux\/\" class=\"more-link\">Continuer la lecture de <span class=\"screen-reader-text\">Encore heureux<\/span><\/a><\/p>\n","protected":false},"author":2,"featured_media":0,"parent":0,"menu_order":0,"comment_status":"closed","ping_status":"closed","template":"","meta":[],"_links":{"self":[{"href":"https:\/\/pascalaussi.fr\/index.php\/wp-json\/wp\/v2\/pages\/1360"}],"collection":[{"href":"https:\/\/pascalaussi.fr\/index.php\/wp-json\/wp\/v2\/pages"}],"about":[{"href":"https:\/\/pascalaussi.fr\/index.php\/wp-json\/wp\/v2\/types\/page"}],"author":[{"embeddable":true,"href":"https:\/\/pascalaussi.fr\/index.php\/wp-json\/wp\/v2\/users\/2"}],"replies":[{"embeddable":true,"href":"https:\/\/pascalaussi.fr\/index.php\/wp-json\/wp\/v2\/comments?post=1360"}],"version-history":[{"count":8,"href":"https:\/\/pascalaussi.fr\/index.php\/wp-json\/wp\/v2\/pages\/1360\/revisions"}],"predecessor-version":[{"id":4543,"href":"https:\/\/pascalaussi.fr\/index.php\/wp-json\/wp\/v2\/pages\/1360\/revisions\/4543"}],"wp:attachment":[{"href":"https:\/\/pascalaussi.fr\/index.php\/wp-json\/wp\/v2\/media?parent=1360"}],"curies":[{"name":"wp","href":"https:\/\/api.w.org\/{rel}","templated":true}]}}