{"id":1362,"date":"2020-02-21T05:44:28","date_gmt":"2020-02-21T04:44:28","guid":{"rendered":"http:\/\/pascalaussi.fr\/?page_id=1362"},"modified":"2023-06-22T15:44:06","modified_gmt":"2023-06-22T13:44:06","slug":"ecchymose-nom-commun","status":"publish","type":"page","link":"https:\/\/pascalaussi.fr\/index.php\/ecchymose-nom-commun\/","title":{"rendered":"Ecchymose : nom commun"},"content":{"rendered":"\n<p>&nbsp;&nbsp;&nbsp;&nbsp; Il arrivait \u00e0 pied, son \u00e9tui de guitare \u00e0 la main. Pourquoi \u00e9tait-ce \u00e0 elle qu\u2019il s\u2019\u00e9tait adress\u00e9&nbsp;? Elle lui avait indiqu\u00e9 le chemin du Centre Culturel\u2026 non, pas tr\u00e8s loin\u2026 il \u00e9tait en avance\u2026 il lui avait parl\u00e9 un moment de son spectacle, du disque qu\u2019il portait, elle avait pens\u00e9\u2026 <em>comme on attend un enfant<\/em>. Mais quand il avait \u00e9voqu\u00e9 ses yeux, il y avait eu un silence\u2026 Avait-il remarqu\u00e9 quelque chose\u2026 ?<\/p>\n\n\n\n<p>&nbsp;&nbsp;&nbsp;&nbsp;&nbsp;&nbsp;&nbsp; ECCHYMOSE\u2026 ECCHYMOSES\u2026 <br>LA VIE EN BLEUS\u2026 LA VIE EN ROSE\u2026<\/p>\n\n\n\n<p>&nbsp;&nbsp;&nbsp;&nbsp; Elle ne sait plus combien de cordes il avait dit, les six de sa guitare, quatre au violoncelle, et pour une fois toutes celles d\u2019un vrai piano. Elle avait dit qu\u2019elle essaierait de venir \u2026 m\u00eame si elle savait \u2026<\/p>\n\n\n\n<p>&nbsp;&nbsp;&nbsp;&nbsp; Et toutes ces ann\u00e9es, elle avait regard\u00e9, quand elle pouvait, sur l\u2019ordinateur. Des concerts, quelquefois pas trop loin. Mais pas d\u2019album. Une amie lui avait expliqu\u00e9 comment effacer ses recherches\u2026 <em>supprimer l\u2019historique<\/em>\u2026<\/p>\n\n\n\n<p>&nbsp;&nbsp; Effacer\u2026<\/p>\n\n\n\n<p class=\"has-text-align-center\">&nbsp;&nbsp;&nbsp;&nbsp;&nbsp;&nbsp;&nbsp; ECCHYMOSE\u2026 ECCHYMOSES\u2026 <br>LA VIE EN BLEUS\u2026 LA VIE EN ROSE\u2026<\/p>\n\n\n<div class=\"wp-block-image\">\n<figure class=\"aligncenter is-resized\"><img decoding=\"async\" loading=\"lazy\" src=\"https:\/\/pascalaussi.fr\/wp-content\/uploads\/2016\/11\/images-1.png\" alt=\"images\" class=\"wp-image-553\" width=\"86\" height=\"92\"\/><\/figure><\/div>\n\n\n<p class=\"has-text-align-center\"><em>Paroles : Pascal Aussi<br>Musique : Patrick Leroux<\/em><\/p>\n\n\n\n<figure class=\"wp-block-audio\"><audio controls src=\"https:\/\/pascalaussi.fr\/wp-content\/uploads\/2023\/06\/Ecchymose-_-nom-commun.mp3\"><\/audio><\/figure>\n\n\n\n<p class=\"has-text-align-center\">maquette de travail<br>voix : C\u00e9line Poli<\/p>\n","protected":false},"excerpt":{"rendered":"<p>&nbsp;&nbsp;&nbsp;&nbsp; Il arrivait \u00e0 pied, son \u00e9tui de guitare \u00e0 la main. Pourquoi \u00e9tait-ce \u00e0 elle qu\u2019il s\u2019\u00e9tait adress\u00e9&nbsp;? Elle lui avait indiqu\u00e9 le chemin du Centre Culturel\u2026 non, pas tr\u00e8s loin\u2026 il \u00e9tait en avance\u2026 il lui avait parl\u00e9 un moment de son spectacle, du disque qu\u2019il portait, elle avait pens\u00e9\u2026 comme on attend &hellip; <a href=\"https:\/\/pascalaussi.fr\/index.php\/ecchymose-nom-commun\/\" class=\"more-link\">Continuer la lecture de <span class=\"screen-reader-text\">Ecchymose : nom commun<\/span><\/a><\/p>\n","protected":false},"author":2,"featured_media":0,"parent":0,"menu_order":0,"comment_status":"closed","ping_status":"closed","template":"","meta":[],"_links":{"self":[{"href":"https:\/\/pascalaussi.fr\/index.php\/wp-json\/wp\/v2\/pages\/1362"}],"collection":[{"href":"https:\/\/pascalaussi.fr\/index.php\/wp-json\/wp\/v2\/pages"}],"about":[{"href":"https:\/\/pascalaussi.fr\/index.php\/wp-json\/wp\/v2\/types\/page"}],"author":[{"embeddable":true,"href":"https:\/\/pascalaussi.fr\/index.php\/wp-json\/wp\/v2\/users\/2"}],"replies":[{"embeddable":true,"href":"https:\/\/pascalaussi.fr\/index.php\/wp-json\/wp\/v2\/comments?post=1362"}],"version-history":[{"count":11,"href":"https:\/\/pascalaussi.fr\/index.php\/wp-json\/wp\/v2\/pages\/1362\/revisions"}],"predecessor-version":[{"id":2889,"href":"https:\/\/pascalaussi.fr\/index.php\/wp-json\/wp\/v2\/pages\/1362\/revisions\/2889"}],"wp:attachment":[{"href":"https:\/\/pascalaussi.fr\/index.php\/wp-json\/wp\/v2\/media?parent=1362"}],"curies":[{"name":"wp","href":"https:\/\/api.w.org\/{rel}","templated":true}]}}