{"id":1368,"date":"2020-02-21T05:57:14","date_gmt":"2020-02-21T04:57:14","guid":{"rendered":"http:\/\/pascalaussi.fr\/?page_id=1368"},"modified":"2023-06-18T18:37:17","modified_gmt":"2023-06-18T16:37:17","slug":"du-ble","status":"publish","type":"page","link":"https:\/\/pascalaussi.fr\/index.php\/du-ble\/","title":{"rendered":"Du bl\u00e9"},"content":{"rendered":"\n<p class=\"has-text-align-center\">Place plus ou moins heureuse<br>Dont on h\u00e9rite en naissant<br>Puis le sillon qu\u2019on se creuse<br>Pas \u00e0 pas au fil des ans<\/p>\n\n\n\n<p class=\"has-text-align-center\">C\u2019e\u00fbt \u00e9t\u00e9 tout aussi dr\u00f4le<br>Et sans doute plus malin<br>Mais je n\u2019ai tenu de r\u00f4le<br>Ni au four ni au moulin<\/p>\n\n\n\n<p class=\"has-text-align-center\">Ni au champ ni \u00e0 l\u2019\u00e9table<br>Le cheptel et la moisson<br>Je les sais depuis la table<br>O\u00f9 j\u2019usine mes chansons<\/p>\n\n\n\n<p class=\"has-text-align-center\"><br><em>Je ne vends pas le pain mais la levure&nbsp;<\/em>*<br>Pas de porte<br>Pas de boutique \u00e0 tenir<br>Et quant \u00e0 ce que les jours pass\u00e9s furent<br>Peu importe<br>Seul nous compte l\u2019avenir<br><br><br>Tout ce bl\u00e9 qu\u2019on dilapide<br>Quand tant de gens sont fauch\u00e9s<br>Silos gorg\u00e9s, poches vides<br>Des glaneurs sur le march\u00e9<\/p>\n\n\n\n<p class=\"has-text-align-center\">Faut de tout pour faire un monde<br>Des nantis et des perdants<br>Des fortunes, des dents longues<br>Des famines, des sans-dents<\/p>\n\n\n\n<p class=\"has-text-align-center\">\u00c0 moins &#8211; est-ce une b\u00eatise<br>Que de vouloir y songer&nbsp;?<br>Comme il en est qui le disent<br>On se mette \u00e0 partager<\/p>\n\n\n\n<p class=\"has-text-align-center\"><br><em>Je ne vends pas le pain mais la levure<\/em>&nbsp;*<br>Pas de porte<br>Pas de boutique \u00e0 tenir<br>Et quant \u00e0 ce que les jours pass\u00e9s furent<br>Peu importe<br>Seul nous compte l\u2019avenir<\/p>\n\n\n\n<p class=\"has-text-align-center\">Avec tous ceux qui ont h\u00e2te<br>Plut\u00f4t qu\u2019un simple t\u00e9moin<br>Mettre la main \u00e0 la p\u00e2te<br>Y a besoin<br>On est combien, je suis s\u00fbr<br>\u00c0 se dire<br>Qu\u2019on devrait apprendre \u00e0 p\u00e9trir<br><\/p>\n\n\n<div class=\"wp-block-image\">\n<figure class=\"aligncenter size-large is-resized\"><img decoding=\"async\" loading=\"lazy\" src=\"https:\/\/pascalaussi.fr\/wp-content\/uploads\/2016\/11\/images-1.png\" alt=\"\" class=\"wp-image-553\" width=\"80\" height=\"85\"\/><\/figure><\/div>\n\n\n<p class=\"has-text-align-center\"><em>Paroles et musique : Pascal AUSSI<\/em><br>(* <em>La phrase<\/em> <em>est de Miguel de Unamuno<\/em>)<\/p>\n","protected":false},"excerpt":{"rendered":"<p>Place plus ou moins heureuseDont on h\u00e9rite en naissantPuis le sillon qu\u2019on se creusePas \u00e0 pas au fil des ans C\u2019e\u00fbt \u00e9t\u00e9 tout aussi dr\u00f4leEt sans doute plus malinMais je n\u2019ai tenu de r\u00f4leNi au four ni au moulin Ni au champ ni \u00e0 l\u2019\u00e9tableLe cheptel et la moissonJe les sais depuis la tableO\u00f9 j\u2019usine &hellip; <a href=\"https:\/\/pascalaussi.fr\/index.php\/du-ble\/\" class=\"more-link\">Continuer la lecture de <span class=\"screen-reader-text\">Du bl\u00e9<\/span><\/a><\/p>\n","protected":false},"author":2,"featured_media":0,"parent":0,"menu_order":0,"comment_status":"closed","ping_status":"closed","template":"","meta":[],"_links":{"self":[{"href":"https:\/\/pascalaussi.fr\/index.php\/wp-json\/wp\/v2\/pages\/1368"}],"collection":[{"href":"https:\/\/pascalaussi.fr\/index.php\/wp-json\/wp\/v2\/pages"}],"about":[{"href":"https:\/\/pascalaussi.fr\/index.php\/wp-json\/wp\/v2\/types\/page"}],"author":[{"embeddable":true,"href":"https:\/\/pascalaussi.fr\/index.php\/wp-json\/wp\/v2\/users\/2"}],"replies":[{"embeddable":true,"href":"https:\/\/pascalaussi.fr\/index.php\/wp-json\/wp\/v2\/comments?post=1368"}],"version-history":[{"count":17,"href":"https:\/\/pascalaussi.fr\/index.php\/wp-json\/wp\/v2\/pages\/1368\/revisions"}],"predecessor-version":[{"id":2609,"href":"https:\/\/pascalaussi.fr\/index.php\/wp-json\/wp\/v2\/pages\/1368\/revisions\/2609"}],"wp:attachment":[{"href":"https:\/\/pascalaussi.fr\/index.php\/wp-json\/wp\/v2\/media?parent=1368"}],"curies":[{"name":"wp","href":"https:\/\/api.w.org\/{rel}","templated":true}]}}