{"id":1671,"date":"2020-02-25T08:44:44","date_gmt":"2020-02-25T07:44:44","guid":{"rendered":"http:\/\/pascalaussi.fr\/?page_id=1671"},"modified":"2023-07-31T12:42:29","modified_gmt":"2023-07-31T10:42:29","slug":"les-maux-quon-cause","status":"publish","type":"page","link":"https:\/\/pascalaussi.fr\/index.php\/les-maux-quon-cause\/","title":{"rendered":"Les maux qu&rsquo;on cause"},"content":{"rendered":"\n<p>Les mots qu\u2019on dit, les maux qu\u2019on cause<br>Tout doux, presque sans faire expr\u00e8s<br>La m\u00e9disance \u00e0 peine \u00e9close<br>Que d\u00e9j\u00e0 ce plaisir secret<\/p>\n\n\n\n<p>Les mots qu\u2019on dit, les maux qu\u2019on cause<br>Celui-l\u00e0 est sorti d\u2019un trait<br>Toc\u00a0! Un coup d\u2019\u00e9pingle qu\u2019on ose<br>Mais gare \u00e0 l\u2019affection apr\u00e8s<br><\/p>\n\n\n\n<p>Les mots qu\u2019on dit, les maux qu\u2019on cause<br>Amis, ennemis, toujours pr\u00eats<br>C\u2019est qu\u2019il ne nous faut pas grand chose<br>Pour d\u00e9moucheter nos fleurets<\/p>\n\n\n\n<p>Les mots qu\u2019on dit, les maux qu\u2019on cause<br>Monnaie de sa pi\u00e8ce, int\u00e9r\u00eats\u00a0!<br>Direct\u00a0! En plein c\u0153ur\u00a0! Et la dose\u00a0!<br>C\u2019\u00e9tait facile d\u2019aussi pr\u00e8s<br><\/p>\n\n\n\n<p>Les mots qu\u2019on dit, les maux qu\u2019on cause<br>On ne peut \u00eatre plus discret<br>Pas de t\u00e9moin, pas d\u2019ecchymose<br>Pas de violence, on jurerait<br><\/p>\n\n\n\n<p>Les mots qu\u2019on dit, les maux qu\u2019on cause<br>L\u2019exemple vient d\u2019en haut, c\u2019est vrai<br>Comme on nous traite et qu\u2019on nous cause&nbsp;!<\/p>\n\n\n\n<p>\u00c0 ceux qui nous offenseraient<br>Il para\u00eet que nous pardonnons<br>\u00c0 voir, en tout cas, j\u2019ai les noms<\/p>\n\n\n<div class=\"wp-block-image\">\n<figure class=\"aligncenter size-large is-resized\"><img decoding=\"async\" loading=\"lazy\" src=\"https:\/\/pascalaussi.fr\/wp-content\/uploads\/2016\/11\/images-1.png\" alt=\"\" class=\"wp-image-553\" width=\"79\" height=\"84\"\/><\/figure><\/div>\n\n\n<p class=\"has-text-align-center\"><em>Paroles et musique : Pascal AUSSI<\/em><\/p>\n","protected":false},"excerpt":{"rendered":"<p>Les mots qu\u2019on dit, les maux qu\u2019on causeTout doux, presque sans faire expr\u00e8sLa m\u00e9disance \u00e0 peine \u00e9closeQue d\u00e9j\u00e0 ce plaisir secret Les mots qu\u2019on dit, les maux qu\u2019on causeCelui-l\u00e0 est sorti d\u2019un traitToc\u00a0! Un coup d\u2019\u00e9pingle qu\u2019on oseMais gare \u00e0 l\u2019affection apr\u00e8s Les mots qu\u2019on dit, les maux qu\u2019on causeAmis, ennemis, toujours pr\u00eatsC\u2019est qu\u2019il ne &hellip; <a href=\"https:\/\/pascalaussi.fr\/index.php\/les-maux-quon-cause\/\" class=\"more-link\">Continuer la lecture de <span class=\"screen-reader-text\">Les maux qu&rsquo;on cause<\/span><\/a><\/p>\n","protected":false},"author":2,"featured_media":0,"parent":0,"menu_order":0,"comment_status":"closed","ping_status":"closed","template":"","meta":[],"_links":{"self":[{"href":"https:\/\/pascalaussi.fr\/index.php\/wp-json\/wp\/v2\/pages\/1671"}],"collection":[{"href":"https:\/\/pascalaussi.fr\/index.php\/wp-json\/wp\/v2\/pages"}],"about":[{"href":"https:\/\/pascalaussi.fr\/index.php\/wp-json\/wp\/v2\/types\/page"}],"author":[{"embeddable":true,"href":"https:\/\/pascalaussi.fr\/index.php\/wp-json\/wp\/v2\/users\/2"}],"replies":[{"embeddable":true,"href":"https:\/\/pascalaussi.fr\/index.php\/wp-json\/wp\/v2\/comments?post=1671"}],"version-history":[{"count":3,"href":"https:\/\/pascalaussi.fr\/index.php\/wp-json\/wp\/v2\/pages\/1671\/revisions"}],"predecessor-version":[{"id":3097,"href":"https:\/\/pascalaussi.fr\/index.php\/wp-json\/wp\/v2\/pages\/1671\/revisions\/3097"}],"wp:attachment":[{"href":"https:\/\/pascalaussi.fr\/index.php\/wp-json\/wp\/v2\/media?parent=1671"}],"curies":[{"name":"wp","href":"https:\/\/api.w.org\/{rel}","templated":true}]}}