{"id":1679,"date":"2020-02-25T09:12:59","date_gmt":"2020-02-25T08:12:59","guid":{"rendered":"http:\/\/pascalaussi.fr\/?page_id=1679"},"modified":"2022-08-27T11:32:43","modified_gmt":"2022-08-27T09:32:43","slug":"que-du-feu","status":"publish","type":"page","link":"https:\/\/pascalaussi.fr\/index.php\/que-du-feu\/","title":{"rendered":"Que du feu"},"content":{"rendered":"\n<p class=\"has-text-align-center\"><em>J\u2019aurais jamais d\u00fb \u00e9pouser une grand-m\u00e8re<br>Faut dire, elle a su cacher son jeu<br>Tout ce long chemin, si je regarde en arri\u00e8re<br>Au fond je n\u2019y ai vu que du feu<\/em><\/p>\n\n\n\n<p class=\"has-text-align-center\">\u00c9tincelle du d\u00e9but<br>Dr\u00f4les de p\u00e9rip\u00e9ties<br>Si tu n\u2019avais un peu bu<br>M\u2019aurais-tu choisi&nbsp;?<\/p>\n\n\n\n<p class=\"has-text-align-center\">La naissance des enfants<br>Nouvelle b\u00fbche au foyer<br>Petit dernier, chaud devant<br>Comment oublier\u00a0!<\/p>\n\n\n\n<p class=\"has-text-align-left\"><em>Soixante ans pass\u00e9s, nous dit l\u2019organisateur<br>Selon ta peau lisse, beaucoup moins<br>Au carnet d\u2019adresse, entr\u00e9e de quelques docteurs<br>\u00c0 pr\u00e9sent, l\u2019avenir, c\u2019est moins loin<\/em><\/p>\n\n\n\n<p class=\"has-text-align-center\">Charbon du gril au jardin<br>Bois du po\u00eale, qui rougeoie<br>Des br\u00fblures, c\u2019est certain<br>Et des feux de joie<\/p>\n\n\n\n<p class=\"has-text-align-center\">La braise que je me sens<br>De dire et de te porter<br>Jusqu\u2019aux cendres du couchant<br>Chaleur et clart\u00e9<\/p>\n\n\n\n<p class=\"has-text-align-right\">Si la lumi\u00e8re a chang\u00e9<br>L\u2019heure au cadran, que m\u2019importe<br>Toujours je viendrai chercher<br>Midi \u00e0 ta porte<\/p>\n\n\n\n<p class=\"has-text-align-center\"><em>J\u2019aurais jamais d\u00fb \u00e9pouser une grand-m\u00e8re<br>Faut dire, elle a su cacher son jeu<br>Tout ce long chemin, si je regarde en arri\u00e8re<br>Au fond je n\u2019y ai vu que du feu<\/em><\/p>\n\n\n\n<div class=\"wp-block-image\"><figure class=\"aligncenter size-large is-resized\"><img decoding=\"async\" loading=\"lazy\" src=\"https:\/\/pascalaussi.fr\/wp-content\/uploads\/2016\/11\/images-1.png\" alt=\"\" class=\"wp-image-553\" width=\"79\" height=\"84\"\/><\/figure><\/div>\n\n\n\n<p class=\"has-text-align-center\"><em>Paroles : Pascal AUSSI<\/em><\/p>\n","protected":false},"excerpt":{"rendered":"<p>J\u2019aurais jamais d\u00fb \u00e9pouser une grand-m\u00e8reFaut dire, elle a su cacher son jeuTout ce long chemin, si je regarde en arri\u00e8reAu fond je n\u2019y ai vu que du feu \u00c9tincelle du d\u00e9butDr\u00f4les de p\u00e9rip\u00e9tiesSi tu n\u2019avais un peu buM\u2019aurais-tu choisi&nbsp;? La naissance des enfantsNouvelle b\u00fbche au foyerPetit dernier, chaud devantComment oublier\u00a0! Soixante ans pass\u00e9s, nous &hellip; <a href=\"https:\/\/pascalaussi.fr\/index.php\/que-du-feu\/\" class=\"more-link\">Continuer la lecture de <span class=\"screen-reader-text\">Que du feu<\/span><\/a><\/p>\n","protected":false},"author":2,"featured_media":0,"parent":0,"menu_order":0,"comment_status":"closed","ping_status":"closed","template":"","meta":[],"_links":{"self":[{"href":"https:\/\/pascalaussi.fr\/index.php\/wp-json\/wp\/v2\/pages\/1679"}],"collection":[{"href":"https:\/\/pascalaussi.fr\/index.php\/wp-json\/wp\/v2\/pages"}],"about":[{"href":"https:\/\/pascalaussi.fr\/index.php\/wp-json\/wp\/v2\/types\/page"}],"author":[{"embeddable":true,"href":"https:\/\/pascalaussi.fr\/index.php\/wp-json\/wp\/v2\/users\/2"}],"replies":[{"embeddable":true,"href":"https:\/\/pascalaussi.fr\/index.php\/wp-json\/wp\/v2\/comments?post=1679"}],"version-history":[{"count":3,"href":"https:\/\/pascalaussi.fr\/index.php\/wp-json\/wp\/v2\/pages\/1679\/revisions"}],"predecessor-version":[{"id":2392,"href":"https:\/\/pascalaussi.fr\/index.php\/wp-json\/wp\/v2\/pages\/1679\/revisions\/2392"}],"wp:attachment":[{"href":"https:\/\/pascalaussi.fr\/index.php\/wp-json\/wp\/v2\/media?parent=1679"}],"curies":[{"name":"wp","href":"https:\/\/api.w.org\/{rel}","templated":true}]}}