{"id":1932,"date":"2020-08-06T16:08:22","date_gmt":"2020-08-06T14:08:22","guid":{"rendered":"http:\/\/pascalaussi.fr\/?page_id=1932"},"modified":"2026-01-15T23:33:44","modified_gmt":"2026-01-15T22:33:44","slug":"demandez-lhumanite","status":"publish","type":"page","link":"https:\/\/pascalaussi.fr\/index.php\/demandez-lhumanite\/","title":{"rendered":"Demandez l&rsquo;Humanit\u00e9 !"},"content":{"rendered":"\n<p>J&rsquo;avais id\u00e9e d&rsquo;un livre o\u00f9 il serait question des autres. La moindre des choses \u00e9tait donc que je n&rsquo;y sois pas seul \u00e0 l&rsquo;ouvrage. C&rsquo;est Gildas Bitout, photographe, qui s&rsquo;est charg\u00e9 de l&rsquo;habillage des pages et Jean-Marc Lesieur, com\u00e9dien, est venu incarner l&rsquo;humanit\u00e9 dont nous parlions.<\/p>\n\n\n\n<figure class=\"wp-block-image size-large\"><img decoding=\"async\" loading=\"lazy\" width=\"700\" height=\"525\" src=\"https:\/\/pascalaussi.fr\/wp-content\/uploads\/2020\/08\/IMG_20200717_083758-700x525.jpg\" alt=\"\" class=\"wp-image-1950\" srcset=\"https:\/\/pascalaussi.fr\/wp-content\/uploads\/2020\/08\/IMG_20200717_083758-700x525.jpg 700w, https:\/\/pascalaussi.fr\/wp-content\/uploads\/2020\/08\/IMG_20200717_083758-300x225.jpg 300w, https:\/\/pascalaussi.fr\/wp-content\/uploads\/2020\/08\/IMG_20200717_083758-768x576.jpg 768w, https:\/\/pascalaussi.fr\/wp-content\/uploads\/2020\/08\/IMG_20200717_083758-1536x1152.jpg 1536w, https:\/\/pascalaussi.fr\/wp-content\/uploads\/2020\/08\/IMG_20200717_083758-2048x1536.jpg 2048w\" sizes=\"(max-width: 700px) 100vw, 700px\" \/><\/figure>\n\n\n\n<p>Je ne vous dis pas le plaisir que nous avons eu \u00e0 d\u00e9couvrir, <br>exp\u00e9rimenter, approfondir ce lien entre l&rsquo;\u00e9crit et le graphique.<\/p>\n\n\n\n<figure class=\"wp-block-image size-large\"><img decoding=\"async\" loading=\"lazy\" width=\"700\" height=\"525\" src=\"https:\/\/pascalaussi.fr\/wp-content\/uploads\/2020\/08\/IMG_20200717_083123-700x525.jpg\" alt=\"\" class=\"wp-image-1949\" srcset=\"https:\/\/pascalaussi.fr\/wp-content\/uploads\/2020\/08\/IMG_20200717_083123-700x525.jpg 700w, https:\/\/pascalaussi.fr\/wp-content\/uploads\/2020\/08\/IMG_20200717_083123-300x225.jpg 300w, https:\/\/pascalaussi.fr\/wp-content\/uploads\/2020\/08\/IMG_20200717_083123-768x576.jpg 768w, https:\/\/pascalaussi.fr\/wp-content\/uploads\/2020\/08\/IMG_20200717_083123-1536x1152.jpg 1536w, https:\/\/pascalaussi.fr\/wp-content\/uploads\/2020\/08\/IMG_20200717_083123-2048x1536.jpg 2048w\" sizes=\"(max-width: 700px) 100vw, 700px\" \/><\/figure>\n\n\n\n<p>Je m\u2019\u00e9tais, dans les ouvrages pr\u00e9c\u00e9dents, beaucoup attach\u00e9 aux \u00e9tats d\u2019\u00e2me, j\u2019avais envie d\u2019\u00e9largir ma vision, \u00e9voquer l\u2019\u00e9tat d\u2019homme. Vous savez, l\u2019humanit\u00e9, \u00e0 la fois cette longue histoire collective et ce petit quelque chose en chacun de nous !<\/p>\n\n\n\n<figure class=\"wp-block-image size-large\"><img decoding=\"async\" loading=\"lazy\" width=\"700\" height=\"525\" src=\"https:\/\/pascalaussi.fr\/wp-content\/uploads\/2020\/08\/IMG_20200717_082017-700x525.jpg\" alt=\"\" class=\"wp-image-1964\" srcset=\"https:\/\/pascalaussi.fr\/wp-content\/uploads\/2020\/08\/IMG_20200717_082017-700x525.jpg 700w, https:\/\/pascalaussi.fr\/wp-content\/uploads\/2020\/08\/IMG_20200717_082017-300x225.jpg 300w, https:\/\/pascalaussi.fr\/wp-content\/uploads\/2020\/08\/IMG_20200717_082017-768x576.jpg 768w, https:\/\/pascalaussi.fr\/wp-content\/uploads\/2020\/08\/IMG_20200717_082017-1536x1152.jpg 1536w, https:\/\/pascalaussi.fr\/wp-content\/uploads\/2020\/08\/IMG_20200717_082017-2048x1536.jpg 2048w\" sizes=\"(max-width: 700px) 100vw, 700px\" \/><\/figure>\n\n\n\n<p>Que font des paroles de chanson dans un livre ? Y sont-elles encore vivantes ou finissent-elles en papillons \u00e9pingl\u00e9s ? Et bien, de m\u00eame que la musique se pla\u00eet de leur inventer un chemin, l\u00e0 c\u2019est l\u2019image qui leur fait un nid.<\/p>\n\n\n\n<figure class=\"wp-block-image size-large\"><img decoding=\"async\" loading=\"lazy\" width=\"700\" height=\"525\" src=\"https:\/\/pascalaussi.fr\/wp-content\/uploads\/2020\/08\/IMG_20200717_082508-700x525.jpg\" alt=\"\" class=\"wp-image-1947\" srcset=\"https:\/\/pascalaussi.fr\/wp-content\/uploads\/2020\/08\/IMG_20200717_082508-700x525.jpg 700w, https:\/\/pascalaussi.fr\/wp-content\/uploads\/2020\/08\/IMG_20200717_082508-300x225.jpg 300w, https:\/\/pascalaussi.fr\/wp-content\/uploads\/2020\/08\/IMG_20200717_082508-768x576.jpg 768w, https:\/\/pascalaussi.fr\/wp-content\/uploads\/2020\/08\/IMG_20200717_082508-1536x1152.jpg 1536w, https:\/\/pascalaussi.fr\/wp-content\/uploads\/2020\/08\/IMG_20200717_082508-2048x1536.jpg 2048w\" sizes=\"(max-width: 700px) 100vw, 700px\" \/><\/figure>\n\n\n\n<p>Dans un aller-retour entre le g\u00e9n\u00e9ral et le particulier, cet ouvrage rapporte ce que nos propres et un peu sales vies ont de si commun et de si singulier. <\/p>\n\n\n\n<figure class=\"wp-block-image size-large\"><img decoding=\"async\" loading=\"lazy\" width=\"700\" height=\"525\" src=\"https:\/\/pascalaussi.fr\/wp-content\/uploads\/2020\/08\/IMG_20200717_080503-700x525.jpg\" alt=\"\" class=\"wp-image-1943\" srcset=\"https:\/\/pascalaussi.fr\/wp-content\/uploads\/2020\/08\/IMG_20200717_080503-700x525.jpg 700w, https:\/\/pascalaussi.fr\/wp-content\/uploads\/2020\/08\/IMG_20200717_080503-300x225.jpg 300w, https:\/\/pascalaussi.fr\/wp-content\/uploads\/2020\/08\/IMG_20200717_080503-768x576.jpg 768w, https:\/\/pascalaussi.fr\/wp-content\/uploads\/2020\/08\/IMG_20200717_080503-1536x1152.jpg 1536w, https:\/\/pascalaussi.fr\/wp-content\/uploads\/2020\/08\/IMG_20200717_080503-2048x1536.jpg 2048w\" sizes=\"(max-width: 700px) 100vw, 700px\" \/><\/figure>\n\n\n\n<p class=\"has-text-align-center\">Titre sonore, \u00e9cho d&rsquo;hier&#8230; \u00ab\u00a0DEMANDEZ L&rsquo;HUMANIT\u00c9 !\u00a0\u00bb<\/p>\n\n\n<div class=\"wp-block-image\">\n<figure class=\"aligncenter size-large is-resized\"><img decoding=\"async\" loading=\"lazy\" src=\"https:\/\/pascalaussi.fr\/wp-content\/uploads\/2020\/08\/IMG_20200717_083158-700x525.jpg\" alt=\"\" class=\"wp-image-1969\" width=\"323\" height=\"243\" srcset=\"https:\/\/pascalaussi.fr\/wp-content\/uploads\/2020\/08\/IMG_20200717_083158-700x525.jpg 700w, https:\/\/pascalaussi.fr\/wp-content\/uploads\/2020\/08\/IMG_20200717_083158-300x225.jpg 300w, https:\/\/pascalaussi.fr\/wp-content\/uploads\/2020\/08\/IMG_20200717_083158-768x576.jpg 768w, https:\/\/pascalaussi.fr\/wp-content\/uploads\/2020\/08\/IMG_20200717_083158-1536x1152.jpg 1536w, https:\/\/pascalaussi.fr\/wp-content\/uploads\/2020\/08\/IMG_20200717_083158-2048x1536.jpg 2048w\" sizes=\"(max-width: 323px) 100vw, 323px\" \/><\/figure><\/div>\n\n\n<p class=\"has-text-align-center\">Photos prises chez Clo\u00eetre le 17 juillet 2020 <br>lors de l&rsquo;impression de l&rsquo;ouvrage.<\/p>\n\n\n\n<p><\/p>\n","protected":false},"excerpt":{"rendered":"<p>J&rsquo;avais id\u00e9e d&rsquo;un livre o\u00f9 il serait question des autres. La moindre des choses \u00e9tait donc que je n&rsquo;y sois pas seul \u00e0 l&rsquo;ouvrage. C&rsquo;est Gildas Bitout, photographe, qui s&rsquo;est charg\u00e9 de l&rsquo;habillage des pages et Jean-Marc Lesieur, com\u00e9dien, est venu incarner l&rsquo;humanit\u00e9 dont nous parlions. Je ne vous dis pas le plaisir que nous &hellip; <a href=\"https:\/\/pascalaussi.fr\/index.php\/demandez-lhumanite\/\" class=\"more-link\">Continuer la lecture de <span class=\"screen-reader-text\">Demandez l&rsquo;Humanit\u00e9 !<\/span><\/a><\/p>\n","protected":false},"author":2,"featured_media":0,"parent":0,"menu_order":0,"comment_status":"closed","ping_status":"closed","template":"","meta":[],"_links":{"self":[{"href":"https:\/\/pascalaussi.fr\/index.php\/wp-json\/wp\/v2\/pages\/1932"}],"collection":[{"href":"https:\/\/pascalaussi.fr\/index.php\/wp-json\/wp\/v2\/pages"}],"about":[{"href":"https:\/\/pascalaussi.fr\/index.php\/wp-json\/wp\/v2\/types\/page"}],"author":[{"embeddable":true,"href":"https:\/\/pascalaussi.fr\/index.php\/wp-json\/wp\/v2\/users\/2"}],"replies":[{"embeddable":true,"href":"https:\/\/pascalaussi.fr\/index.php\/wp-json\/wp\/v2\/comments?post=1932"}],"version-history":[{"count":86,"href":"https:\/\/pascalaussi.fr\/index.php\/wp-json\/wp\/v2\/pages\/1932\/revisions"}],"predecessor-version":[{"id":5072,"href":"https:\/\/pascalaussi.fr\/index.php\/wp-json\/wp\/v2\/pages\/1932\/revisions\/5072"}],"wp:attachment":[{"href":"https:\/\/pascalaussi.fr\/index.php\/wp-json\/wp\/v2\/media?parent=1932"}],"curies":[{"name":"wp","href":"https:\/\/api.w.org\/{rel}","templated":true}]}}