{"id":2030,"date":"2020-08-14T06:40:40","date_gmt":"2020-08-14T04:40:40","guid":{"rendered":"http:\/\/pascalaussi.fr\/?page_id=2030"},"modified":"2022-08-27T11:47:18","modified_gmt":"2022-08-27T09:47:18","slug":"saugrenu","status":"publish","type":"page","link":"https:\/\/pascalaussi.fr\/index.php\/saugrenu\/","title":{"rendered":"Saugrenu (Une heure au comptoir)"},"content":{"rendered":"\n<p>Un mec intelligent peut passer pour un imb\u00e9cile<br>Le contraire est plus difficile<\/p>\n\n\n\n<p>\u00c0 tous les m\u00e9tiers d&rsquo;art, faudrait obliger les  gamins<br>Des artistes, y en aurait moins<\/p>\n\n\n\n<p class=\"has-text-align-center\">Pas de philosophie mais comme un fond de v\u00e9rit\u00e9<br>Pas si saugrenue, mon id\u00e9e !<br><em>Une heure au comptoir<br>Suffit de s&rsquo;asseoir<br>On en apprend tous les soirs<\/em><\/p>\n\n\n\n<p>Suffrage universel : si on n&rsquo;est plus que 20%<br>Ils vont d\u00e9cider \u00ab\u00a0C&rsquo;est mieux sans\u00a0\u00bb !<br><br>Si la curiosit\u00e9 \u00e9tait un si vilain d\u00e9faut<br>Pourquoi s&rsquo;encombrer d&rsquo;un cerveau ?<\/p>\n\n\n\n<p class=\"has-text-align-center\">Pas de philosophie mais comme un fond de v\u00e9rit\u00e9<br>Pas si saugrenue, mon id\u00e9e !<br><em>Une heure au comptoir<br>C&rsquo;est tout un savoir<br>Magnifique et d\u00e9risoire<\/em><\/p>\n\n\n\n<p>\u00ab\u00a0Exp\u00e9rimentation Thermo-Nucl\u00e9o concluante !\u00a0\u00bb<br>Des gosses et leur boule puante !<\/p>\n\n\n\n<p>\u00c0 quoi bon tout cet arsenal, Ricains, Chinois et Russes<br>Alors qu&rsquo;il suffit d&rsquo;un virus<\/p>\n\n\n\n<p class=\"has-text-align-center\">Pas de philosophie mais comme un fond de v\u00e9rit\u00e9<br>Pas si saugrenue, mon id\u00e9e !<br><em>Une heure au comptoir<br>Je te prie de croire<br>Qu&rsquo;on en oublie nos d\u00e9boires<\/em><\/p>\n\n\n\n<p>Plus jeune, \u00e0 discuter, fallait pas me pousser beaucoup<br>Curieux comme on change de go\u00fbt<\/p>\n\n\n\n<p>La vie apr\u00e8s la mort, ma foi, j&rsquo;y pense pas souvent<br>Mais y a-t-il une vie avant ?<\/p>\n\n\n\n<p class=\"has-text-align-center\">Pas de philosophie mais comme un fond de v\u00e9rit\u00e9<br>Pas si saugrenue, mon id\u00e9e !<br><em>Pas si saugrenues, nos id\u00e9es !<\/em><\/p>\n\n\n\n<div class=\"wp-block-image\"><figure class=\"aligncenter is-resized\"><img decoding=\"async\" loading=\"lazy\" src=\"https:\/\/pascalaussi.fr\/wp-content\/uploads\/2016\/11\/images-1.png\" alt=\"images\" class=\"wp-image-553\" width=\"87\" height=\"92\"\/><\/figure><\/div>\n\n\n\n<p class=\"has-text-align-center\">Paroles : Pascal AUSSI<br>Musique : St\u00e9phane DAMBRY<\/p>\n","protected":false},"excerpt":{"rendered":"<p>Un mec intelligent peut passer pour un imb\u00e9cileLe contraire est plus difficile \u00c0 tous les m\u00e9tiers d&rsquo;art, faudrait obliger les gaminsDes artistes, y en aurait moins Pas de philosophie mais comme un fond de v\u00e9rit\u00e9Pas si saugrenue, mon id\u00e9e !Une heure au comptoirSuffit de s&rsquo;asseoirOn en apprend tous les soirs Suffrage universel : si on &hellip; <a href=\"https:\/\/pascalaussi.fr\/index.php\/saugrenu\/\" class=\"more-link\">Continuer la lecture de <span class=\"screen-reader-text\">Saugrenu (Une heure au comptoir)<\/span><\/a><\/p>\n","protected":false},"author":2,"featured_media":0,"parent":0,"menu_order":0,"comment_status":"closed","ping_status":"closed","template":"","meta":[],"_links":{"self":[{"href":"https:\/\/pascalaussi.fr\/index.php\/wp-json\/wp\/v2\/pages\/2030"}],"collection":[{"href":"https:\/\/pascalaussi.fr\/index.php\/wp-json\/wp\/v2\/pages"}],"about":[{"href":"https:\/\/pascalaussi.fr\/index.php\/wp-json\/wp\/v2\/types\/page"}],"author":[{"embeddable":true,"href":"https:\/\/pascalaussi.fr\/index.php\/wp-json\/wp\/v2\/users\/2"}],"replies":[{"embeddable":true,"href":"https:\/\/pascalaussi.fr\/index.php\/wp-json\/wp\/v2\/comments?post=2030"}],"version-history":[{"count":4,"href":"https:\/\/pascalaussi.fr\/index.php\/wp-json\/wp\/v2\/pages\/2030\/revisions"}],"predecessor-version":[{"id":2398,"href":"https:\/\/pascalaussi.fr\/index.php\/wp-json\/wp\/v2\/pages\/2030\/revisions\/2398"}],"wp:attachment":[{"href":"https:\/\/pascalaussi.fr\/index.php\/wp-json\/wp\/v2\/media?parent=2030"}],"curies":[{"name":"wp","href":"https:\/\/api.w.org\/{rel}","templated":true}]}}