{"id":23,"date":"2016-11-12T19:44:56","date_gmt":"2016-11-12T18:44:56","guid":{"rendered":"http:\/\/pascalaussi.fr\/?page_id=23"},"modified":"2026-02-16T09:59:14","modified_gmt":"2026-02-16T08:59:14","slug":"a-propos","status":"publish","type":"page","link":"https:\/\/pascalaussi.fr\/","title":{"rendered":"Accueil"},"content":{"rendered":"<p style=\"text-align: center;\"><span style=\"vertical-align: inherit;\"><span style=\"vertical-align: inherit;\"><span style=\"vertical-align: inherit;\"><span style=\"vertical-align: inherit;\">SONGEUR ! <br><\/span><\/span><\/span><span style=\"vertical-align: inherit;\"><span style=\"vertical-align: inherit;\"><span style=\"vertical-align: inherit;\">un penchant \u00e0 la r\u00eaverie<br>et le go\u00fbt de faire <\/span><\/span><\/span><\/span><span style=\"vertical-align: inherit;\"><span style=\"vertical-align: inherit;\"><span style=\"vertical-align: inherit;\"><span style=\"vertical-align: inherit;\">des chansons !<\/span><\/span><\/span><\/span><span style=\"vertical-align: inherit;\"><span style=\"vertical-align: inherit;\"><span style=\"vertical-align: inherit;\"><span style=\"vertical-align: inherit;\"><br><\/span><\/span><\/span><span style=\"vertical-align: inherit;\"><span style=\"vertical-align: inherit;\"><span style=\"vertical-align: inherit;\">Profession : song<\/span><\/span><span style=\"vertical-align: inherit;\"><span style=\"vertical-align: inherit;\">eur<\/span><\/span><span style=\"vertical-align: inherit;\"><span style=\"vertical-align: inherit;\"> !<\/span><\/span><\/span><\/span><\/p>\n\n<div class=\"wp-block-image\">\n<figure class=\"aligncenter is-resized\"><img decoding=\"async\" loading=\"lazy\" src=\"https:\/\/pascalaussi.fr\/wp-content\/uploads\/2023\/06\/0b8f3e58-509a-4f04-9a6f-f75a58f80702.jpg\" alt=\"\" class=\"wp-image-2813\" width=\"202\" height=\"269\" srcset=\"https:\/\/pascalaussi.fr\/wp-content\/uploads\/2023\/06\/0b8f3e58-509a-4f04-9a6f-f75a58f80702.jpg 768w, https:\/\/pascalaussi.fr\/wp-content\/uploads\/2023\/06\/0b8f3e58-509a-4f04-9a6f-f75a58f80702-225x300.jpg 225w, https:\/\/pascalaussi.fr\/wp-content\/uploads\/2023\/06\/0b8f3e58-509a-4f04-9a6f-f75a58f80702-700x933.jpg 700w\" sizes=\"(max-width: 202px) 100vw, 202px\" \/><\/figure><\/div>\n\n\n<p class=\"has-text-align-center\">pascal@pascalaussi.fr<br>06 82 40 56 17<\/p>\n\n\n\n<p style=\"font-size:17px\">Je suis n\u00e9 \u00e0 Paris l\u2019ann\u00e9e o\u00f9 paraissait le premier disque de Georges Brassens, qui plus est \u00e0 deux pas de l\u2019impasse Florimont.<br><br>Jeunesse, rive gauche encore, mais \u00e0 Rouen. Je me souviens de Denise Glaser, du \u00ab&nbsp;Palmar\u00e8s des Chansons&nbsp;\u00bb, et me revois <em>regardant<\/em> la radio chez mon oncle Roger, et ne saurais trop dire ce que j\u2019ai fait depuis, \u00e0 part quelques chansons.<br><br>Je vis \u00e0 pr\u00e9sent en Bretagne.<br><br>\u00c9crire est mon grand plaisir, je suis&nbsp;<em>\u00e9criveur<\/em>&nbsp;de chansons. Les paroles toujours, la musique souvent. Et pour rattraper ce temps solitaire, j\u2019aime me trouver des compagnons de jeu avec qui donner forme \u00e0 ce qu\u2019il faut bien montrer un jour.<\/p>\n\n\n<div class=\"wp-block-image\">\n<figure class=\"aligncenter\"><img decoding=\"async\" src=\"https:\/\/pascalaussi.fr\/wp-content\/uploads\/2020\/02\/Pascale%CC%81tui.jpg\" alt=\"\" class=\"wp-image-1394\"\/><\/figure><\/div>\n\n\n<p class=\"has-text-align-center\"><sup>photographie Gildas Bitout<\/sup><\/p>\n","protected":false},"excerpt":{"rendered":"<p>SONGEUR ! un penchant \u00e0 la r\u00eaverieet le go\u00fbt de faire des chansons !Profession : songeur ! pascal@pascalaussi.fr06 82 40 56 17 Je suis n\u00e9 \u00e0 Paris l\u2019ann\u00e9e o\u00f9 paraissait le premier disque de Georges Brassens, qui plus est \u00e0 deux pas de l\u2019impasse Florimont. Jeunesse, rive gauche encore, mais \u00e0 Rouen. Je me souviens &hellip; <a href=\"https:\/\/pascalaussi.fr\/\" class=\"more-link\">Continuer la lecture de <span class=\"screen-reader-text\">Accueil<\/span><\/a><\/p>\n","protected":false},"author":1,"featured_media":0,"parent":0,"menu_order":0,"comment_status":"closed","ping_status":"closed","template":"","meta":[],"_links":{"self":[{"href":"https:\/\/pascalaussi.fr\/index.php\/wp-json\/wp\/v2\/pages\/23"}],"collection":[{"href":"https:\/\/pascalaussi.fr\/index.php\/wp-json\/wp\/v2\/pages"}],"about":[{"href":"https:\/\/pascalaussi.fr\/index.php\/wp-json\/wp\/v2\/types\/page"}],"author":[{"embeddable":true,"href":"https:\/\/pascalaussi.fr\/index.php\/wp-json\/wp\/v2\/users\/1"}],"replies":[{"embeddable":true,"href":"https:\/\/pascalaussi.fr\/index.php\/wp-json\/wp\/v2\/comments?post=23"}],"version-history":[{"count":108,"href":"https:\/\/pascalaussi.fr\/index.php\/wp-json\/wp\/v2\/pages\/23\/revisions"}],"predecessor-version":[{"id":5119,"href":"https:\/\/pascalaussi.fr\/index.php\/wp-json\/wp\/v2\/pages\/23\/revisions\/5119"}],"wp:attachment":[{"href":"https:\/\/pascalaussi.fr\/index.php\/wp-json\/wp\/v2\/media?parent=23"}],"curies":[{"name":"wp","href":"https:\/\/api.w.org\/{rel}","templated":true}]}}