{"id":2339,"date":"2021-07-11T09:23:42","date_gmt":"2021-07-11T07:23:42","guid":{"rendered":"https:\/\/pascalaussi.fr\/?page_id=2339"},"modified":"2025-11-21T19:25:45","modified_gmt":"2025-11-21T18:25:45","slug":"villequier","status":"publish","type":"page","link":"https:\/\/pascalaussi.fr\/index.php\/villequier\/","title":{"rendered":"Villa \u00ab\u00a0Mille Roses\u00a0\u00bb"},"content":{"rendered":"\n<p class=\"has-text-align-center\"> <\/p>\n\n\n\n<figure class=\"wp-block-audio\"><audio controls src=\"https:\/\/pascalaussi.fr\/wp-content\/uploads\/2023\/09\/Villa-_Mille-Roses_-5-1.mp3\"><\/audio><\/figure>\n\n\n\n<p class=\"has-text-align-center\">Une grille ouverte, un jardin d\u00e9sert<br>Un grand c\u00e8dre bleu qui n\u2019a pas vieilli<br>J\u2019ai voulu \u2013 mais \u00e0 quoi \u00e7a sert\u00a0? \u2013<br>Revoir le pays<\/p>\n\n\n\n<p class=\"has-text-align-center\">Revoir la maison \u2013 le p\u00e8lerinage<br>Retour \u00e0 la source et \u00e0 la poussi\u00e8re \u2013<br>Revoir surtout si \u00e0 mon \u00e2ge<br>C\u2019\u00e9tait mieux hier<\/p>\n\n\n\n<p class=\"has-text-align-center\">Tu sais, cette odeur au fond du pressoir<br>Et nos graffitis dans le poulailler<br>Le sombre des eaux quand descend le soir<br>Je n&rsquo;avais rien oublier<\/p>\n\n\n\n<p class=\"has-text-align-center\">La Seine demain reprendra son cours<br>Moi, je reprendrai le car de onze heures<br>Puis la vie \u00e0 nouveau viendra couper court<br>\u00c0 toute cette douceur<\/p>\n\n\n\n<p class=\"has-text-align-center\">&#8230;<br><br>Une envie, un enfantillage<br>Mais \u00e0 quoi \u00e7a sert<br>Revoir surtout si \u00e0 mon \u00e2ge<br>C&rsquo;\u00e9tait mieux hier<\/p>\n\n\n<div class=\"wp-block-image\">\n<figure class=\"aligncenter size-large is-resized\"><img decoding=\"async\" loading=\"lazy\" src=\"https:\/\/pascalaussi.fr\/wp-content\/uploads\/2016\/11\/images-1.png\" alt=\"\" class=\"wp-image-553\" width=\"69\" height=\"73\"\/><\/figure><\/div>\n\n\n<p class=\"has-text-align-center\"><em>Paroles : Pascal AUSSI<\/em><br><em>Musique : Olivier DELGUTTE<\/em><\/p>\n","protected":false},"excerpt":{"rendered":"<p>Une grille ouverte, un jardin d\u00e9sertUn grand c\u00e8dre bleu qui n\u2019a pas vieilliJ\u2019ai voulu \u2013 mais \u00e0 quoi \u00e7a sert\u00a0? \u2013Revoir le pays Revoir la maison \u2013 le p\u00e8lerinageRetour \u00e0 la source et \u00e0 la poussi\u00e8re \u2013Revoir surtout si \u00e0 mon \u00e2geC\u2019\u00e9tait mieux hier Tu sais, cette odeur au fond du pressoirEt nos graffitis dans &hellip; <a href=\"https:\/\/pascalaussi.fr\/index.php\/villequier\/\" class=\"more-link\">Continuer la lecture de <span class=\"screen-reader-text\">Villa \u00ab\u00a0Mille Roses\u00a0\u00bb<\/span><\/a><\/p>\n","protected":false},"author":2,"featured_media":0,"parent":0,"menu_order":0,"comment_status":"closed","ping_status":"closed","template":"","meta":[],"_links":{"self":[{"href":"https:\/\/pascalaussi.fr\/index.php\/wp-json\/wp\/v2\/pages\/2339"}],"collection":[{"href":"https:\/\/pascalaussi.fr\/index.php\/wp-json\/wp\/v2\/pages"}],"about":[{"href":"https:\/\/pascalaussi.fr\/index.php\/wp-json\/wp\/v2\/types\/page"}],"author":[{"embeddable":true,"href":"https:\/\/pascalaussi.fr\/index.php\/wp-json\/wp\/v2\/users\/2"}],"replies":[{"embeddable":true,"href":"https:\/\/pascalaussi.fr\/index.php\/wp-json\/wp\/v2\/comments?post=2339"}],"version-history":[{"count":16,"href":"https:\/\/pascalaussi.fr\/index.php\/wp-json\/wp\/v2\/pages\/2339\/revisions"}],"predecessor-version":[{"id":3924,"href":"https:\/\/pascalaussi.fr\/index.php\/wp-json\/wp\/v2\/pages\/2339\/revisions\/3924"}],"wp:attachment":[{"href":"https:\/\/pascalaussi.fr\/index.php\/wp-json\/wp\/v2\/media?parent=2339"}],"curies":[{"name":"wp","href":"https:\/\/api.w.org\/{rel}","templated":true}]}}