{"id":2408,"date":"2022-08-27T12:21:43","date_gmt":"2022-08-27T10:21:43","guid":{"rendered":"https:\/\/pascalaussi.fr\/?page_id=2408"},"modified":"2025-11-21T19:28:12","modified_gmt":"2025-11-21T18:28:12","slug":"vieille-lune","status":"publish","type":"page","link":"https:\/\/pascalaussi.fr\/index.php\/vieille-lune\/","title":{"rendered":"Vieille lune"},"content":{"rendered":"\n<figure class=\"wp-block-audio\"><audio controls src=\"https:\/\/pascalaussi.fr\/wp-content\/uploads\/2023\/06\/Vieille-lune-3.mp3\"><\/audio><\/figure>\n\n\n\n<p class=\"has-text-align-center\"><strong>Bulles que nos r\u00eaves<\/strong><br><strong>Bulles de savon<\/strong><br><strong>Nos joies sont si br\u00e8ves<\/strong><br><strong>Nos v\u0153ux si profonds<\/strong><\/p>\n\n\n\n<p class=\"has-text-align-center\"><strong>Les bulles qui cr\u00e8vent<\/strong><br><strong>Le savon qui fond<\/strong><br><strong>Oh, vite, vite, vivons<\/strong><br><strong>Les r\u00eaves que nous avons<\/strong><\/p>\n\n\n\n<p class=\"has-text-align-center\">Pirouette et saut de l\u2019ange<br>Du pur bonheur que ces bulles d\u2019air<br>Oh, suffirait-il de quitter la terre<br>Pour que r\u00eave et vie se m\u00e9langent&nbsp;?<\/p>\n\n\n\n<p class=\"has-text-align-center\"><em>Vieille lune, po\u00e9sie<\/em><br><em>Quand m\u2019envolerai-je d\u2019ici&nbsp;?<\/em><\/p>\n\n\n\n<p class=\"has-text-align-center\"><strong>Bulles que nos r\u00eaves<\/strong><br><strong>Bulles de savon<\/strong><br><strong>Nos joies sont si br\u00e8ves<\/strong><br><strong>Nos v\u0153ux si profonds<\/strong><\/p>\n\n\n\n<p class=\"has-text-align-center\"><strong>Les bulles qui cr\u00e8vent<\/strong><br><strong>Le savon qui fond<\/strong><br><strong>Oh, vite, vite, vivons<\/strong><br><strong>Les r\u00eaves que nous avons<\/strong><\/p>\n\n\n\n<p class=\"has-text-align-center\">Se sentir pousser des ailes<br>Les plans qu\u2019on a pu \u00e9chafauder<br>Esp\u00e9rer un jour finir en beaut\u00e9<br>\u00c9clat d\u2019une ultime \u00e9tincelle !<\/p>\n\n\n\n<p class=\"has-text-align-center\"><strong>Les bulles qui cr\u00e8vent<\/strong><br><strong>Le savon qui fond<\/strong><br><strong>Oh, vite, vite, vivons<\/strong><\/p>\n\n\n\n<p class=\"has-text-align-center\">Dans sa vie si quotidienne<br>Chacun va sa ficelle \u00e0 la main<br>Mille-une baudruches \u00e9gaient le chemin<br>De quelle couleur est la tienne&nbsp;?<\/p>\n\n\n\n<p class=\"has-text-align-center\"><strong>Bulles que nos r\u00eaves<\/strong><br><strong>Bulles de savon<\/strong><br><strong>Nos joies sont si br\u00e8ves<\/strong><br><strong>Nos v\u0153ux si profonds<\/strong><\/p>\n\n\n\n<p class=\"has-text-align-center\"><em>Vieille lune, po\u00e9sie\u2026<\/em><\/p>\n\n\n\n<p class=\"has-text-align-center\"><strong>Oh, vite, vite, vivons<\/strong><br><strong>Les r\u00eaves que nous avons<\/strong><\/p>\n\n\n\n<p class=\"has-text-align-center\"><em>\u2026 Quand m\u2019envolerai-je d\u2019ici&nbsp;?<\/em><\/p>\n\n\n<div class=\"wp-block-image\">\n<figure class=\"aligncenter size-large is-resized\"><img decoding=\"async\" loading=\"lazy\" src=\"https:\/\/pascalaussi.fr\/wp-content\/uploads\/2016\/11\/images-1.png\" alt=\"\" class=\"wp-image-553\" width=\"79\" height=\"84\"\/><\/figure><\/div>\n\n\n<p class=\"has-text-align-center\"><em>Paroles : Pascal AUSSI<\/em><br><em>Musique : Pascal AUSSI &amp; Olivier DELGUTTE<\/em><\/p>\n","protected":false},"excerpt":{"rendered":"<p>Bulles que nos r\u00eavesBulles de savonNos joies sont si br\u00e8vesNos v\u0153ux si profonds Les bulles qui cr\u00e8ventLe savon qui fondOh, vite, vite, vivonsLes r\u00eaves que nous avons Pirouette et saut de l\u2019angeDu pur bonheur que ces bulles d\u2019airOh, suffirait-il de quitter la terrePour que r\u00eave et vie se m\u00e9langent&nbsp;? Vieille lune, po\u00e9sieQuand m\u2019envolerai-je d\u2019ici&nbsp;? Bulles &hellip; <a href=\"https:\/\/pascalaussi.fr\/index.php\/vieille-lune\/\" class=\"more-link\">Continuer la lecture de <span class=\"screen-reader-text\">Vieille lune<\/span><\/a><\/p>\n","protected":false},"author":2,"featured_media":0,"parent":0,"menu_order":0,"comment_status":"closed","ping_status":"closed","template":"","meta":[],"_links":{"self":[{"href":"https:\/\/pascalaussi.fr\/index.php\/wp-json\/wp\/v2\/pages\/2408"}],"collection":[{"href":"https:\/\/pascalaussi.fr\/index.php\/wp-json\/wp\/v2\/pages"}],"about":[{"href":"https:\/\/pascalaussi.fr\/index.php\/wp-json\/wp\/v2\/types\/page"}],"author":[{"embeddable":true,"href":"https:\/\/pascalaussi.fr\/index.php\/wp-json\/wp\/v2\/users\/2"}],"replies":[{"embeddable":true,"href":"https:\/\/pascalaussi.fr\/index.php\/wp-json\/wp\/v2\/comments?post=2408"}],"version-history":[{"count":10,"href":"https:\/\/pascalaussi.fr\/index.php\/wp-json\/wp\/v2\/pages\/2408\/revisions"}],"predecessor-version":[{"id":3926,"href":"https:\/\/pascalaussi.fr\/index.php\/wp-json\/wp\/v2\/pages\/2408\/revisions\/3926"}],"wp:attachment":[{"href":"https:\/\/pascalaussi.fr\/index.php\/wp-json\/wp\/v2\/media?parent=2408"}],"curies":[{"name":"wp","href":"https:\/\/api.w.org\/{rel}","templated":true}]}}