{"id":2654,"date":"2023-06-18T23:54:47","date_gmt":"2023-06-18T21:54:47","guid":{"rendered":"https:\/\/pascalaussi.fr\/?page_id=2654"},"modified":"2025-11-27T18:38:56","modified_gmt":"2025-11-27T17:38:56","slug":"aparte","status":"publish","type":"page","link":"https:\/\/pascalaussi.fr\/index.php\/aparte\/","title":{"rendered":"Apart\u00e9(s)"},"content":{"rendered":"\n<figure class=\"wp-block-audio\"><audio controls src=\"https:\/\/pascalaussi.fr\/wp-content\/uploads\/2025\/11\/01-Aparte-I.mp3\"><\/audio><\/figure>\n\n\n\n<p class=\"has-text-align-center\" style=\"font-size:18px\">APART\u00c9 I<\/p>\n\n\n\n<p class=\"has-text-align-center\">Apr\u00e8s pas mal d\u2019ann\u00e9es d\u2019une existence en dents de scie<br>Des jours de franc bonheur et mon lot de plus tristes nuits<br>S\u2019il fallait r\u00e9sumer, je crois que\u00a0je dirais ceci\u00a0:<br>La vie est dangereuse, oh oui\u00a0! mais mortel est l\u2019ennui<br><\/p>\n\n\n\n<figure class=\"wp-block-audio\"><audio controls src=\"https:\/\/pascalaussi.fr\/wp-content\/uploads\/2025\/11\/Aparte-II.mp3\"><\/audio><\/figure>\n\n\n\n<p class=\"has-text-align-center\" style=\"font-size:18px\">APART\u00c9 II<\/p>\n\n\n\n<p class=\"has-text-align-center\">N&rsquo;est pas de tout repos que cheminer sur cette terre<br>Tous temps par monts par vaux accourir au bonheur promis<br>Mais bien mieux qu&rsquo;un b\u00e2ton, tellement route est solitaire<br>Bien mieux qu&rsquo;une boussole, oh oui ! j&rsquo;ai trouv\u00e9 un ami<br><\/p>\n\n\n\n<p><\/p>\n\n\n\n<p><\/p>\n\n\n\n<figure class=\"wp-block-audio\"><audio controls src=\"https:\/\/pascalaussi.fr\/wp-content\/uploads\/2025\/11\/Aparte-III-1.mp3\"><\/audio><\/figure>\n\n\n\n<p class=\"has-text-align-center\" style=\"font-size:18px\">APART\u00c9 III<\/p>\n\n\n\n<p class=\"has-text-align-center\">Tout ce qui nous est propre, un jour c\u2019est s\u00fbr, sera perdu<br>Ce bien maigre tr\u00e9sor amass\u00e9 au fil des ann\u00e9es<br>Mais le sais-je vraiment, et toi, l&rsquo;ami, t\u2019en souviens-tu ?<br>Il ne reste de nous, eh oui ! que ce qu\u2019on a donn\u00e9<\/p>\n\n\n\n<p><\/p>\n\n\n<div class=\"wp-block-image\">\n<figure class=\"aligncenter is-resized\"><img decoding=\"async\" loading=\"lazy\" src=\"https:\/\/pascalaussi.fr\/wp-content\/uploads\/2016\/11\/images-1.png\" alt=\"images\" class=\"wp-image-553\" width=\"64\" height=\"68\"\/><\/figure><\/div>\n\n\n<p class=\"has-text-align-center\"><em>Paroles : Pascal AUSSI<\/em><br><em>Musique : Olivier DELGUTTE<\/em><\/p>\n\n\n\n<p class=\"has-text-align-center has-small-font-size\"><\/p>\n","protected":false},"excerpt":{"rendered":"<p>APART\u00c9 I Apr\u00e8s pas mal d\u2019ann\u00e9es d\u2019une existence en dents de scieDes jours de franc bonheur et mon lot de plus tristes nuitsS\u2019il fallait r\u00e9sumer, je crois que\u00a0je dirais ceci\u00a0:La vie est dangereuse, oh oui\u00a0! mais mortel est l\u2019ennui APART\u00c9 II N&rsquo;est pas de tout repos que cheminer sur cette terreTous temps par monts par &hellip; <a href=\"https:\/\/pascalaussi.fr\/index.php\/aparte\/\" class=\"more-link\">Continuer la lecture de <span class=\"screen-reader-text\">Apart\u00e9(s)<\/span><\/a><\/p>\n","protected":false},"author":2,"featured_media":0,"parent":0,"menu_order":0,"comment_status":"closed","ping_status":"closed","template":"","meta":[],"_links":{"self":[{"href":"https:\/\/pascalaussi.fr\/index.php\/wp-json\/wp\/v2\/pages\/2654"}],"collection":[{"href":"https:\/\/pascalaussi.fr\/index.php\/wp-json\/wp\/v2\/pages"}],"about":[{"href":"https:\/\/pascalaussi.fr\/index.php\/wp-json\/wp\/v2\/types\/page"}],"author":[{"embeddable":true,"href":"https:\/\/pascalaussi.fr\/index.php\/wp-json\/wp\/v2\/users\/2"}],"replies":[{"embeddable":true,"href":"https:\/\/pascalaussi.fr\/index.php\/wp-json\/wp\/v2\/comments?post=2654"}],"version-history":[{"count":23,"href":"https:\/\/pascalaussi.fr\/index.php\/wp-json\/wp\/v2\/pages\/2654\/revisions"}],"predecessor-version":[{"id":4583,"href":"https:\/\/pascalaussi.fr\/index.php\/wp-json\/wp\/v2\/pages\/2654\/revisions\/4583"}],"wp:attachment":[{"href":"https:\/\/pascalaussi.fr\/index.php\/wp-json\/wp\/v2\/media?parent=2654"}],"curies":[{"name":"wp","href":"https:\/\/api.w.org\/{rel}","templated":true}]}}