{"id":2670,"date":"2023-06-19T00:22:25","date_gmt":"2023-06-18T22:22:25","guid":{"rendered":"https:\/\/pascalaussi.fr\/?page_id=2670"},"modified":"2025-12-12T19:01:09","modified_gmt":"2025-12-12T18:01:09","slug":"toboggan","status":"publish","type":"page","link":"https:\/\/pascalaussi.fr\/index.php\/toboggan\/","title":{"rendered":"Toboggan"},"content":{"rendered":"\n<p>La vie est un toboggan. <\/p>\n\n\n\n<p>On commence par monter<br>avec plus ou moins d\u2019agilit\u00e9 ou d\u2019assurance<br>d\u00e9couvrant alors et peu \u00e0 peu le monde qui nous entoure. <br><br>Puis on se lance<br>sans trop savoir \u00e0 quoi \u00e7a nous entraine<br>les uns go\u00fbtant intens\u00e9ment les sensations offertes <br>et d\u2019autres, dont je suis, serrant un peu les fesses<br>renon\u00e7ant je suppose \u00e0 certains plaisirs\u2026<br><br>Et tous ces gens partout<br>que l\u2019on voit<br>qu\u2019on entend<br>avec qui on partage ce qu\u2019on peut \u00e0 voix haute<br>\u00e0 qui on tient \u00e0 montrer qu\u2019on n\u2019a pas peur<br>qu\u2019on aime \u00e7a <br>chacun dans sa glissi\u00e8re<br> jusqu\u2019au bout.<\/p>\n\n\n\n<p>Sans oublier que l\u2019on n\u2019a droit qu\u2019\u00e0 un tour.<\/p>\n\n\n<div class=\"wp-block-image\">\n<figure class=\"aligncenter is-resized\"><img decoding=\"async\" loading=\"lazy\" src=\"https:\/\/pascalaussi.fr\/wp-content\/uploads\/2016\/11\/images-1.png\" alt=\"images\" class=\"wp-image-553\" width=\"63\" height=\"67\"\/><\/figure><\/div>\n\n\n<p class=\"has-text-align-center\"><em>Paroles : Pascal AUSSI<\/em><\/p>\n","protected":false},"excerpt":{"rendered":"<p>La vie est un toboggan. On commence par monteravec plus ou moins d\u2019agilit\u00e9 ou d\u2019assuranced\u00e9couvrant alors et peu \u00e0 peu le monde qui nous entoure. Puis on se lancesans trop savoir \u00e0 quoi \u00e7a nous entraineles uns go\u00fbtant intens\u00e9ment les sensations offertes et d\u2019autres, dont je suis, serrant un peu les fessesrenon\u00e7ant je suppose \u00e0 &hellip; <a href=\"https:\/\/pascalaussi.fr\/index.php\/toboggan\/\" class=\"more-link\">Continuer la lecture de <span class=\"screen-reader-text\">Toboggan<\/span><\/a><\/p>\n","protected":false},"author":2,"featured_media":0,"parent":0,"menu_order":0,"comment_status":"closed","ping_status":"closed","template":"","meta":[],"_links":{"self":[{"href":"https:\/\/pascalaussi.fr\/index.php\/wp-json\/wp\/v2\/pages\/2670"}],"collection":[{"href":"https:\/\/pascalaussi.fr\/index.php\/wp-json\/wp\/v2\/pages"}],"about":[{"href":"https:\/\/pascalaussi.fr\/index.php\/wp-json\/wp\/v2\/types\/page"}],"author":[{"embeddable":true,"href":"https:\/\/pascalaussi.fr\/index.php\/wp-json\/wp\/v2\/users\/2"}],"replies":[{"embeddable":true,"href":"https:\/\/pascalaussi.fr\/index.php\/wp-json\/wp\/v2\/comments?post=2670"}],"version-history":[{"count":9,"href":"https:\/\/pascalaussi.fr\/index.php\/wp-json\/wp\/v2\/pages\/2670\/revisions"}],"predecessor-version":[{"id":4925,"href":"https:\/\/pascalaussi.fr\/index.php\/wp-json\/wp\/v2\/pages\/2670\/revisions\/4925"}],"wp:attachment":[{"href":"https:\/\/pascalaussi.fr\/index.php\/wp-json\/wp\/v2\/media?parent=2670"}],"curies":[{"name":"wp","href":"https:\/\/api.w.org\/{rel}","templated":true}]}}