{"id":2976,"date":"2023-07-02T23:43:36","date_gmt":"2023-07-02T21:43:36","guid":{"rendered":"https:\/\/pascalaussi.fr\/?page_id=2976"},"modified":"2024-12-07T14:01:15","modified_gmt":"2024-12-07T13:01:15","slug":"dans-le-sens-des-retours","status":"publish","type":"page","link":"https:\/\/pascalaussi.fr\/index.php\/dans-le-sens-des-retours\/","title":{"rendered":"Sur ses pas"},"content":{"rendered":"\n<p>On a tous connu \u00e7a, en repassant par un endroit qu&rsquo;on ne soup\u00e7onnait pas \u00eatre autant rest\u00e9 dans notre m\u00e9moire&#8230;<\/p>\n\n\n\n<p>Ou quand nous reviennent tels des fant\u00f4mes ces moments pr\u00e9cis, ces sensations qu&rsquo;on pensait \u00e9vanouies, ces sentiments qu&rsquo;on aurait crus disparus&#8230;<\/p>\n\n\n\n<p>Ou quand un soir regardant au dehors, ou dans l&rsquo;atmosph\u00e8re d&rsquo;un piano-bar, nous repassent par la t\u00eate ces vieux bouts de films o\u00f9 on a jadis plus ou moins bien tenu un r\u00f4le&#8230;<br><br><\/p>\n","protected":false},"excerpt":{"rendered":"<p>On a tous connu \u00e7a, en repassant par un endroit qu&rsquo;on ne soup\u00e7onnait pas \u00eatre autant rest\u00e9 dans notre m\u00e9moire&#8230; Ou quand nous reviennent tels des fant\u00f4mes ces moments pr\u00e9cis, ces sensations qu&rsquo;on pensait \u00e9vanouies, ces sentiments qu&rsquo;on aurait crus disparus&#8230; Ou quand un soir regardant au dehors, ou dans l&rsquo;atmosph\u00e8re d&rsquo;un piano-bar, nous repassent &hellip; <a href=\"https:\/\/pascalaussi.fr\/index.php\/dans-le-sens-des-retours\/\" class=\"more-link\">Continuer la lecture de <span class=\"screen-reader-text\">Sur ses pas<\/span><\/a><\/p>\n","protected":false},"author":2,"featured_media":0,"parent":0,"menu_order":0,"comment_status":"closed","ping_status":"closed","template":"","meta":[],"_links":{"self":[{"href":"https:\/\/pascalaussi.fr\/index.php\/wp-json\/wp\/v2\/pages\/2976"}],"collection":[{"href":"https:\/\/pascalaussi.fr\/index.php\/wp-json\/wp\/v2\/pages"}],"about":[{"href":"https:\/\/pascalaussi.fr\/index.php\/wp-json\/wp\/v2\/types\/page"}],"author":[{"embeddable":true,"href":"https:\/\/pascalaussi.fr\/index.php\/wp-json\/wp\/v2\/users\/2"}],"replies":[{"embeddable":true,"href":"https:\/\/pascalaussi.fr\/index.php\/wp-json\/wp\/v2\/comments?post=2976"}],"version-history":[{"count":17,"href":"https:\/\/pascalaussi.fr\/index.php\/wp-json\/wp\/v2\/pages\/2976\/revisions"}],"predecessor-version":[{"id":3636,"href":"https:\/\/pascalaussi.fr\/index.php\/wp-json\/wp\/v2\/pages\/2976\/revisions\/3636"}],"wp:attachment":[{"href":"https:\/\/pascalaussi.fr\/index.php\/wp-json\/wp\/v2\/media?parent=2976"}],"curies":[{"name":"wp","href":"https:\/\/api.w.org\/{rel}","templated":true}]}}