{"id":3405,"date":"2024-09-29T15:10:22","date_gmt":"2024-09-29T13:10:22","guid":{"rendered":"https:\/\/pascalaussi.fr\/?page_id=3405"},"modified":"2025-11-21T19:33:54","modified_gmt":"2025-11-21T18:33:54","slug":"40-amis","status":"publish","type":"page","link":"https:\/\/pascalaussi.fr\/index.php\/40-amis\/","title":{"rendered":"40 Amis"},"content":{"rendered":"\n<p><\/p>\n\n\n\n<figure class=\"wp-block-audio\"><audio controls src=\"https:\/\/pascalaussi.fr\/wp-content\/uploads\/2025\/11\/Quarante-Amis.mp3\"><\/audio><\/figure>\n\n\n\n<p class=\"has-text-align-center\">Quarante pi\u00e8ces de puzzle<br>Qui plut\u00f4t que de rester seules<br>Choisissent de venir s\u2019asseoir<br>Les unes aupr\u00e8s des autres&#8230;<\/p>\n\n\n\n<p class=\"has-text-align-center\">Quarante pi\u00e8ces de puzzle<br>Qui plut\u00f4t que de rester seules<br>Choisissent de venir s\u2019asseoir<br>Les unes aupr\u00e8s des autres un soir<\/p>\n\n\n\n<p class=\"has-text-align-center\">Composant ainsi une image<br>Qu\u2019il aurait \u00e9t\u00e9 bien dommage<br>De ne pas avoir sous les yeux<br>Entrez, Mesdames et messieurs<\/p>\n\n\n\n<p class=\"has-text-align-center\">Trois projecteurs, un tabouret<br>Le salon s&rsquo;est fait cabaret<br>Tout le monde a pu se caser<br>Le spectacle va commencer<br><br>Quarante pi\u00e8ces de puzzle<br>Qui plut\u00f4t que de rester seules<br>Choisissent de venir s\u2019asseoir<br>Les unes aupr\u00e8s des autres&#8230;<br><br>Quarante pi\u00e8ces de puzzle<br>Qui plut\u00f4t que de rester seules<br>Choisissent de venir s\u2019asseoir<br>Les unes aupr\u00e8s des autres un soir<\/p>\n\n\n\n<p class=\"has-text-align-center\">Magie du spectacle vivant<br>Chacun retrouve un coeur d&rsquo;enfant<br>Oh ! ce frisson dans la maison<br>\u00c0 l&rsquo;envol\u00e9e d\u2019une chanson<\/p>\n\n\n\n<p class=\"has-text-align-center\">Et rires et applaudissements<br>On boit, on parle un bon moment<br>Et puis le ralenti des voix<br>\u00a0\u00bb Dis, c\u2019est quand la prochaine fois&nbsp;? \u00ab\u00a0<\/p>\n\n\n\n<p class=\"has-text-align-center\">Et tu verras, si on t&rsquo;invite<br>\u00c7a n&rsquo;a rien d&rsquo;une acad\u00e9mie<br>D&rsquo;un club o\u00f9 l&rsquo;on doit \u00eatre admis<br>Faut pas que tu h\u00e9sites<\/p>\n\n\n\n<p class=\"has-text-align-center\">Allez l&rsquo;ami, r\u00e9ponds-nous vite<br>Que tu sois cigale ou fourmi<br>Fin connaisseur ou n\u00e9ophyte<br>Ta place est aux 40 Amis<\/p>\n\n\n\n<p class=\"has-text-align-center\">Bienvenue aux 40 Amis<\/p>\n\n\n<div class=\"wp-block-image\">\n<figure class=\"aligncenter size-large is-resized\"><img decoding=\"async\" loading=\"lazy\" src=\"https:\/\/pascalaussi.fr\/wp-content\/uploads\/2016\/11\/images-1.png\" alt=\"\" class=\"wp-image-553\" width=\"80\" height=\"85\"\/><\/figure><\/div>\n\n\n<p class=\"has-text-align-center\"><em>Paroles : Pascal AUSSI<\/em><br><em>Musique : Olivier DELGUTTE<\/em><\/p>\n","protected":false},"excerpt":{"rendered":"<p>Quarante pi\u00e8ces de puzzleQui plut\u00f4t que de rester seulesChoisissent de venir s\u2019asseoirLes unes aupr\u00e8s des autres&#8230; Quarante pi\u00e8ces de puzzleQui plut\u00f4t que de rester seulesChoisissent de venir s\u2019asseoirLes unes aupr\u00e8s des autres un soir Composant ainsi une imageQu\u2019il aurait \u00e9t\u00e9 bien dommageDe ne pas avoir sous les yeuxEntrez, Mesdames et messieurs Trois projecteurs, un tabouretLe &hellip; <a href=\"https:\/\/pascalaussi.fr\/index.php\/40-amis\/\" class=\"more-link\">Continuer la lecture de <span class=\"screen-reader-text\">40 Amis<\/span><\/a><\/p>\n","protected":false},"author":2,"featured_media":0,"parent":0,"menu_order":0,"comment_status":"closed","ping_status":"closed","template":"","meta":[],"_links":{"self":[{"href":"https:\/\/pascalaussi.fr\/index.php\/wp-json\/wp\/v2\/pages\/3405"}],"collection":[{"href":"https:\/\/pascalaussi.fr\/index.php\/wp-json\/wp\/v2\/pages"}],"about":[{"href":"https:\/\/pascalaussi.fr\/index.php\/wp-json\/wp\/v2\/types\/page"}],"author":[{"embeddable":true,"href":"https:\/\/pascalaussi.fr\/index.php\/wp-json\/wp\/v2\/users\/2"}],"replies":[{"embeddable":true,"href":"https:\/\/pascalaussi.fr\/index.php\/wp-json\/wp\/v2\/comments?post=3405"}],"version-history":[{"count":18,"href":"https:\/\/pascalaussi.fr\/index.php\/wp-json\/wp\/v2\/pages\/3405\/revisions"}],"predecessor-version":[{"id":3932,"href":"https:\/\/pascalaussi.fr\/index.php\/wp-json\/wp\/v2\/pages\/3405\/revisions\/3932"}],"wp:attachment":[{"href":"https:\/\/pascalaussi.fr\/index.php\/wp-json\/wp\/v2\/media?parent=3405"}],"curies":[{"name":"wp","href":"https:\/\/api.w.org\/{rel}","templated":true}]}}