{"id":3441,"date":"2024-10-12T23:00:23","date_gmt":"2024-10-12T21:00:23","guid":{"rendered":"https:\/\/pascalaussi.fr\/?page_id=3441"},"modified":"2025-12-12T10:51:59","modified_gmt":"2025-12-12T09:51:59","slug":"franc-jeu","status":"publish","type":"page","link":"https:\/\/pascalaussi.fr\/index.php\/franc-jeu\/","title":{"rendered":"Franc jeu"},"content":{"rendered":"\n<p class=\"has-text-align-center\" style=\"font-size:16px\">\u00ab Franc jeu \u00bb c\u2019est le quart d\u2019heure o\u00f9 vous avez voix au chapitre <br>Jamais cette \u00e9mission n\u2019aura mieux m\u00e9rit\u00e9 son titre <br>Puisque c\u2019est \u00e0 quelqu\u2019un que ce soir je veux m\u2019adresser<br>Si on le dit partout, le rencontrer n\u2019est pas ais\u00e9<\/p>\n\n\n\n<p class=\"has-text-align-center\" style=\"font-size:16px\">Je veux parler de Dieu, et j\u2019entends d\u00e9j\u00e0 ceux qui r\u00e2lent <br>Qu\u2019on ne va rajouter qu\u2019\u00e0 la confusion g\u00e9n\u00e9rale <br>Qu\u2019il est temps d\u2019arr\u00eater de vouloir traiter ce sujet<br>Ne faudra pas pleurer si c\u2019est les ennuis qu\u2019on cherchaient<\/p>\n\n\n\n<p class=\"has-text-align-center\" style=\"font-size:16px\">Il vaut mieux s\u2019adresser, dit-on, au bon dieu qu\u2019\u00e0 ses saints <br>Je suis seul au micro et n\u2019ai ce soir aucun voisin<br>Le studio est serein, trois quatre lampes d\u2019allum\u00e9es <br>Pas de d\u00e9bats d\u2019experts, pas de partisans enflamm\u00e9s<\/p>\n\n\n\n<p class=\"has-text-align-center\" style=\"font-size:16px\">Non le seul invit\u00e9, c\u2019est vous, quel que soit votre nom <br>Dieu, Allah, Jehovah&#8230; qu\u2019on sache enfin si oui ou non <br>D\u00e9j\u00e0, vous existez, et si c\u2019est \u00e0 vous que l\u2019on doit <br>Ces petits incidents, des gens parfois montr\u00e9s du doigt<\/p>\n\n\n\n<p class=\"has-text-align-center\" style=\"font-size:16px\">Escarmouches, frictions, grands pr\u00eatres d\u2019un calme olympien <br>\u00ab Ils comprendront plus tard que c\u2019\u00e9tait, ma foi, pour leur bien \u00bb <br>Femmes asservies, fillettes interdites d\u2019apprentissage <br>Corps supplici\u00e9s de ceux qui n\u2019ont pas \u00e9t\u00e9 assez sages<\/p>\n\n\n\n<p class=\"has-text-align-center\" style=\"font-size:16px\">Quand on leur demandait de simplement suivre une loi <br>Des tueries, des b\u00fbchers, la terreur sous laquelle on ploie <br>Pour au fond des id\u00e9es&#8230; qu\u2019on mettrait sa main \u00e0 couper <br>Ou sa langue, ou sa t\u00eate, on pourrait toujours se tromper<\/p>\n\n\n\n<p class=\"has-text-align-center\" style=\"font-size:16px\">\u00c0 la question \u00ab Et Dieu ? \u00bb la r\u00e9ponse est plut\u00f4t s\u00e9v\u00e8re <br>En France, deux sur trois disent n\u2019en avoir rien \u00e0 faire <br>Seuls moins de 3% vous accordent un r\u00f4le essentiel <br>Nous sommes terre \u00e0 terre et pour tr\u00e8s peu soucieux du ciel<\/p>\n\n\n\n<p class=\"has-text-align-center\" style=\"font-size:16px\">\u00ab Franc jeu \u00bb Pourquoi, comment en sommes-nous arriv\u00e9s l\u00e0 ? <br>Alors je vous en prie, Yahv\u00e9, Vichnou, Dieu, Pan, Allah<br>Il reste dix minutes, allez, il n\u2019est jamais trop tard<br>Quel que soit votre nom, merci d\u2019appeler le standard<\/p>\n\n\n<div class=\"wp-block-image\">\n<figure class=\"aligncenter is-resized\"><img decoding=\"async\" loading=\"lazy\" src=\"https:\/\/pascalaussi.fr\/wp-content\/uploads\/2016\/11\/images-1.png\" alt=\"images\" class=\"wp-image-553\" width=\"80\" height=\"86\"\/><\/figure><\/div>\n\n\n<p class=\"has-text-align-center\"><em>Paroles : Pascal AUSSI<\/em><\/p>\n","protected":false},"excerpt":{"rendered":"<p>\u00ab Franc jeu \u00bb c\u2019est le quart d\u2019heure o\u00f9 vous avez voix au chapitre Jamais cette \u00e9mission n\u2019aura mieux m\u00e9rit\u00e9 son titre Puisque c\u2019est \u00e0 quelqu\u2019un que ce soir je veux m\u2019adresserSi on le dit partout, le rencontrer n\u2019est pas ais\u00e9 Je veux parler de Dieu, et j\u2019entends d\u00e9j\u00e0 ceux qui r\u00e2lent Qu\u2019on ne va &hellip; <a href=\"https:\/\/pascalaussi.fr\/index.php\/franc-jeu\/\" class=\"more-link\">Continuer la lecture de <span class=\"screen-reader-text\">Franc jeu<\/span><\/a><\/p>\n","protected":false},"author":2,"featured_media":0,"parent":0,"menu_order":0,"comment_status":"closed","ping_status":"closed","template":"","meta":[],"_links":{"self":[{"href":"https:\/\/pascalaussi.fr\/index.php\/wp-json\/wp\/v2\/pages\/3441"}],"collection":[{"href":"https:\/\/pascalaussi.fr\/index.php\/wp-json\/wp\/v2\/pages"}],"about":[{"href":"https:\/\/pascalaussi.fr\/index.php\/wp-json\/wp\/v2\/types\/page"}],"author":[{"embeddable":true,"href":"https:\/\/pascalaussi.fr\/index.php\/wp-json\/wp\/v2\/users\/2"}],"replies":[{"embeddable":true,"href":"https:\/\/pascalaussi.fr\/index.php\/wp-json\/wp\/v2\/comments?post=3441"}],"version-history":[{"count":2,"href":"https:\/\/pascalaussi.fr\/index.php\/wp-json\/wp\/v2\/pages\/3441\/revisions"}],"predecessor-version":[{"id":4854,"href":"https:\/\/pascalaussi.fr\/index.php\/wp-json\/wp\/v2\/pages\/3441\/revisions\/4854"}],"wp:attachment":[{"href":"https:\/\/pascalaussi.fr\/index.php\/wp-json\/wp\/v2\/media?parent=3441"}],"curies":[{"name":"wp","href":"https:\/\/api.w.org\/{rel}","templated":true}]}}