{"id":3452,"date":"2024-10-21T22:40:14","date_gmt":"2024-10-21T20:40:14","guid":{"rendered":"https:\/\/pascalaussi.fr\/?page_id=3452"},"modified":"2026-02-16T10:07:48","modified_gmt":"2026-02-16T09:07:48","slug":"mouvement-des-navires-2","status":"publish","type":"page","link":"https:\/\/pascalaussi.fr\/index.php\/mouvement-des-navires-2\/","title":{"rendered":"Mouvement des navires"},"content":{"rendered":"\n<p style=\"font-size:17px\">De l&rsquo;importance de l&rsquo;eau dans nos vies, sans remonter aux tr\u00e9fonds des temps, mais sachez que j&rsquo;ai rencontr\u00e9 Lilly  Cariou en me r\u00e9fugiant dans sa galerie un jour de pluie et en suis ressorti \u00e9clairci, avec dans mon sac un petit tableau, point de d\u00e9part de ce livre.<\/p>\n\n\n\n<figure class=\"wp-block-image\"><img decoding=\"async\" loading=\"lazy\" width=\"2555\" height=\"2560\" src=\"https:\/\/pascalaussi.fr\/wp-content\/uploads\/2024\/10\/IMG_0192-scaled.jpg\" alt=\"\" class=\"wp-image-3458\" srcset=\"https:\/\/pascalaussi.fr\/wp-content\/uploads\/2024\/10\/IMG_0192-scaled.jpg 2555w, https:\/\/pascalaussi.fr\/wp-content\/uploads\/2024\/10\/IMG_0192-300x300.jpg 300w, https:\/\/pascalaussi.fr\/wp-content\/uploads\/2024\/10\/IMG_0192-700x701.jpg 700w, https:\/\/pascalaussi.fr\/wp-content\/uploads\/2024\/10\/IMG_0192-150x150.jpg 150w, https:\/\/pascalaussi.fr\/wp-content\/uploads\/2024\/10\/IMG_0192-768x769.jpg 768w, https:\/\/pascalaussi.fr\/wp-content\/uploads\/2024\/10\/IMG_0192-1533x1536.jpg 1533w, https:\/\/pascalaussi.fr\/wp-content\/uploads\/2024\/10\/IMG_0192-2044x2048.jpg 2044w\" sizes=\"(max-width: 2555px) 100vw, 2555px\" \/><\/figure>\n\n\n\n<p style=\"font-size:17px\">Il y avaient ses bateaux de p\u00eache au travail, puis les images qui lui sont venues \u00e0 la lecture de ce que je proposais, les ambiances, personnages, et petits d\u00e9tails r\u00e9v\u00e9lateurs, jusqu&rsquo;\u00e0 ce tour de force de faire figurer toutes ces histoires sur le m\u00eame tableau.<\/p>\n\n\n\n<figure class=\"wp-block-image\"><img decoding=\"async\" loading=\"lazy\" width=\"2063\" height=\"2095\" src=\"https:\/\/pascalaussi.fr\/wp-content\/uploads\/2024\/10\/IMG_0212.jpg\" alt=\"\" class=\"wp-image-3480\" srcset=\"https:\/\/pascalaussi.fr\/wp-content\/uploads\/2024\/10\/IMG_0212.jpg 2063w, https:\/\/pascalaussi.fr\/wp-content\/uploads\/2024\/10\/IMG_0212-295x300.jpg 295w, https:\/\/pascalaussi.fr\/wp-content\/uploads\/2024\/10\/IMG_0212-700x711.jpg 700w, https:\/\/pascalaussi.fr\/wp-content\/uploads\/2024\/10\/IMG_0212-768x780.jpg 768w, https:\/\/pascalaussi.fr\/wp-content\/uploads\/2024\/10\/IMG_0212-1513x1536.jpg 1513w, https:\/\/pascalaussi.fr\/wp-content\/uploads\/2024\/10\/IMG_0212-2017x2048.jpg 2017w\" sizes=\"(max-width: 2063px) 100vw, 2063px\" \/><\/figure>\n\n\n\n<p style=\"font-size:17px\">Vient apr\u00e8s \u00e7a le temps de l&rsquo;infographie, taille et disposition, couleur d&rsquo;encadrement et d\u00e9tails de mise en sc\u00e8ne &#8211; merci Florent ! &#8211; jusqu&rsquo;\u00e0 se retrouver un jour chez l&rsquo;imprimeur \u00e0 signer le Bon \u00c0 Rouler&#8230;<\/p>\n\n\n\n<figure class=\"wp-block-image\"><img decoding=\"async\" loading=\"lazy\" width=\"2560\" height=\"1770\" src=\"https:\/\/pascalaussi.fr\/wp-content\/uploads\/2024\/10\/IMG_0215-scaled.jpg\" alt=\"\" class=\"wp-image-3456\" srcset=\"https:\/\/pascalaussi.fr\/wp-content\/uploads\/2024\/10\/IMG_0215-scaled.jpg 2560w, https:\/\/pascalaussi.fr\/wp-content\/uploads\/2024\/10\/IMG_0215-300x207.jpg 300w, https:\/\/pascalaussi.fr\/wp-content\/uploads\/2024\/10\/IMG_0215-700x484.jpg 700w, https:\/\/pascalaussi.fr\/wp-content\/uploads\/2024\/10\/IMG_0215-768x531.jpg 768w, https:\/\/pascalaussi.fr\/wp-content\/uploads\/2024\/10\/IMG_0215-1536x1062.jpg 1536w, https:\/\/pascalaussi.fr\/wp-content\/uploads\/2024\/10\/IMG_0215-2048x1416.jpg 2048w\" sizes=\"(max-width: 2560px) 100vw, 2560px\" \/><\/figure>\n\n\n\n<p class=\"has-text-align-center\" style=\"font-size:16px\">Merci aux gens de chez Clo\u00eetre pour leur accueil <\/p>\n","protected":false},"excerpt":{"rendered":"<p>De l&rsquo;importance de l&rsquo;eau dans nos vies, sans remonter aux tr\u00e9fonds des temps, mais sachez que j&rsquo;ai rencontr\u00e9 Lilly Cariou en me r\u00e9fugiant dans sa galerie un jour de pluie et en suis ressorti \u00e9clairci, avec dans mon sac un petit tableau, point de d\u00e9part de ce livre. Il y avaient ses bateaux de p\u00eache &hellip; <a href=\"https:\/\/pascalaussi.fr\/index.php\/mouvement-des-navires-2\/\" class=\"more-link\">Continuer la lecture de <span class=\"screen-reader-text\">Mouvement des navires<\/span><\/a><\/p>\n","protected":false},"author":2,"featured_media":0,"parent":0,"menu_order":0,"comment_status":"closed","ping_status":"closed","template":"","meta":[],"_links":{"self":[{"href":"https:\/\/pascalaussi.fr\/index.php\/wp-json\/wp\/v2\/pages\/3452"}],"collection":[{"href":"https:\/\/pascalaussi.fr\/index.php\/wp-json\/wp\/v2\/pages"}],"about":[{"href":"https:\/\/pascalaussi.fr\/index.php\/wp-json\/wp\/v2\/types\/page"}],"author":[{"embeddable":true,"href":"https:\/\/pascalaussi.fr\/index.php\/wp-json\/wp\/v2\/users\/2"}],"replies":[{"embeddable":true,"href":"https:\/\/pascalaussi.fr\/index.php\/wp-json\/wp\/v2\/comments?post=3452"}],"version-history":[{"count":75,"href":"https:\/\/pascalaussi.fr\/index.php\/wp-json\/wp\/v2\/pages\/3452\/revisions"}],"predecessor-version":[{"id":5128,"href":"https:\/\/pascalaussi.fr\/index.php\/wp-json\/wp\/v2\/pages\/3452\/revisions\/5128"}],"wp:attachment":[{"href":"https:\/\/pascalaussi.fr\/index.php\/wp-json\/wp\/v2\/media?parent=3452"}],"curies":[{"name":"wp","href":"https:\/\/api.w.org\/{rel}","templated":true}]}}