{"id":3538,"date":"2024-11-21T06:24:04","date_gmt":"2024-11-21T05:24:04","guid":{"rendered":"https:\/\/pascalaussi.fr\/?page_id=3538"},"modified":"2026-02-16T10:04:31","modified_gmt":"2026-02-16T09:04:31","slug":"editions-lan-prochain","status":"publish","type":"page","link":"https:\/\/pascalaussi.fr\/index.php\/editions-lan-prochain\/","title":{"rendered":"\u00c9ditions l&rsquo;An Prochain"},"content":{"rendered":"\n<p style=\"font-size:18px\">Pourquoi cherche-t-on \u00e0 cr\u00e9er quelque chose ? On peut penser \u00e0 un pr\u00e9somptueux \u00ab pour ne pas dispara\u00eetre sans laisser une trace \u00bb mais n\u2019est-ce pas plut\u00f4t, \u00e0 la fois plus modeste et plus ambitieux, pour \u00ab ne pas dispara\u00eetre sans \u00eatre apparu \u00bb, au monde sans doute un peu mais surtout \u00e0 nos propres yeux.<\/p>\n\n\n\n<p style=\"font-size:18px\">En 2019, j\u2019ai trouv\u00e9 qu\u2019\u00e9diter des livres \u00e9tait une fa\u00e7on nouvelle de me soucier de cr\u00e9ation, et sans \u00eatre seul comme on l&rsquo;est tout ce temps de l\u2019\u00e9criture. Car il y a dans la confection d\u2019un ouvrage tout un apprentissage et des d\u00e9couvertes qui ne se font qu\u2019\u00e0 plusieurs, avec au final le plaisir d\u2019un objet de bonne compagnie. <\/p>\n\n\n\n<p style=\"font-size:18px\">Et me voici \u00e0 envisager des livres en devinant pour chacun la forme \u00e0 laquelle son fond le destine. Pas de collections, de format \u00e9tabli, d\u2019optique \u00e9ditoriale mais une coh\u00e9rence naturelle tenant au fait que ces ouvrages, je les ai voulus.<\/p>\n","protected":false},"excerpt":{"rendered":"<p>Pourquoi cherche-t-on \u00e0 cr\u00e9er quelque chose ? On peut penser \u00e0 un pr\u00e9somptueux \u00ab pour ne pas dispara\u00eetre sans laisser une trace \u00bb mais n\u2019est-ce pas plut\u00f4t, \u00e0 la fois plus modeste et plus ambitieux, pour \u00ab ne pas dispara\u00eetre sans \u00eatre apparu \u00bb, au monde sans doute un peu mais surtout \u00e0 nos propres &hellip; <a href=\"https:\/\/pascalaussi.fr\/index.php\/editions-lan-prochain\/\" class=\"more-link\">Continuer la lecture de <span class=\"screen-reader-text\">\u00c9ditions l&rsquo;An Prochain<\/span><\/a><\/p>\n","protected":false},"author":2,"featured_media":0,"parent":0,"menu_order":0,"comment_status":"closed","ping_status":"closed","template":"","meta":[],"_links":{"self":[{"href":"https:\/\/pascalaussi.fr\/index.php\/wp-json\/wp\/v2\/pages\/3538"}],"collection":[{"href":"https:\/\/pascalaussi.fr\/index.php\/wp-json\/wp\/v2\/pages"}],"about":[{"href":"https:\/\/pascalaussi.fr\/index.php\/wp-json\/wp\/v2\/types\/page"}],"author":[{"embeddable":true,"href":"https:\/\/pascalaussi.fr\/index.php\/wp-json\/wp\/v2\/users\/2"}],"replies":[{"embeddable":true,"href":"https:\/\/pascalaussi.fr\/index.php\/wp-json\/wp\/v2\/comments?post=3538"}],"version-history":[{"count":80,"href":"https:\/\/pascalaussi.fr\/index.php\/wp-json\/wp\/v2\/pages\/3538\/revisions"}],"predecessor-version":[{"id":5124,"href":"https:\/\/pascalaussi.fr\/index.php\/wp-json\/wp\/v2\/pages\/3538\/revisions\/5124"}],"wp:attachment":[{"href":"https:\/\/pascalaussi.fr\/index.php\/wp-json\/wp\/v2\/media?parent=3538"}],"curies":[{"name":"wp","href":"https:\/\/api.w.org\/{rel}","templated":true}]}}