{"id":386,"date":"2016-11-27T23:51:43","date_gmt":"2016-11-27T22:51:43","guid":{"rendered":"http:\/\/pascalaussi.fr\/?page_id=386"},"modified":"2020-03-01T10:23:20","modified_gmt":"2020-03-01T09:23:20","slug":"plus-vieux-mais-sans-precipitation-le-temps","status":"publish","type":"page","link":"https:\/\/pascalaussi.fr\/index.php\/plus-vieux-mais-sans-precipitation-le-temps\/","title":{"rendered":"Plus vieux mais sans pr\u00e9cipitation : le Temps"},"content":{"rendered":"<p style=\"text-align: center;\"><em>Le temps s&rsquo;en va, le temps s&rsquo;en va, ma Dame<br \/>\n<\/em><em>Las ! Le temps non, mais nous nous en allons<br \/>\n<\/em><em>Et t\u00f4t serons \u00e9tendus sous la lame<\/em><\/p>\n<p style=\"text-align: center;\">\u00a0\u00a0 \u00a0 \u00a0 \u00a0 \u00a0 \u00a0 \u00a0 \u00a0 \u00a0 \u00a0 \u00a0 \u00a0 \u00a0 \u00a0 \u00a0 \u00a0 \u00a0 \u00a0 \u00a0Pierre de Ronsard<\/p>\n<p style=\"text-align: center;\"><img decoding=\"async\" loading=\"lazy\" class=\"alignnone wp-image-348\" src=\"https:\/\/pascalaussi.fr\/wp-content\/uploads\/2016\/11\/qui-passe2-300x196.jpg\" alt=\"qui-passe2\" width=\"335\" height=\"219\" srcset=\"https:\/\/pascalaussi.fr\/wp-content\/uploads\/2016\/11\/qui-passe2-300x196.jpg 300w, https:\/\/pascalaussi.fr\/wp-content\/uploads\/2016\/11\/qui-passe2.jpg 480w\" sizes=\"(max-width: 335px) 100vw, 335px\" \/><\/p>\n<p style=\"text-align: left;\">Le temps est-il si lin\u00e9aire, n&rsquo;avance-t-il pas en volutes ? Ou comme en v\u00e9lo, toujours vers l&rsquo;avant mais en cycles.<br \/>\nParmi les nombreuses chansons que j&rsquo;ai pu \u00e9crire sur le temps qui passe, il en est plusieurs o\u00f9 il est carr\u00e9ment &#8211; rondement, plut\u00f4t &#8211; question d&rsquo;un tour complet de l&rsquo;un des engrenages, qu&rsquo;il soit celui de la journ\u00e9e comme dans <strong>Que je <\/strong><strong>cherche <\/strong><strong>\u00e0 parler d&rsquo;elle<\/strong>, de l&rsquo;ann\u00e9e comme dans <strong>Les arbres de la for\u00eat<\/strong>, de l&rsquo;enfance comme dans <strong>Pomme <\/strong><strong>douce, <\/strong>ou\u00a0de l&rsquo;ensemble des \u00e2ges\u00a0de la vie\u00a0comme dans <strong>Le temps est un oiseau <\/strong>ou le tr\u00e8s ethnologique <strong>On connait la suite<\/strong>&#8230;<strong><br \/>\n<\/strong><\/p>\n<p style=\"text-align: left;\"><img decoding=\"async\" loading=\"lazy\" class=\"alignnone wp-image-393 aligncenter\" src=\"https:\/\/pascalaussi.fr\/wp-content\/uploads\/2016\/11\/horloge-strasbourg-300x199.jpg\" alt=\"horloge-strasbourg\" width=\"481\" height=\"319\" srcset=\"https:\/\/pascalaussi.fr\/wp-content\/uploads\/2016\/11\/horloge-strasbourg-300x199.jpg 300w, https:\/\/pascalaussi.fr\/wp-content\/uploads\/2016\/11\/horloge-strasbourg.jpg 384w\" sizes=\"(max-width: 481px) 100vw, 481px\" \/><\/p>\n","protected":false},"excerpt":{"rendered":"<p>Le temps s&rsquo;en va, le temps s&rsquo;en va, ma Dame Las ! Le temps non, mais nous nous en allons Et t\u00f4t serons \u00e9tendus sous la lame \u00a0\u00a0 \u00a0 \u00a0 \u00a0 \u00a0 \u00a0 \u00a0 \u00a0 \u00a0 \u00a0 \u00a0 \u00a0 \u00a0 \u00a0 \u00a0 \u00a0 \u00a0 \u00a0 \u00a0Pierre de Ronsard Le temps est-il si lin\u00e9aire, n&rsquo;avance-t-il pas &hellip; <a href=\"https:\/\/pascalaussi.fr\/index.php\/plus-vieux-mais-sans-precipitation-le-temps\/\" class=\"more-link\">Continuer la lecture de <span class=\"screen-reader-text\">Plus vieux mais sans pr\u00e9cipitation : le Temps<\/span><\/a><\/p>\n","protected":false},"author":2,"featured_media":0,"parent":0,"menu_order":0,"comment_status":"closed","ping_status":"closed","template":"","meta":[],"_links":{"self":[{"href":"https:\/\/pascalaussi.fr\/index.php\/wp-json\/wp\/v2\/pages\/386"}],"collection":[{"href":"https:\/\/pascalaussi.fr\/index.php\/wp-json\/wp\/v2\/pages"}],"about":[{"href":"https:\/\/pascalaussi.fr\/index.php\/wp-json\/wp\/v2\/types\/page"}],"author":[{"embeddable":true,"href":"https:\/\/pascalaussi.fr\/index.php\/wp-json\/wp\/v2\/users\/2"}],"replies":[{"embeddable":true,"href":"https:\/\/pascalaussi.fr\/index.php\/wp-json\/wp\/v2\/comments?post=386"}],"version-history":[{"count":11,"href":"https:\/\/pascalaussi.fr\/index.php\/wp-json\/wp\/v2\/pages\/386\/revisions"}],"predecessor-version":[{"id":1857,"href":"https:\/\/pascalaussi.fr\/index.php\/wp-json\/wp\/v2\/pages\/386\/revisions\/1857"}],"wp:attachment":[{"href":"https:\/\/pascalaussi.fr\/index.php\/wp-json\/wp\/v2\/media?parent=386"}],"curies":[{"name":"wp","href":"https:\/\/api.w.org\/{rel}","templated":true}]}}