{"id":397,"date":"2016-11-28T00:23:48","date_gmt":"2016-11-27T23:23:48","guid":{"rendered":"http:\/\/pascalaussi.fr\/?page_id=397"},"modified":"2023-07-28T18:05:25","modified_gmt":"2023-07-28T16:05:25","slug":"ar-mor-divent-the-water-is-wide-la-mer-est-immense","status":"publish","type":"page","link":"https:\/\/pascalaussi.fr\/index.php\/ar-mor-divent-the-water-is-wide-la-mer-est-immense\/","title":{"rendered":"Ar mor divent, the water is wide, la mer est immense"},"content":{"rendered":"<p style=\"text-align: left;\">Souchon a raison : la vie intime est maritime. On vit comme au versant d&rsquo;une <strong>Zone inondable<\/strong>. Constat d&rsquo;ici, r\u00eave d&rsquo;ailleurs, le<br \/>\nrivage est la fronti\u00e8re naturelle, la ligne de d\u00e9marcation, entre le trop sec de nos vies et un \u00ab\u00a0mouill\u00e9\u00a0\u00bb plus prometteur.<\/p>\n<p>Envie d&rsquo;\u00eele &#8211;<strong> Talua <\/strong>&#8211; chagrin d&rsquo;elle &#8211; <strong>Robinson <\/strong>&#8211; combien de fois la mer, d\u00e9cor imm\u00e9diatement identifiable pour se jouer le film du souvenir d&rsquo;\u00e9t\u00e9 &#8211; <strong>Kerlou<\/strong> &#8211; de l&rsquo;\u00e9coulement des jours &#8211; <strong>Le coeur comme un volet qui bat <\/strong>&#8211; des brisants du coeur &#8211; <strong>Est-ce partir ?<\/strong> <strong>&#8211; <\/strong><\/p>\n<p style=\"text-align: left;\">La mer et les bateaux, symbole cinglant toutes voiles dehors ! &#8211; <strong>Transat<\/strong>, <strong>Balancelle <\/strong>&#8211; et dans l&rsquo;arri\u00e8re pays, notre vie qui suit <strong>son cours.<\/strong><\/p>\n<p style=\"text-align: left;\">Ce n&rsquo;est que de l&rsquo;eau mais incontournable. Ajoutez les larmes de <strong>Mont\u00e9e<\/strong> <strong>des eaux, <\/strong>la photo d&rsquo;\u00c9tretat dans\u00a0<strong>Strapontin<\/strong>, la<br \/>\nsous-l&rsquo;eau-graphie de <strong>Flottaison <\/strong>&#8211; une berge, c&rsquo;est comme un rivage en petit &#8211; et je ne serai pas \u00e9tonn\u00e9 que du haut du vallon de <strong>La chanson du bonheur&#8230; <\/strong>on aper\u00e7oive la mer.<\/p>\n<p style=\"text-align: left;\"><img decoding=\"async\" loading=\"lazy\" class=\"alignnone wp-image-349\" src=\"https:\/\/pascalaussi.fr\/wp-content\/uploads\/2016\/11\/bigood1-300x169.jpg\" alt=\"bigood1\" width=\"605\" height=\"341\" srcset=\"https:\/\/pascalaussi.fr\/wp-content\/uploads\/2016\/11\/bigood1-300x169.jpg 300w, https:\/\/pascalaussi.fr\/wp-content\/uploads\/2016\/11\/bigood1.jpg 480w\" sizes=\"(max-width: 605px) 100vw, 605px\" \/><\/p>\n","protected":false},"excerpt":{"rendered":"<p>Souchon a raison : la vie intime est maritime. On vit comme au versant d&rsquo;une Zone inondable. Constat d&rsquo;ici, r\u00eave d&rsquo;ailleurs, le rivage est la fronti\u00e8re naturelle, la ligne de d\u00e9marcation, entre le trop sec de nos vies et un \u00ab\u00a0mouill\u00e9\u00a0\u00bb plus prometteur. Envie d&rsquo;\u00eele &#8211; Talua &#8211; chagrin d&rsquo;elle &#8211; Robinson &#8211; combien de &hellip; <a href=\"https:\/\/pascalaussi.fr\/index.php\/ar-mor-divent-the-water-is-wide-la-mer-est-immense\/\" class=\"more-link\">Continuer la lecture de <span class=\"screen-reader-text\">Ar mor divent, the water is wide, la mer est immense<\/span><\/a><\/p>\n","protected":false},"author":2,"featured_media":0,"parent":0,"menu_order":0,"comment_status":"closed","ping_status":"closed","template":"","meta":[],"_links":{"self":[{"href":"https:\/\/pascalaussi.fr\/index.php\/wp-json\/wp\/v2\/pages\/397"}],"collection":[{"href":"https:\/\/pascalaussi.fr\/index.php\/wp-json\/wp\/v2\/pages"}],"about":[{"href":"https:\/\/pascalaussi.fr\/index.php\/wp-json\/wp\/v2\/types\/page"}],"author":[{"embeddable":true,"href":"https:\/\/pascalaussi.fr\/index.php\/wp-json\/wp\/v2\/users\/2"}],"replies":[{"embeddable":true,"href":"https:\/\/pascalaussi.fr\/index.php\/wp-json\/wp\/v2\/comments?post=397"}],"version-history":[{"count":16,"href":"https:\/\/pascalaussi.fr\/index.php\/wp-json\/wp\/v2\/pages\/397\/revisions"}],"predecessor-version":[{"id":1645,"href":"https:\/\/pascalaussi.fr\/index.php\/wp-json\/wp\/v2\/pages\/397\/revisions\/1645"}],"wp:attachment":[{"href":"https:\/\/pascalaussi.fr\/index.php\/wp-json\/wp\/v2\/media?parent=397"}],"curies":[{"name":"wp","href":"https:\/\/api.w.org\/{rel}","templated":true}]}}