{"id":407,"date":"2016-11-28T01:09:54","date_gmt":"2016-11-28T00:09:54","guid":{"rendered":"http:\/\/pascalaussi.fr\/?page_id=407"},"modified":"2020-11-23T08:30:26","modified_gmt":"2020-11-23T07:30:26","slug":"lamour-lenfance-la-fantaisie","status":"publish","type":"page","link":"https:\/\/pascalaussi.fr\/index.php\/lamour-lenfance-la-fantaisie\/","title":{"rendered":"l&rsquo;Amour, l&rsquo;Enfance, la Fantaisie"},"content":{"rendered":"<p style=\"text-align: right;\"><img decoding=\"async\" loading=\"lazy\" class=\"alignnone wp-image-423\" src=\"https:\/\/pascalaussi.fr\/wp-content\/uploads\/2016\/11\/images.jpg\" alt=\"images\" width=\"288\" height=\"183\" \/><strong>&#8230; <\/strong><\/p>\n<p style=\"text-align: center;\"><strong>AMOUR<\/strong><\/p>\n<p style=\"text-align: right;\"><strong>mourir me font &#8230;<\/strong><\/p>\n<p style=\"text-align: right;\"><img decoding=\"async\" loading=\"lazy\" class=\"alignnone wp-image-411\" src=\"https:\/\/pascalaussi.fr\/wp-content\/uploads\/2016\/11\/ce-me-semble-tout-a\u0300-lheure.jpg\" alt=\"ce-me-semble-tout-a-lheure\" width=\"294\" height=\"294\" srcset=\"https:\/\/pascalaussi.fr\/wp-content\/uploads\/2016\/11\/ce-me-semble-tout-a\u0300-lheure.jpg 300w, https:\/\/pascalaussi.fr\/wp-content\/uploads\/2016\/11\/ce-me-semble-tout-a\u0300-lheure-150x150.jpg 150w\" sizes=\"(max-width: 294px) 100vw, 294px\" \/><\/p>\n<p>Si je les classe dans l&rsquo;ordre o\u00f9 \u00e7a se passe, nous avons les chansons d&rsquo;\u00e9merveillement comme <strong>Balancelle <\/strong>ou <strong>Que je cherche \u00e0 parler<\/strong>\u00a0<strong>d&rsquo;elle<\/strong>, les chansons de constance comme <strong>Ne change pas demain<\/strong> ou <strong>Que du feu<\/strong>, mais aussi de tourment (<strong>Sans toi<\/strong>, <strong>Trompeur<\/strong>, <strong>Robinson<\/strong>) sans oublier celles (<strong>Parcours fl\u00e9ch\u00e9<\/strong>, <strong>Strapontin<\/strong>) qui, comment dire, observent froidement le ph\u00e9nom\u00e8ne.<\/p>\n<p style=\"text-align: center;\"><strong>ENFANCE<\/strong><\/p>\n<p style=\"text-align: right;\"><strong>Avec les yeux d&rsquo;aujourd&rsquo;hui<\/strong><\/p>\n<p style=\"text-align: left;\"><img decoding=\"async\" loading=\"lazy\" class=\"wp-image-351 aligncenter\" src=\"https:\/\/pascalaussi.fr\/wp-content\/uploads\/2016\/11\/enfange-300x277.jpg\" alt=\"enfange\" width=\"314\" height=\"290\" srcset=\"https:\/\/pascalaussi.fr\/wp-content\/uploads\/2016\/11\/enfange-300x277.jpg 300w, https:\/\/pascalaussi.fr\/wp-content\/uploads\/2016\/11\/enfange.jpg 384w\" sizes=\"(max-width: 314px) 100vw, 314px\" \/><\/p>\n<p>Peu de chansons directement pour les enfants. Quelques-unes quand m\u00eame &#8211; <strong>Les arbres de la for\u00eat<\/strong>, <strong>Pomme douce<\/strong>, <strong>Un secret de Polichinelle,<\/strong> <strong>Graines<\/strong> &#8211; ont un ton, un vocabulaire, une expressivit\u00e9 musicale qui peuvent les convaincre.<\/p>\n<p>Plus nombreuses sont les chansons parlant d&rsquo;enfance : une enfance rem\u00e9mor\u00e9e &#8211; <strong>Petite souris<\/strong>,<strong> Longue \u00e9chapp\u00e9e<\/strong> &#8211; ou c\u00e9l\u00e9br\u00e9e\u00a0 &#8211; <strong>O\u00eb<\/strong>, <strong>Le temps est un oiseau (saison 1)<\/strong> &#8211; o\u00f9 le fait &#8211; attention ! &#8211; que ce soit des enfants rend plus dur le tableau &#8211; <strong>J&rsquo;ai une chanson, veux-tu la conna\u00eetre ? &#8211;<\/strong><\/p>\n<p>Plus quelques autres o\u00f9 il est davantage question de la filiation que de l&rsquo;enfance &#8211; <strong>Douleur Pastel<\/strong>, <strong>Chanson pour plus tard<\/strong> et sa version au f\u00e9minin, <strong>Transat<\/strong> &#8211;<\/p>\n<p>J&rsquo;en sais qui peuvent r\u00e9jouir les enfants &#8211; <strong>Rapprochement \u00e0 \u00e9viter<\/strong>, <strong>Girouette, mais qu&rsquo;attends-tu&#8230;<\/strong> &#8211; ou les toucher &#8211; <strong>Talua<\/strong>\u00a0&#8211;<\/p>\n<p><em>\u00c0 noter pour ma d\u00e9fense que<strong> Talua <\/strong>est au catalogue des \u00c9ditions M\u00f4meludies, harmonis\u00e9e \u00e0 trois voix et instruments pour l&rsquo;\u00e9panouissement de notre belle jeunesse !<\/em><\/p>\n<p><em>\u00c0 noter pour mon accusation que \u00ab\u00a0les contes de notre enfance\u00a0\u00bb comme disait Barbaba, Renard, Chat Bott\u00e9, Belle au Bois dormant, <\/em><em>Petit Poucet<\/em><em> et Barbe bleue<\/em><em>\u00a0ne figurent dans <strong>Guignol<\/strong><br \/>\n<\/em><em>que comme les signes d&rsquo;un mal profond qualit\u00e9 pure peur!<br \/>\n<\/em><\/p>\n<p style=\"text-align: center;\"><img decoding=\"async\" loading=\"lazy\" class=\"alignnone wp-image-559\" src=\"https:\/\/pascalaussi.fr\/wp-content\/uploads\/2016\/11\/images-2.jpg\" alt=\"images\" width=\"288\" height=\"202\" \/><strong><br \/>\n<\/strong><\/p>\n<p style=\"text-align: center;\"><strong>FANTAISIE<\/strong><\/p>\n<p style=\"text-align: right;\"><strong>J&rsquo;envisage s\u00e9rieusement de me mettre \u00e0 la plaisanterie<\/strong><\/p>\n<p style=\"text-align: right;\"><em>salet\u00e9 de dent de sagesse !<\/em><img decoding=\"async\" loading=\"lazy\" class=\"alignnone size-full wp-image-417\" src=\"https:\/\/pascalaussi.fr\/wp-content\/uploads\/2016\/11\/salete\u0301-de-dent-de-sagesse.jpg\" alt=\"salete-de-dent-de-sagesse\" width=\"186\" height=\"270\" \/><\/p>\n<p style=\"text-align: right;\">Fantaisie salutaire,<br \/>\nEntorse si minime<br \/>\nsoit-elle\u00a0au convenu,<br \/>\nR\u00e9cr\u00e9ation du\u00a0cr\u00e9ateur,<br \/>\n\u00c9chapp\u00e9e belle du spectateur,<br \/>\nInvention qui donne \u00e0 sourire<br \/>\net\u00a0pr\u00eate \u00e0 tout voir autrement,<br \/>\nsans duperie sur la qualit\u00e9<br \/>\nni crainte de l&rsquo;insolite,<br \/>\nni honte du clich\u00e9.<\/p>\n<p>Si un peu d&rsquo;esprit, j&rsquo;esp\u00e8re, est pr\u00e9sent dans nombre de mes chansons, peu c&rsquo;est vrai rel\u00e8vent de la franche gait\u00e9.<br \/>\nLe rire est-il trop s\u00e9rieux pour \u00eatre trait\u00e9 \u00e0 la l\u00e9g\u00e8re ? C&rsquo;est comme si je n&rsquo;entrais en fantaisie qu&rsquo;apr\u00e8s avoir choisi ma tenue dans une malle \u00e0 d\u00e9guisement : <strong>Rein et calcul<\/strong> en d\u00e9cor tropical, <strong>Rapprochement \u00e0 \u00e9viter<\/strong> comme au Far West,<strong> J&rsquo;ai peine perdue<\/strong> fa\u00e7on slave et <strong>Girouette, mais qu&rsquo;attends-tu&#8230;<\/strong> en tableau \u00e0 l&rsquo;ancienne.<br \/>\nJe ne parlerai qu&rsquo;en pr\u00e9sence de mon psychanalyste.<\/p>\n","protected":false},"excerpt":{"rendered":"<p>&#8230; AMOUR mourir me font &#8230; Si je les classe dans l&rsquo;ordre o\u00f9 \u00e7a se passe, nous avons les chansons d&rsquo;\u00e9merveillement comme Balancelle ou Que je cherche \u00e0 parler\u00a0d&rsquo;elle, les chansons de constance comme Ne change pas demain ou Que du feu, mais aussi de tourment (Sans toi, Trompeur, Robinson) sans oublier celles (Parcours fl\u00e9ch\u00e9, &hellip; <a href=\"https:\/\/pascalaussi.fr\/index.php\/lamour-lenfance-la-fantaisie\/\" class=\"more-link\">Continuer la lecture de <span class=\"screen-reader-text\">l&rsquo;Amour, l&rsquo;Enfance, la Fantaisie<\/span><\/a><\/p>\n","protected":false},"author":2,"featured_media":0,"parent":0,"menu_order":0,"comment_status":"closed","ping_status":"closed","template":"","meta":[],"_links":{"self":[{"href":"https:\/\/pascalaussi.fr\/index.php\/wp-json\/wp\/v2\/pages\/407"}],"collection":[{"href":"https:\/\/pascalaussi.fr\/index.php\/wp-json\/wp\/v2\/pages"}],"about":[{"href":"https:\/\/pascalaussi.fr\/index.php\/wp-json\/wp\/v2\/types\/page"}],"author":[{"embeddable":true,"href":"https:\/\/pascalaussi.fr\/index.php\/wp-json\/wp\/v2\/users\/2"}],"replies":[{"embeddable":true,"href":"https:\/\/pascalaussi.fr\/index.php\/wp-json\/wp\/v2\/comments?post=407"}],"version-history":[{"count":76,"href":"https:\/\/pascalaussi.fr\/index.php\/wp-json\/wp\/v2\/pages\/407\/revisions"}],"predecessor-version":[{"id":2233,"href":"https:\/\/pascalaussi.fr\/index.php\/wp-json\/wp\/v2\/pages\/407\/revisions\/2233"}],"wp:attachment":[{"href":"https:\/\/pascalaussi.fr\/index.php\/wp-json\/wp\/v2\/media?parent=407"}],"curies":[{"name":"wp","href":"https:\/\/api.w.org\/{rel}","templated":true}]}}