{"id":4323,"date":"2025-11-26T11:30:45","date_gmt":"2025-11-26T10:30:45","guid":{"rendered":"https:\/\/pascalaussi.fr\/?page_id=4323"},"modified":"2026-02-17T23:28:35","modified_gmt":"2026-02-17T22:28:35","slug":"voir-en-peinture","status":"publish","type":"page","link":"https:\/\/pascalaussi.fr\/index.php\/voir-en-peinture\/","title":{"rendered":"\u00ab\u00a0Pagaie pas gai\u00a0\u00bb"},"content":{"rendered":"\n<p style=\"font-size:16px\">Faut-il parler d&rsquo;histoires, avec leurs personnages, ou de po\u00e8mes, vue leur forme rim\u00e9e, mais surtout de quoi parlent ces textes (dont nous verrons plus tard qu&rsquo;il s&rsquo;agit en fait de paroles de chansons) ?<\/p>\n\n\n\n<p style=\"font-size:16px\">\u00c7a commence l\u00e9ger avec un premier qui feint de s&rsquo;amuser des sentiments. Mais les suivants, certes avec des intensit\u00e9s vari\u00e9es, nous disent la tristesse, la solitude, l&rsquo;attente, la blessure, jusqu&rsquo;au dernier qui nous rappelle le fatal sens de nos vies, de la source vers la mer.<\/p>\n\n\n\n<p style=\"font-size:16px\">Nous avons l\u00e0 un d\u00e9prim\u00e9 changeant de vie, un fier marginal en rade, une r\u00eaveuse d&rsquo;ailleurs, une future maman pas forc\u00e9ment sereine, une \u00e2me en peine errante sur son \u00eelot&#8230; bref des gens comme nous en connaissons, ou que nous pourrions \u00eatre.<\/p>\n\n\n\n<figure class=\"wp-block-image size-full is-resized\"><img decoding=\"async\" loading=\"lazy\" src=\"https:\/\/pascalaussi.fr\/wp-content\/uploads\/2025\/11\/Coeur-Table-Capture-decran-2020-03-07-a-22.17.02-2.jpg\" alt=\"\" class=\"wp-image-4386\" width=\"679\" height=\"199\" srcset=\"https:\/\/pascalaussi.fr\/wp-content\/uploads\/2025\/11\/Coeur-Table-Capture-decran-2020-03-07-a-22.17.02-2.jpg 552w, https:\/\/pascalaussi.fr\/wp-content\/uploads\/2025\/11\/Coeur-Table-Capture-decran-2020-03-07-a-22.17.02-2-300x88.jpg 300w\" sizes=\"(max-width: 679px) 100vw, 679px\" \/><\/figure>\n","protected":false},"excerpt":{"rendered":"<p>Faut-il parler d&rsquo;histoires, avec leurs personnages, ou de po\u00e8mes, vue leur forme rim\u00e9e, mais surtout de quoi parlent ces textes (dont nous verrons plus tard qu&rsquo;il s&rsquo;agit en fait de paroles de chansons) ? \u00c7a commence l\u00e9ger avec un premier qui feint de s&rsquo;amuser des sentiments. Mais les suivants, certes avec des intensit\u00e9s vari\u00e9es, nous &hellip; <a href=\"https:\/\/pascalaussi.fr\/index.php\/voir-en-peinture\/\" class=\"more-link\">Continuer la lecture de <span class=\"screen-reader-text\">\u00ab\u00a0Pagaie pas gai\u00a0\u00bb<\/span><\/a><\/p>\n","protected":false},"author":2,"featured_media":0,"parent":0,"menu_order":0,"comment_status":"closed","ping_status":"closed","template":"","meta":[],"_links":{"self":[{"href":"https:\/\/pascalaussi.fr\/index.php\/wp-json\/wp\/v2\/pages\/4323"}],"collection":[{"href":"https:\/\/pascalaussi.fr\/index.php\/wp-json\/wp\/v2\/pages"}],"about":[{"href":"https:\/\/pascalaussi.fr\/index.php\/wp-json\/wp\/v2\/types\/page"}],"author":[{"embeddable":true,"href":"https:\/\/pascalaussi.fr\/index.php\/wp-json\/wp\/v2\/users\/2"}],"replies":[{"embeddable":true,"href":"https:\/\/pascalaussi.fr\/index.php\/wp-json\/wp\/v2\/comments?post=4323"}],"version-history":[{"count":103,"href":"https:\/\/pascalaussi.fr\/index.php\/wp-json\/wp\/v2\/pages\/4323\/revisions"}],"predecessor-version":[{"id":5146,"href":"https:\/\/pascalaussi.fr\/index.php\/wp-json\/wp\/v2\/pages\/4323\/revisions\/5146"}],"wp:attachment":[{"href":"https:\/\/pascalaussi.fr\/index.php\/wp-json\/wp\/v2\/media?parent=4323"}],"curies":[{"name":"wp","href":"https:\/\/api.w.org\/{rel}","templated":true}]}}