{"id":4871,"date":"2025-12-12T11:19:32","date_gmt":"2025-12-12T10:19:32","guid":{"rendered":"https:\/\/pascalaussi.fr\/?page_id=4871"},"modified":"2025-12-12T14:53:18","modified_gmt":"2025-12-12T13:53:18","slug":"implicites","status":"publish","type":"page","link":"https:\/\/pascalaussi.fr\/index.php\/implicites\/","title":{"rendered":"Implicites"},"content":{"rendered":"\n<p>Directement inspir\u00e9s des Apart\u00e9(s) sortis de l&rsquo;Atelier \u00ab\u00a0Olive\u00a0\u00bb et dont ils reprennent la forme et la m\u00e9trique.<\/p>\n\n\n\n<p><\/p>\n\n\n\n<p class=\"has-text-align-center\">JALOUSIE<\/p>\n\n\n\n<p class=\"has-text-align-center\">J\u2019ai un ami chanteur qui croule sous les <em>followers<\/em><br>Le succ\u00e8s, faut savoir, \u00e7a cr\u00e9e tout un tas de soucis<br>Moi, pas fou, j\u2019ai choisi, c\u2019est pas pour me jeter des fleurs<br>Une vie plus tranquille, oh oui&nbsp;! et loin des jalousies<\/p>\n\n\n\n<p><\/p>\n\n\n\n<p class=\"has-text-align-center\">LUNETTE<\/p>\n\n\n\n<p class=\"has-text-align-center\">\u00ab&nbsp;\u2026 un exemple&nbsp;: chez l\u2019homme &#8211; une branche des mammif\u00e8res &#8211;<br>tu vois\u2026 \u00e7a semble aller, pas trop de conflits de personnes<br>mais suffit qu\u2019ils s\u2019assoient\u2026 regarde les\u2026 y a rien \u00e0 faire&nbsp;!<br>.. chacun dans leur auto\u2026 Bingo ! c\u2019est injure et klaxon&nbsp;!&nbsp;\u00bb<\/p>\n\n\n\n<p><\/p>\n\n\n\n<p class=\"has-text-align-center\">RIMBAUD<\/p>\n\n\n\n<p class=\"has-text-align-center\">Le bizness dans les caves avec les seringues et les rats<br>C\u2019\u00e9tait en attendant\u2026 jusqu\u2019\u00e0\u2026 ces deux trous dans la peau<br>Ma m\u00e8re a dit \u00ab&nbsp;C\u2019est triste&nbsp;\u00bb et mon fr\u00e8re \u00ab&nbsp;Bon d\u00e9barras&nbsp;\u00bb<br>Lui m\u2019avait dit un soir \u00ab&nbsp;Eh gars ! tu sais que tu es beau&nbsp;!&nbsp;\u00bb<\/p>\n","protected":false},"excerpt":{"rendered":"<p>Directement inspir\u00e9s des Apart\u00e9(s) sortis de l&rsquo;Atelier \u00ab\u00a0Olive\u00a0\u00bb et dont ils reprennent la forme et la m\u00e9trique. JALOUSIE J\u2019ai un ami chanteur qui croule sous les followersLe succ\u00e8s, faut savoir, \u00e7a cr\u00e9e tout un tas de soucisMoi, pas fou, j\u2019ai choisi, c\u2019est pas pour me jeter des fleursUne vie plus tranquille, oh oui&nbsp;! et loin &hellip; <a href=\"https:\/\/pascalaussi.fr\/index.php\/implicites\/\" class=\"more-link\">Continuer la lecture de <span class=\"screen-reader-text\">Implicites<\/span><\/a><\/p>\n","protected":false},"author":2,"featured_media":0,"parent":0,"menu_order":0,"comment_status":"closed","ping_status":"closed","template":"","meta":[],"_links":{"self":[{"href":"https:\/\/pascalaussi.fr\/index.php\/wp-json\/wp\/v2\/pages\/4871"}],"collection":[{"href":"https:\/\/pascalaussi.fr\/index.php\/wp-json\/wp\/v2\/pages"}],"about":[{"href":"https:\/\/pascalaussi.fr\/index.php\/wp-json\/wp\/v2\/types\/page"}],"author":[{"embeddable":true,"href":"https:\/\/pascalaussi.fr\/index.php\/wp-json\/wp\/v2\/users\/2"}],"replies":[{"embeddable":true,"href":"https:\/\/pascalaussi.fr\/index.php\/wp-json\/wp\/v2\/comments?post=4871"}],"version-history":[{"count":12,"href":"https:\/\/pascalaussi.fr\/index.php\/wp-json\/wp\/v2\/pages\/4871\/revisions"}],"predecessor-version":[{"id":4899,"href":"https:\/\/pascalaussi.fr\/index.php\/wp-json\/wp\/v2\/pages\/4871\/revisions\/4899"}],"wp:attachment":[{"href":"https:\/\/pascalaussi.fr\/index.php\/wp-json\/wp\/v2\/media?parent=4871"}],"curies":[{"name":"wp","href":"https:\/\/api.w.org\/{rel}","templated":true}]}}