{"id":577,"date":"2017-01-03T22:31:53","date_gmt":"2017-01-03T21:31:53","guid":{"rendered":"http:\/\/pascalaussi.fr\/?page_id=577"},"modified":"2026-05-06T14:59:09","modified_gmt":"2026-05-06T12:59:09","slug":"balancelle","status":"publish","type":"page","link":"https:\/\/pascalaussi.fr\/index.php\/balancelle\/","title":{"rendered":"Balancelle"},"content":{"rendered":"\n<p class=\"has-text-align-center\"><em>Faut-il parler de libre r\u00eaverie, de collage po\u00e9tique<\/em> ?<br><em>Roland Kalus : r\u00e9alisation B.O. et guitare<br>Morgane \u00ab\u00a0Momette\u00a0\u00bb Marqu\u00e9 : voix<\/em><br><em>Elke Diepenbeck : m\u00e9lodica<br><\/em><\/p>\n\n\n\n<figure class=\"wp-block-audio\"><audio controls src=\"https:\/\/pascalaussi.fr\/wp-content\/uploads\/2026\/05\/Balancelle-5.mp3\"><\/audio><\/figure>\n\n\n<p style=\"text-align: center;\">Ton sourire est, tu sais, comme une balancelleet\u00a0<br \/>Brise l\u00e9g\u00e8re, onde soyeuse, allure ais\u00e9e<br \/>Pleine cargaison de baisers<br \/>Voile blanche au matin, au soir une \u00e9tincelle<br \/>Et ce friselis de leurs ailes<br \/>Qu\u2019ont les oiseaux<br \/>Dans ton sillage bleu<br \/>Ton sourire est, tu sais, comme une balancelle<br \/>\u00c0 l\u2019horizon des jours heureux<\/p>\n<p style=\"text-align: center;\">Mais des fois les grands vents font du z\u00e8le<br \/>Insomnie, moutons blancs, vague \u00e0 l\u2019\u00e2me, bec dans l\u2019eau<br \/>Bouteille \u00e0 la mer, tout ballot\u2026<\/p>\n<p style=\"text-align: center;\">Ton sourire est, tu sais, comme une balancelle<br \/>Orage \u00e9clair, lame de fond, c\u2019est l\u2019avarie<br \/>Et le courant qui nous charrie<br \/>Tu fais br\u00fbler le riz, j\u2019\u00e9br\u00e8che la vaisselle<br \/>L\u2019\u00e9cume des jours s\u2019amoncelle<br \/>Dans les roseaux<br \/>La coquille de noix\u00a0!<br \/>Ton sourire est, tu sais, comme une balancelle<br \/>Alors souris, souris quand m\u00eame<br \/>Puis dis-moi que tu m\u2019aimes<br \/>Ou je me noie<\/p>\n<p style=\"text-align: center;\"><img decoding=\"async\" loading=\"lazy\" class=\"alignnone wp-image-553\" src=\"https:\/\/pascalaussi.fr\/wp-content\/uploads\/2016\/11\/images-1.png\" alt=\"images\" width=\"77\" height=\"82\" \/><\/p>\n<p style=\"text-align: center;\"><em>Paroles : Pascal AUSSI<br \/>Musique : Roland KALUS<\/em><\/p>","protected":false},"excerpt":{"rendered":"<p>Faut-il parler de libre r\u00eaverie, de collage po\u00e9tique ?Roland Kalus : r\u00e9alisation B.O. et guitareMorgane \u00ab\u00a0Momette\u00a0\u00bb Marqu\u00e9 : voixElke Diepenbeck : m\u00e9lodica Ton sourire est, tu sais, comme une balancelleet\u00a0Brise l\u00e9g\u00e8re, onde soyeuse, allure ais\u00e9ePleine cargaison de baisersVoile blanche au matin, au soir une \u00e9tincelleEt ce friselis de leurs ailesQu\u2019ont les oiseauxDans ton sillage bleuTon &hellip; <a href=\"https:\/\/pascalaussi.fr\/index.php\/balancelle\/\" class=\"more-link\">Continuer la lecture de <span class=\"screen-reader-text\">Balancelle<\/span><\/a><\/p>\n","protected":false},"author":2,"featured_media":0,"parent":0,"menu_order":0,"comment_status":"closed","ping_status":"closed","template":"","meta":[],"_links":{"self":[{"href":"https:\/\/pascalaussi.fr\/index.php\/wp-json\/wp\/v2\/pages\/577"}],"collection":[{"href":"https:\/\/pascalaussi.fr\/index.php\/wp-json\/wp\/v2\/pages"}],"about":[{"href":"https:\/\/pascalaussi.fr\/index.php\/wp-json\/wp\/v2\/types\/page"}],"author":[{"embeddable":true,"href":"https:\/\/pascalaussi.fr\/index.php\/wp-json\/wp\/v2\/users\/2"}],"replies":[{"embeddable":true,"href":"https:\/\/pascalaussi.fr\/index.php\/wp-json\/wp\/v2\/comments?post=577"}],"version-history":[{"count":37,"href":"https:\/\/pascalaussi.fr\/index.php\/wp-json\/wp\/v2\/pages\/577\/revisions"}],"predecessor-version":[{"id":5299,"href":"https:\/\/pascalaussi.fr\/index.php\/wp-json\/wp\/v2\/pages\/577\/revisions\/5299"}],"wp:attachment":[{"href":"https:\/\/pascalaussi.fr\/index.php\/wp-json\/wp\/v2\/media?parent=577"}],"curies":[{"name":"wp","href":"https:\/\/api.w.org\/{rel}","templated":true}]}}