{"id":586,"date":"2017-01-03T23:04:25","date_gmt":"2017-01-03T22:04:25","guid":{"rendered":"http:\/\/pascalaussi.fr\/?page_id=586"},"modified":"2022-08-27T11:00:04","modified_gmt":"2022-08-27T09:00:04","slug":"berceuse-peut-etre","status":"publish","type":"page","link":"https:\/\/pascalaussi.fr\/index.php\/berceuse-peut-etre\/","title":{"rendered":"Berceuse, peut-\u00eatre"},"content":{"rendered":"<p style=\"text-align: center;\">Repouss\u00e9 la porte du couloir<br \/>\nTout seul dans le noir<br \/>\nSerrer fort ton cartable<br \/>\nBlotti, perdu sous la table<br \/>\nTout seul dans le noir<em><br \/>\n<\/em><\/p>\n<p><em>Do l\u2019enfant do, tes l\u00e8vres ferm\u00e9es<br \/>\nTu ne dis rien de ton fardeau<br \/>\nUne \u00e9toile, l\u00e0-bas, s\u2018est allum\u00e9e<br \/>\nPrenant la route aussit\u00f4t<\/em><\/p>\n<p style=\"text-align: center;\">Que ne peux-tu tout fermer pareil<br \/>\nBoucher tes oreilles<br \/>\nEt ces noms qu\u2019ils te lancent<br \/>\nQuand tu gardes le silence<br \/>\nBoucher tes oreilles<\/p>\n<p style=\"text-align: left;\"><em>Do l&rsquo;enfant do, tu fermes les poings<\/em><br \/>\n<em>Chaudes les larmes sur ta peau<br \/>\n<\/em><em>Ton \u00e9toile, tu sais, n&rsquo;est pas si loin<\/em><br \/>\n<em>Qui t&rsquo;apporte le repos<\/em><\/p>\n<p style=\"text-align: center;\">Plus tard, ailleurs, petit \u00e0 petit<br \/>\nL\u2019enfant do grandit<br \/>\nUne voix dans sa t\u00eate<br \/>\nC\u2019est la berceuse, peut-\u00eatre<br \/>\n&#8230;<\/p>\n<p style=\"text-align: left;\"><em>Do l\u2019enfant do, tu fermes les yeux<br \/>\nSon rayon d\u2019or sur ton c\u0153ur gros<br \/>\nUne \u00e9toile viendra du haut des cieux<br \/>\nTe regarder au carreau<\/em><\/p>\n<p style=\"text-align: center;\">\u00c0 la nuit, quand s\u2019ouvre le rideau<br \/>\nChante l\u2019enfant do<br \/>\nLe c\u0153ur nu sous la toile<br \/>\nUn projecteur pour \u00e9toile<br \/>\nChante l\u2019enfant do<\/p>\n<p style=\"text-align: center;\"><img decoding=\"async\" loading=\"lazy\" class=\"alignnone wp-image-553\" src=\"https:\/\/pascalaussi.fr\/wp-content\/uploads\/2016\/11\/images-1.png\" alt=\"images\" width=\"83\" height=\"88\" \/><\/p>\n<p style=\"text-align: center;\"><em>Paroles et musique : Pascal AUSSI<\/em><\/p>\n","protected":false},"excerpt":{"rendered":"<p>Repouss\u00e9 la porte du couloir Tout seul dans le noir Serrer fort ton cartable Blotti, perdu sous la table Tout seul dans le noir Do l\u2019enfant do, tes l\u00e8vres ferm\u00e9es Tu ne dis rien de ton fardeau Une \u00e9toile, l\u00e0-bas, s\u2018est allum\u00e9e Prenant la route aussit\u00f4t Que ne peux-tu tout fermer pareil Boucher tes oreilles &hellip; <a href=\"https:\/\/pascalaussi.fr\/index.php\/berceuse-peut-etre\/\" class=\"more-link\">Continuer la lecture de <span class=\"screen-reader-text\">Berceuse, peut-\u00eatre<\/span><\/a><\/p>\n","protected":false},"author":2,"featured_media":0,"parent":0,"menu_order":0,"comment_status":"closed","ping_status":"closed","template":"","meta":[],"_links":{"self":[{"href":"https:\/\/pascalaussi.fr\/index.php\/wp-json\/wp\/v2\/pages\/586"}],"collection":[{"href":"https:\/\/pascalaussi.fr\/index.php\/wp-json\/wp\/v2\/pages"}],"about":[{"href":"https:\/\/pascalaussi.fr\/index.php\/wp-json\/wp\/v2\/types\/page"}],"author":[{"embeddable":true,"href":"https:\/\/pascalaussi.fr\/index.php\/wp-json\/wp\/v2\/users\/2"}],"replies":[{"embeddable":true,"href":"https:\/\/pascalaussi.fr\/index.php\/wp-json\/wp\/v2\/comments?post=586"}],"version-history":[{"count":9,"href":"https:\/\/pascalaussi.fr\/index.php\/wp-json\/wp\/v2\/pages\/586\/revisions"}],"predecessor-version":[{"id":2376,"href":"https:\/\/pascalaussi.fr\/index.php\/wp-json\/wp\/v2\/pages\/586\/revisions\/2376"}],"wp:attachment":[{"href":"https:\/\/pascalaussi.fr\/index.php\/wp-json\/wp\/v2\/media?parent=586"}],"curies":[{"name":"wp","href":"https:\/\/api.w.org\/{rel}","templated":true}]}}