{"id":594,"date":"2017-01-04T09:42:17","date_gmt":"2017-01-04T08:42:17","guid":{"rendered":"http:\/\/pascalaussi.fr\/?page_id=594"},"modified":"2025-11-27T20:25:55","modified_gmt":"2025-11-27T19:25:55","slug":"la-caisse-et-la-posterite","status":"publish","type":"page","link":"https:\/\/pascalaussi.fr\/index.php\/la-caisse-et-la-posterite\/","title":{"rendered":"La caisse et la post\u00e9rit\u00e9"},"content":{"rendered":"\n<p class=\"has-text-align-center\"><em>Pascal Aussi : guitare et chant<\/em><\/p>\n\n\n\n<figure class=\"wp-block-audio\"><audio controls src=\"https:\/\/pascalaussi.fr\/wp-content\/uploads\/2025\/11\/02-La-caisse-et-la-posterite.mp3\"><\/audio><\/figure>\n\n\n<p style=\"text-align: center;\">Van Gogh ne gagnait pas sa cro\u00fbte<br \/>Rimbaud a v\u00e9cu d\u2019exp\u00e9dients<br \/>Moli\u00e8re a longtemps fait la route<br \/>Parker est mort comme un mendiant<br \/>Alors pour ce qui est du plan de carri\u00e8re<br \/>si je pouvais d\u00e9cider<br \/>J\u2019aimerais mieux passer \u00e0 la caisse qu\u2019\u00e0 la post\u00e9rit\u00e9<\/p>\n<p style=\"text-align: center;\">Les chansons, d\u00e9j\u00e0 six douzaines<br \/>Plus que de dates dans l\u2019agenda<br \/>Le trac chaque fois que je rentre en sc\u00e8ne<br \/>Et le compte-ch\u00e8que en piteux \u00e9tat<br \/>Ma femme me prend pour une ganache<br \/>mon gosse pour un rat\u00e9<br \/>J\u2019aimerais mieux passer \u00e0 la caisse qu\u2019\u00e0 la post\u00e9rit\u00e9<\/p>\n<p style=\"text-align: center;\">C\u2019est pas que je sois envieux de nature<br \/>J\u2019ai jamais guign\u00e9 le gros coup<br \/>Mais la vache enrag\u00e9e qui dure<br \/>J\u2019ai peur qu\u2019\u00e0 force \u00e7a g\u00e2che le go\u00fbt<br \/>Aussi<br \/>Bien que je pr\u00e9f\u00e8re \u00e0 tous les palaces<br \/>Ma suite dans les id\u00e9es<br \/>Je cracherais pas sur une petite place<br \/>Dans les meilleures ventes de l\u2019\u00e9t\u00e9<\/p>\n<p style=\"text-align: center;\">Je fais ni la manche, ni les manchettes<br \/>Inutile d\u2019appeler les agents<br \/>Je laisse mon empreinte sur des cassettes<br \/>O\u00f9 j\u2019enterre aussi mon argent<br \/>Les maisons de disques r\u00e9fl\u00e9chissent<br \/>\u00e0 d\u00e9faut de m\u2019\u00e9diter<br \/>J\u2019aimerais mieux passer \u00e0 la caisse qu\u2019\u00e0 la post\u00e9rit\u00e9<\/p>\n<p style=\"text-align: center;\">H\u00e9 coco\u00a0! en chanson fran\u00e7aise<br \/>Tu cours dans quelle cat\u00e9gorie<br \/>Les Po\u00e8tes-le-pied-sur-une-chaise<br \/>Ou les Musico-dernier-cri<br \/>Faci(le)<br \/>La mise en bo\u00eete, les \u00e9tiquettes<br \/>Simili nouveaut\u00e9\u00a0!<br \/>Les petits Big Brothers qui nous guettent<br \/>Font m\u00eame pas dans la vari\u00e9t\u00e9<\/p>\n<p style=\"text-align: center;\">Chanteur fran\u00e7ais entre deux \u00e2ges<br \/>Recherche public en sympathie<br \/>Qui soit pas trop branch\u00e9 message<br \/>Mais pas trop quand m\u00eame abruti<br \/>Et qui fasse \u00e0 ses chansonnettes<br \/>un succ\u00e8s m\u00e9rit\u00e9<br \/>Je compte sur vous pour passer \u00e0 la caisse<br \/>&#8230; je m\u2019occupe de la post\u00e9rit\u00e9<\/p>\n<p style=\"text-align: center;\"><img decoding=\"async\" loading=\"lazy\" class=\"alignnone wp-image-553\" src=\"https:\/\/pascalaussi.fr\/wp-content\/uploads\/2016\/11\/images-1.png\" alt=\"images\" width=\"77\" height=\"82\" \/><\/p>\n<p style=\"text-align: center;\"><em>Paroles et musique : Pascal AUSSI<\/em><\/p>","protected":false},"excerpt":{"rendered":"<p>Pascal Aussi : guitare et chant Van Gogh ne gagnait pas sa cro\u00fbteRimbaud a v\u00e9cu d\u2019exp\u00e9dientsMoli\u00e8re a longtemps fait la routeParker est mort comme un mendiantAlors pour ce qui est du plan de carri\u00e8resi je pouvais d\u00e9ciderJ\u2019aimerais mieux passer \u00e0 la caisse qu\u2019\u00e0 la post\u00e9rit\u00e9 Les chansons, d\u00e9j\u00e0 six douzainesPlus que de dates dans l\u2019agendaLe &hellip; <a href=\"https:\/\/pascalaussi.fr\/index.php\/la-caisse-et-la-posterite\/\" class=\"more-link\">Continuer la lecture de <span class=\"screen-reader-text\">La caisse et la post\u00e9rit\u00e9<\/span><\/a><\/p>\n","protected":false},"author":2,"featured_media":0,"parent":0,"menu_order":0,"comment_status":"closed","ping_status":"closed","template":"","meta":[],"_links":{"self":[{"href":"https:\/\/pascalaussi.fr\/index.php\/wp-json\/wp\/v2\/pages\/594"}],"collection":[{"href":"https:\/\/pascalaussi.fr\/index.php\/wp-json\/wp\/v2\/pages"}],"about":[{"href":"https:\/\/pascalaussi.fr\/index.php\/wp-json\/wp\/v2\/types\/page"}],"author":[{"embeddable":true,"href":"https:\/\/pascalaussi.fr\/index.php\/wp-json\/wp\/v2\/users\/2"}],"replies":[{"embeddable":true,"href":"https:\/\/pascalaussi.fr\/index.php\/wp-json\/wp\/v2\/comments?post=594"}],"version-history":[{"count":14,"href":"https:\/\/pascalaussi.fr\/index.php\/wp-json\/wp\/v2\/pages\/594\/revisions"}],"predecessor-version":[{"id":4647,"href":"https:\/\/pascalaussi.fr\/index.php\/wp-json\/wp\/v2\/pages\/594\/revisions\/4647"}],"wp:attachment":[{"href":"https:\/\/pascalaussi.fr\/index.php\/wp-json\/wp\/v2\/media?parent=594"}],"curies":[{"name":"wp","href":"https:\/\/api.w.org\/{rel}","templated":true}]}}