{"id":612,"date":"2017-01-04T15:30:06","date_gmt":"2017-01-04T14:30:06","guid":{"rendered":"http:\/\/pascalaussi.fr\/?page_id=612"},"modified":"2023-06-19T00:03:21","modified_gmt":"2023-06-18T22:03:21","slug":"la-chanson-du-bonheur-que-lon-ne-connait-pas","status":"publish","type":"page","link":"https:\/\/pascalaussi.fr\/index.php\/la-chanson-du-bonheur-que-lon-ne-connait-pas\/","title":{"rendered":"La chanson du bonheur que l&rsquo;on ne connait pas"},"content":{"rendered":"<p style=\"text-align: center;\">Au creux du vallon<br \/>\nQuand descend le soir<br \/>\nMe vient cette envie de m\u2019asseoir<br \/>\nDe savoir<br \/>\nO\u00f9 m\u00e8ne le long<br \/>\nChapelet de mes pas<br \/>\nAu bonheur<br \/>\nAu bonheur<br \/>\nQue je ne connais pas<\/p>\n<p style=\"text-align: center;\">Et quand la p\u00e9nombre<br \/>\nGlisse sur mon coeur<br \/>\nJe tombe de chagrin<br \/>\nEt les jours me reviennent grain \u00e0 grain<br \/>\n\u00c9veillant en moi<br \/>\nUn bonheur<br \/>\nUn bonheur<br \/>\nQue je ne connais pas<\/p>\n<p style=\"text-align: center;\"><em>C\u2019est d\u00e9licat, le bonheur, c\u2019est myst\u00e9rieux\u2026<\/em><br \/>\n<em>Une formule heureuse pour dire ta tristesse<br \/>\net te voil\u00e0 rempli de joie<\/em><\/p>\n<p style=\"text-align: center;\"><img decoding=\"async\" loading=\"lazy\" class=\"alignnone wp-image-553\" src=\"https:\/\/pascalaussi.fr\/wp-content\/uploads\/2016\/11\/images-1.png\" alt=\"images\" width=\"81\" height=\"86\" \/><\/p>\n<p style=\"text-align: center;\"><em>Paroles : Pascal AUSSI<\/em><br \/>\n<em>Musique : Turbourgh O\u2019CAROLAN<\/em><br \/>\n<em>Titre original \u00ab\u00a0Planxty Kelly\u00a0\u00bb<\/em><\/p>\n","protected":false},"excerpt":{"rendered":"<p>Au creux du vallon Quand descend le soir Me vient cette envie de m\u2019asseoir De savoir O\u00f9 m\u00e8ne le long Chapelet de mes pas Au bonheur Au bonheur Que je ne connais pas Et quand la p\u00e9nombre Glisse sur mon coeur Je tombe de chagrin Et les jours me reviennent grain \u00e0 grain \u00c9veillant en &hellip; <a href=\"https:\/\/pascalaussi.fr\/index.php\/la-chanson-du-bonheur-que-lon-ne-connait-pas\/\" class=\"more-link\">Continuer la lecture de <span class=\"screen-reader-text\">La chanson du bonheur que l&rsquo;on ne connait pas<\/span><\/a><\/p>\n","protected":false},"author":2,"featured_media":0,"parent":0,"menu_order":0,"comment_status":"closed","ping_status":"closed","template":"","meta":[],"_links":{"self":[{"href":"https:\/\/pascalaussi.fr\/index.php\/wp-json\/wp\/v2\/pages\/612"}],"collection":[{"href":"https:\/\/pascalaussi.fr\/index.php\/wp-json\/wp\/v2\/pages"}],"about":[{"href":"https:\/\/pascalaussi.fr\/index.php\/wp-json\/wp\/v2\/types\/page"}],"author":[{"embeddable":true,"href":"https:\/\/pascalaussi.fr\/index.php\/wp-json\/wp\/v2\/users\/2"}],"replies":[{"embeddable":true,"href":"https:\/\/pascalaussi.fr\/index.php\/wp-json\/wp\/v2\/comments?post=612"}],"version-history":[{"count":6,"href":"https:\/\/pascalaussi.fr\/index.php\/wp-json\/wp\/v2\/pages\/612\/revisions"}],"predecessor-version":[{"id":2660,"href":"https:\/\/pascalaussi.fr\/index.php\/wp-json\/wp\/v2\/pages\/612\/revisions\/2660"}],"wp:attachment":[{"href":"https:\/\/pascalaussi.fr\/index.php\/wp-json\/wp\/v2\/media?parent=612"}],"curies":[{"name":"wp","href":"https:\/\/api.w.org\/{rel}","templated":true}]}}