{"id":619,"date":"2017-01-04T15:49:47","date_gmt":"2017-01-04T14:49:47","guid":{"rendered":"http:\/\/pascalaussi.fr\/?page_id=619"},"modified":"2025-12-12T16:49:46","modified_gmt":"2025-12-12T15:49:46","slug":"le-coeur-comme-un-volet-qui-bat","status":"publish","type":"page","link":"https:\/\/pascalaussi.fr\/index.php\/le-coeur-comme-un-volet-qui-bat\/","title":{"rendered":"Le coeur comme un volet qui bat"},"content":{"rendered":"\n<p class=\"has-text-align-center\"><em>Jean Mouch\u00e8s : chant<br>Kako Cavali\u00e9 : contrebasse<\/em><br><em>Jules Th\u00e9venot : guitare et arrangement<br>Enregistr\u00e9 \u00e0 Mont-de-Marsan le 24 ao\u00fbt 202<\/em>5<\/p>\n\n\n<!--[if lt IE 9]><script>document.createElement('audio');<\/script><![endif]-->\n<audio class=\"wp-audio-shortcode\" id=\"audio-619-1\" preload=\"none\" style=\"width: 100%;\" controls=\"controls\"><source type=\"audio\/mpeg\" src=\"https:\/\/pascalaussi.fr\/wp-content\/uploads\/2025\/11\/Le-coeur-comme-un-volet-qui-bat.mp3?_=1\" \/><a href=\"https:\/\/pascalaussi.fr\/wp-content\/uploads\/2025\/11\/Le-coeur-comme-un-volet-qui-bat.mp3\">https:\/\/pascalaussi.fr\/wp-content\/uploads\/2025\/11\/Le-coeur-comme-un-volet-qui-bat.mp3<\/a><\/audio>\n<p style=\"text-align: center;\">Printemps, \u00e9t\u00e9, automne, hiver<br>Le midi, le soir, un couvert<br>O\u00f9 sont les tabl\u00e9es d\u2019autrefois<br>Les \u00e9clats de voix<\/p>\n<p style=\"text-align: center;\">Les rires d\u2019enfants, c\u2019est fini<br>M\u00eame en saison, la colonie<br>Ils ont ferm\u00e9 le b\u00e2timent<br>\u00c7a fait un moment<\/p>\n<p style=\"text-align: center;\">Je revois ces jours frais et ronds<br>Et mon p\u00e8re au banc d\u2019aviron<br>Mes genoux teint\u00e9s d\u2019arnica<br>Mon harmonica<\/p>\n<p style=\"text-align: center;\">Je revois, pr\u00e9cis, son visage<br>L\u2019\u00e9chancrure de son corsage<br>Les vaguelettes de dentelle<br>Sa voix, que dit-elle&nbsp;?<\/p>\n<p style=\"text-align: center;\"><em>Billes de verre, papiers d\u2019argent, dessous de moire<\/em><br><em>Des jours, on voudrait mieux revenir sur ses pas<\/em><br><em>Reflets lointains, \u00e9chos perdus dans la m\u00e9moire<\/em><br><em>Des soirs, on a le c\u0153ur comme un volet qui bat<\/em><\/p>\n<p style=\"text-align: center;\">Ici, rien ne sait plus bouger<br>M\u00eame le ciel se tient couch\u00e9<br>Laissant que la place aux oiseaux<br>De raser les eaux<\/p>\n<p style=\"text-align: center;\">Le vieux ponton g\u00eet sur le flanc<br>Il lui manquait un peu d\u2019\u00e9lan<br>Pour esp\u00e9rer se retirer<br>Avec la mar\u00e9e<\/p>\n<p style=\"text-align: center;\">En photo, au mur du tabac<br>Y a cette \u00eele au large l\u00e0-bas<br>Couronn\u00e9e d\u2019arbres inconnus<br>O\u00f9 dans le ciel nu<\/p>\n<p style=\"text-align: center;\">&#8211; C\u2019est pas tout ce crachin dans l\u2019air &#8211;<br>Monte un ruban de sable clair<br>Et sur l\u2019eau, tout pr\u00e8s, qui descend<br>Un soleil de sang<\/p>\n<p style=\"text-align: center;\"><em>Billes de verre, papiers d\u2019argent, dessous de moire<\/em><br><em>Des jours, on voudrait mieux revenir sur ses pas<\/em><br><em>Reflets lointains, \u00e9chos perdus dans la m\u00e9moire<\/em><br><em>Des soirs, on a le c\u0153ur comme un volet qui bat<\/em><\/p>\n<p style=\"text-align: center;\">Ici, c\u2019est le vent dans les rues<br>La pluie tout un mois froide et drue<br>La pierre grise des maisons<br>Les jours sans chansons<\/p>\n<p style=\"text-align: center;\">Quand une semaine est pass\u00e9e<br>Une autre vient la remplacer<br>Mais aucune n\u2019a plus jamais<br>Ce go\u00fbt que j\u2019aimais<\/p>\n<p style=\"text-align: center;\">Les jeudis, lessive \u00e0 pleins bras<br>Les dessins brod\u00e9s sur les draps<br>Mon cartable et mon d\u00e9jeuner<br>Un grand cache-nez<\/p>\n<p style=\"text-align: center;\">Je voudrais \u00eatre tout jeunot<br>Assis dans le fond du canot<br>Laisser tra\u00eener dans l\u2019eau ma main<br>Sans peur du demain<\/p>\n<p><img decoding=\"async\" loading=\"lazy\" class=\"alignnone wp-image-553 aligncenter\" src=\"https:\/\/pascalaussi.fr\/wp-content\/uploads\/2016\/11\/images-1.png\" alt=\"images\" width=\"77\" height=\"82\"><\/p>\n<p style=\"text-align: center;\"><em>Paroles et musique : Pascal AUSSI<\/em><\/p>","protected":false},"excerpt":{"rendered":"<p>Jean Mouch\u00e8s : chantKako Cavali\u00e9 : contrebasseJules Th\u00e9venot : guitare et arrangementEnregistr\u00e9 \u00e0 Mont-de-Marsan le 24 ao\u00fbt 2025 Printemps, \u00e9t\u00e9, automne, hiverLe midi, le soir, un couvertO\u00f9 sont les tabl\u00e9es d\u2019autrefoisLes \u00e9clats de voix Les rires d\u2019enfants, c\u2019est finiM\u00eame en saison, la colonieIls ont ferm\u00e9 le b\u00e2timent\u00c7a fait un moment Je revois ces jours frais &hellip; <a href=\"https:\/\/pascalaussi.fr\/index.php\/le-coeur-comme-un-volet-qui-bat\/\" class=\"more-link\">Continuer la lecture de <span class=\"screen-reader-text\">Le coeur comme un volet qui bat<\/span><\/a><\/p>\n","protected":false},"author":2,"featured_media":0,"parent":0,"menu_order":0,"comment_status":"closed","ping_status":"closed","template":"","meta":[],"_links":{"self":[{"href":"https:\/\/pascalaussi.fr\/index.php\/wp-json\/wp\/v2\/pages\/619"}],"collection":[{"href":"https:\/\/pascalaussi.fr\/index.php\/wp-json\/wp\/v2\/pages"}],"about":[{"href":"https:\/\/pascalaussi.fr\/index.php\/wp-json\/wp\/v2\/types\/page"}],"author":[{"embeddable":true,"href":"https:\/\/pascalaussi.fr\/index.php\/wp-json\/wp\/v2\/users\/2"}],"replies":[{"embeddable":true,"href":"https:\/\/pascalaussi.fr\/index.php\/wp-json\/wp\/v2\/comments?post=619"}],"version-history":[{"count":10,"href":"https:\/\/pascalaussi.fr\/index.php\/wp-json\/wp\/v2\/pages\/619\/revisions"}],"predecessor-version":[{"id":4692,"href":"https:\/\/pascalaussi.fr\/index.php\/wp-json\/wp\/v2\/pages\/619\/revisions\/4692"}],"wp:attachment":[{"href":"https:\/\/pascalaussi.fr\/index.php\/wp-json\/wp\/v2\/media?parent=619"}],"curies":[{"name":"wp","href":"https:\/\/api.w.org\/{rel}","templated":true}]}}