{"id":625,"date":"2017-01-04T16:06:03","date_gmt":"2017-01-04T15:06:03","guid":{"rendered":"http:\/\/pascalaussi.fr\/?page_id=625"},"modified":"2023-06-18T17:28:09","modified_gmt":"2023-06-18T15:28:09","slug":"dans-le-journal","status":"publish","type":"page","link":"https:\/\/pascalaussi.fr\/index.php\/dans-le-journal\/","title":{"rendered":"Dans le journal"},"content":{"rendered":"<p style=\"text-align: left;\">Pr\u00e8s de Gudicanal<br \/>\nHier deux gamines<br \/>\nQui jouaient \u00e0 la marelle<br \/>\nOnt gagn\u00e9 le ciel<br \/>\nD\u2019un seul coup sur une mine<\/p>\n<p style=\"text-align: left;\">Je l\u2019ai lu dans le journal<br \/>\nQue je me suis gliss\u00e9<br \/>\nSous la chemise \u00e0 m\u00eame la peau<br \/>\nS\u00fbr que \u00e7a tient plus chaud<br \/>\nQue leur papier glac\u00e9<\/p>\n<p style=\"text-align: left;\">H\u00e9\u00a0!<br \/>\nSi le temps lui est bien couvert<br \/>\nMoi je connais un pull-over<br \/>\nQui file un mauvais coton<\/p>\n<p style=\"text-align: left;\">H\u00e9\u00a0!<br \/>\nPlus personne n\u2019\u00e9coute mon histoire<br \/>\nEt je tra\u00eene sur les trottoirs<br \/>\nEt je dors dans des cartons<\/p>\n<p style=\"text-align: left;\">\u00c7a fait un sacr\u00e9 bail<br \/>\nQue j\u2019ai plus d\u2019adresse<br \/>\nQue je porte au long des rues<br \/>\nComme un disparu<br \/>\nMa valise de d\u00e9tresse<\/p>\n<p style=\"text-align: left;\">T\u2019en qu\u2019\u00e0 \u00eatre sur la paille<br \/>\nJe r\u00eave de nature<br \/>\nY a bien pour me mettre au vert<br \/>\nUn coin d\u2019h\u00e9misph\u00e8re<br \/>\nO\u00f9 la vie serait moins dure<\/p>\n<p style=\"text-align: left;\">H\u00e9\u00a0!<br \/>\nSuffirait d\u2019un billet en poche<br \/>\nCap sur la rade\u2026 le plus proche<br \/>\nVent dans les voiles et partons\u00a0!<\/p>\n<p style=\"text-align: left;\">H\u00e9\u00a0!<br \/>\nJ\u2019ai le couteau et les allumettes<br \/>\nMais des plans sur la com\u00e8te<br \/>\nJ\u2019ai pas \u00e7a dans mes cartons<\/p>\n<p style=\"text-align: left;\">H\u00e9\u00a0!<br \/>\nLes tr\u00e9sors que la vie nous offre<br \/>\nY en a si peu dans son coffre<br \/>\nQu\u2019elle les reprend au final\u00a0?<\/p>\n<p style=\"text-align: left;\">H\u00e9\u00a0!<br \/>\nPas la presse mais je sais tr\u00e8s bien<br \/>\nQu\u2019au matin d\u2019une nuit de chien<br \/>\nOn me trouvera dans le journal<\/p>\n<p style=\"text-align: left;\">Mais je repense aux gamines de Gudicanal<br \/>\nQui jouaient \u00e0 la marelle&#8230; c&rsquo;\u00e9tait dans le journal<\/p>\n<p style=\"text-align: center;\"><img decoding=\"async\" loading=\"lazy\" class=\"alignnone wp-image-553\" src=\"https:\/\/pascalaussi.fr\/wp-content\/uploads\/2016\/11\/images-1.png\" alt=\"images\" width=\"77\" height=\"82\" \/><\/p>\n<p style=\"text-align: center;\"><em>Paroles : Pascal AUSSI<br \/>\nMusique : Olivier Delgutte<\/em><\/p>\n","protected":false},"excerpt":{"rendered":"<p>Pr\u00e8s de Gudicanal Hier deux gamines Qui jouaient \u00e0 la marelle Ont gagn\u00e9 le ciel D\u2019un seul coup sur une mine Je l\u2019ai lu dans le journal Que je me suis gliss\u00e9 Sous la chemise \u00e0 m\u00eame la peau S\u00fbr que \u00e7a tient plus chaud Que leur papier glac\u00e9 H\u00e9\u00a0! Si le temps lui est &hellip; <a href=\"https:\/\/pascalaussi.fr\/index.php\/dans-le-journal\/\" class=\"more-link\">Continuer la lecture de <span class=\"screen-reader-text\">Dans le journal<\/span><\/a><\/p>\n","protected":false},"author":2,"featured_media":0,"parent":0,"menu_order":0,"comment_status":"closed","ping_status":"closed","template":"","meta":[],"_links":{"self":[{"href":"https:\/\/pascalaussi.fr\/index.php\/wp-json\/wp\/v2\/pages\/625"}],"collection":[{"href":"https:\/\/pascalaussi.fr\/index.php\/wp-json\/wp\/v2\/pages"}],"about":[{"href":"https:\/\/pascalaussi.fr\/index.php\/wp-json\/wp\/v2\/types\/page"}],"author":[{"embeddable":true,"href":"https:\/\/pascalaussi.fr\/index.php\/wp-json\/wp\/v2\/users\/2"}],"replies":[{"embeddable":true,"href":"https:\/\/pascalaussi.fr\/index.php\/wp-json\/wp\/v2\/comments?post=625"}],"version-history":[{"count":9,"href":"https:\/\/pascalaussi.fr\/index.php\/wp-json\/wp\/v2\/pages\/625\/revisions"}],"predecessor-version":[{"id":2581,"href":"https:\/\/pascalaussi.fr\/index.php\/wp-json\/wp\/v2\/pages\/625\/revisions\/2581"}],"wp:attachment":[{"href":"https:\/\/pascalaussi.fr\/index.php\/wp-json\/wp\/v2\/media?parent=625"}],"curies":[{"name":"wp","href":"https:\/\/api.w.org\/{rel}","templated":true}]}}