{"id":638,"date":"2017-01-04T16:57:59","date_gmt":"2017-01-04T15:57:59","guid":{"rendered":"http:\/\/pascalaussi.fr\/?page_id=638"},"modified":"2025-11-27T20:11:00","modified_gmt":"2025-11-27T19:11:00","slug":"deux-mille-kilometres","status":"publish","type":"page","link":"https:\/\/pascalaussi.fr\/index.php\/deux-mille-kilometres\/","title":{"rendered":"Deux mille kilom\u00e8tres \u00e0 tout casser"},"content":{"rendered":"\n<p class=\"has-text-align-center\"><em>Pascal Aussi : guitare et chant<\/em><\/p>\n\n\n\n<figure class=\"wp-block-audio\"><audio controls src=\"https:\/\/pascalaussi.fr\/wp-content\/uploads\/2025\/11\/02-Deux-mille-km-a-tout-casser.mp3\"><\/audio><\/figure>\n\n\n<p style=\"text-align: center;\">Kosovo, Kosovar<br \/>Il faut bien qu\u2019on vienne au monde quelque part<br \/>Un pays pas trop passant, c\u2019est pas si mal<br \/>Tu trouves la vie par ici plus normale\u00a0?<\/p>\n<p style=\"text-align: center;\">Kosovar, Kosovo<br \/>\u00c7a rel\u00e8ve du patchwork et de l\u2019\u00e9cheveau<br \/>Tant les langues, les origines, les religions<br \/>Sont un peu m\u00e9lang\u00e9es dans la r\u00e9gion<\/p>\n<p style=\"text-align: center;\">L\u2019exil, c\u2019est un premier pas et un dernier regard<br \/>Une fois perdu le pays, on a gagn\u00e9 la France<br \/>Pour toutes ces choses \u00e0 jamais rest\u00e9es en souffrance<br \/>Ami, pr\u00eate-moi ta plume et ta guitare<\/p>\n<p style=\"text-align: center;\">Kosovo, Kosovar<br \/>Quand les voix ne chantent pas toutes la m\u00eame histoire<br \/>Faut choisir entre la fugue et le canon<br \/>Mais c\u2019est la mort partout qui crie son nom<\/p>\n<p style=\"text-align: center;\">Kosovar, Kosovo<br \/>La peur blanche et le sang noir des caniveaux<br \/>Les soldats, avec l\u2019auto et tout dedans<br \/>Se doutaient-ils qu\u2019ils me prenaient autant\u00a0?<\/p>\n<p style=\"text-align: center;\">L\u2019exil, c\u2019est un premier pas et un dernier regard<br \/>Une fois perdu le pays, on a gagn\u00e9 la France<br \/>Pour toutes ces choses \u00e0 jamais rest\u00e9es en souffrance<br \/>Ami, pr\u00eate-moi ta plume et ta guitare<\/p>\n<p style=\"text-align: center;\">Deux mille kilom\u00e8tres \u00e0 vol d\u2019oiseau<br \/>Au pr\u00e9sent, dans ma nouvelle \u00e9cole<br \/>Mine de rien, un coup de gomme, une goutte de colle<br \/>C&rsquo;est comme si le fil des jours raccommodait les morceaux<\/p>\n<p style=\"text-align: center;\">Kosovar, Kosovo<br \/>\u00c0 l\u2019\u00e9cran, c\u2019est de bonne guerre, faut du nouveau<br \/>Le Rwanda, la Tch\u00e9tch\u00e9nie, l\u2019Afghanistan<br \/>On n\u2019\u00e9coute plus quand \u00e7a fait trop longtemps<\/p>\n<p style=\"text-align: center;\">Kosovo, Kosovar<br \/>J\u2019ai du mal \u00e0 pas les voir sur les trottoirs<br \/>Tous ces gens, sur leur carton, en chien de fusil<br \/>Le ventre creux, \u00e0 trois p\u00e2t\u00e9s d\u2019ici\u00a0!<\/p>\n<p style=\"text-align: center;\">L\u2019exil, c\u2019est un premier pas et un dernier regard<br \/>Une fois perdu le pays, on a gagn\u00e9 la France<br \/>Pour toutes ces choses \u00e0 jamais rest\u00e9es en souffrance<br \/>Ami, pr\u00eate-moi ta plume et ta guitare<\/p>\n<p style=\"text-align: center;\">Deux mille kilom\u00e8tres \u00e0 tout casser<br \/>J\u2019ai sauv\u00e9 quelques photographies<br \/>Je sais pas ce que demain sera ma vie<br \/>Quand je serai grande assez, je te le dis en fran\u00e7ais<br \/>Je retournerai l\u00e0-bas, tu sais.<\/p>\n<p style=\"text-align: center;\"><img decoding=\"async\" loading=\"lazy\" class=\"wp-image-553 aligncenter\" src=\"https:\/\/pascalaussi.fr\/wp-content\/uploads\/2016\/11\/images-1.png\" alt=\"images\" width=\"77\" height=\"82\" \/><\/p>\n<p style=\"text-align: center;\"><em>Paroles et musique : Pascal AUSSI<\/em><\/p>","protected":false},"excerpt":{"rendered":"<p>Pascal Aussi : guitare et chant Kosovo, KosovarIl faut bien qu\u2019on vienne au monde quelque partUn pays pas trop passant, c\u2019est pas si malTu trouves la vie par ici plus normale\u00a0? Kosovar, Kosovo\u00c7a rel\u00e8ve du patchwork et de l\u2019\u00e9cheveauTant les langues, les origines, les religionsSont un peu m\u00e9lang\u00e9es dans la r\u00e9gion L\u2019exil, c\u2019est un premier &hellip; <a href=\"https:\/\/pascalaussi.fr\/index.php\/deux-mille-kilometres\/\" class=\"more-link\">Continuer la lecture de <span class=\"screen-reader-text\">Deux mille kilom\u00e8tres \u00e0 tout casser<\/span><\/a><\/p>\n","protected":false},"author":2,"featured_media":0,"parent":0,"menu_order":0,"comment_status":"closed","ping_status":"closed","template":"","meta":[],"_links":{"self":[{"href":"https:\/\/pascalaussi.fr\/index.php\/wp-json\/wp\/v2\/pages\/638"}],"collection":[{"href":"https:\/\/pascalaussi.fr\/index.php\/wp-json\/wp\/v2\/pages"}],"about":[{"href":"https:\/\/pascalaussi.fr\/index.php\/wp-json\/wp\/v2\/types\/page"}],"author":[{"embeddable":true,"href":"https:\/\/pascalaussi.fr\/index.php\/wp-json\/wp\/v2\/users\/2"}],"replies":[{"embeddable":true,"href":"https:\/\/pascalaussi.fr\/index.php\/wp-json\/wp\/v2\/comments?post=638"}],"version-history":[{"count":8,"href":"https:\/\/pascalaussi.fr\/index.php\/wp-json\/wp\/v2\/pages\/638\/revisions"}],"predecessor-version":[{"id":4634,"href":"https:\/\/pascalaussi.fr\/index.php\/wp-json\/wp\/v2\/pages\/638\/revisions\/4634"}],"wp:attachment":[{"href":"https:\/\/pascalaussi.fr\/index.php\/wp-json\/wp\/v2\/media?parent=638"}],"curies":[{"name":"wp","href":"https:\/\/api.w.org\/{rel}","templated":true}]}}