{"id":641,"date":"2017-01-04T17:05:53","date_gmt":"2017-01-04T16:05:53","guid":{"rendered":"http:\/\/pascalaussi.fr\/?page_id=641"},"modified":"2025-11-27T18:51:45","modified_gmt":"2025-11-27T17:51:45","slug":"leffiloche","status":"publish","type":"page","link":"https:\/\/pascalaussi.fr\/index.php\/leffiloche\/","title":{"rendered":"L&rsquo;effiloche"},"content":{"rendered":"\n<p class=\"has-text-align-center\"><em>Pascal Aussi : guitare et chant<\/em><\/p>\n\n\n\n<figure class=\"wp-block-audio\"><audio controls src=\"https:\/\/pascalaussi.fr\/wp-content\/uploads\/2025\/11\/05-Leffiloche.mp3\"><\/audio><\/figure>\n\n\n<p style=\"text-align: center;\">Initiales grav\u00e9es<br \/>Propri\u00e9t\u00e9 priv\u00e9e<br \/>Tout n\u2019est jamais \u00e9crit qu\u2019\u00e0 la craie<br \/>Il faut \u00eatre un enfant<br \/>Pour pas le croire avant<br \/>Qu\u2019autre chose va venir apr\u00e8s<\/p>\n<p style=\"text-align: center;\">C\u2019est le lot de tout corps<br \/>M\u00eame attirant encore<br \/>Que son magn\u00e9tisme diminue<br \/>L\u2019\u00e9lan le plus sinc\u00e8re<br \/>S\u2019use si l\u2019on s\u2019en sert<br \/>Loi de physique h\u00e9las bien connue<\/p>\n<p style=\"text-align: center;\">\u00c7a tient \u00e0 un cheveu<br \/>S\u2019\u00e9teint \u00e0 petit feu<br \/>A perdu beaucoup de son piquant<br \/>Un jour on s\u2019aper\u00e7oit<br \/>Qu\u2019on vit chacun pour soi<br \/>Sans que m\u00eame on sache depuis quand<\/p>\n<p style=\"text-align: center;\">J\u2019aimais bien au d\u00e9but<br \/>Qu\u2019on n\u2019avait pas tout bu<br \/>Ce gai brin d\u2019ivresse \u00e0 tous les coups<br \/>Si grand soit le flacon<br \/>C\u2019est d\u2019une larme au fond<br \/>Qu\u2019\u00e0 la fin nous restera le go\u00fbt<\/p>\n<p style=\"text-align: center;\">Pas de quoi se jeter<br \/>Nos quatre v\u00e9rit\u00e9s<br \/>Quatre v\u00e9rit\u00e9s, c\u2019est trois de trop<br \/>Prenons \u00e0 la l\u00e9g\u00e8re<br \/>Tout ce qui nous fut cher<br \/>Tant on a d\u00e9j\u00e0 le c\u0153ur si gros<\/p>\n<p><em>D\u2019o\u00f9 vient qu\u2019on a des fois ce sentiment<\/em><br \/><em>Que c\u2019est \u00e0 se taire qu\u2019on ment\u00a0?<\/em><br \/><em>Pourquoi ce qui nous tient \u00e0 c\u0153ur autant<\/em><br \/><em>S\u2019effiloche au fil\u2026 s\u2019effiloche au fil\u2026<\/em><br \/><em>s\u2019effiloche au fil du temps\u00a0?<\/em><\/p>\n<p style=\"text-align: center;\"><img decoding=\"async\" loading=\"lazy\" class=\"alignnone wp-image-553\" src=\"https:\/\/pascalaussi.fr\/wp-content\/uploads\/2016\/11\/images-1.png\" alt=\"images\" width=\"77\" height=\"82\" \/><\/p>\n<p style=\"text-align: center;\"><em>Paroles et musique : Pascal AUSSI<\/em><\/p>","protected":false},"excerpt":{"rendered":"<p>Pascal Aussi : guitare et chant Initiales grav\u00e9esPropri\u00e9t\u00e9 priv\u00e9eTout n\u2019est jamais \u00e9crit qu\u2019\u00e0 la craieIl faut \u00eatre un enfantPour pas le croire avantQu\u2019autre chose va venir apr\u00e8s C\u2019est le lot de tout corpsM\u00eame attirant encoreQue son magn\u00e9tisme diminueL\u2019\u00e9lan le plus sinc\u00e8reS\u2019use si l\u2019on s\u2019en sertLoi de physique h\u00e9las bien connue \u00c7a tient \u00e0 un cheveuS\u2019\u00e9teint &hellip; <a href=\"https:\/\/pascalaussi.fr\/index.php\/leffiloche\/\" class=\"more-link\">Continuer la lecture de <span class=\"screen-reader-text\">L&rsquo;effiloche<\/span><\/a><\/p>\n","protected":false},"author":2,"featured_media":0,"parent":0,"menu_order":0,"comment_status":"closed","ping_status":"closed","template":"","meta":[],"_links":{"self":[{"href":"https:\/\/pascalaussi.fr\/index.php\/wp-json\/wp\/v2\/pages\/641"}],"collection":[{"href":"https:\/\/pascalaussi.fr\/index.php\/wp-json\/wp\/v2\/pages"}],"about":[{"href":"https:\/\/pascalaussi.fr\/index.php\/wp-json\/wp\/v2\/types\/page"}],"author":[{"embeddable":true,"href":"https:\/\/pascalaussi.fr\/index.php\/wp-json\/wp\/v2\/users\/2"}],"replies":[{"embeddable":true,"href":"https:\/\/pascalaussi.fr\/index.php\/wp-json\/wp\/v2\/comments?post=641"}],"version-history":[{"count":10,"href":"https:\/\/pascalaussi.fr\/index.php\/wp-json\/wp\/v2\/pages\/641\/revisions"}],"predecessor-version":[{"id":4591,"href":"https:\/\/pascalaussi.fr\/index.php\/wp-json\/wp\/v2\/pages\/641\/revisions\/4591"}],"wp:attachment":[{"href":"https:\/\/pascalaussi.fr\/index.php\/wp-json\/wp\/v2\/media?parent=641"}],"curies":[{"name":"wp","href":"https:\/\/api.w.org\/{rel}","templated":true}]}}