{"id":655,"date":"2017-01-04T17:32:54","date_gmt":"2017-01-04T16:32:54","guid":{"rendered":"http:\/\/pascalaussi.fr\/?page_id=655"},"modified":"2025-11-21T23:33:38","modified_gmt":"2025-11-21T22:33:38","slug":"ephemerides","status":"publish","type":"page","link":"https:\/\/pascalaussi.fr\/index.php\/ephemerides\/","title":{"rendered":"\u00c9ph\u00e9m\u00e9rides"},"content":{"rendered":"\n<p class=\"has-text-align-center\">Bastien Moh : chant, balala\u00efkas prima, alto et minibasse<br>Quentin Chevrier : violoncelle et contrebalala\u00efka<\/p>\n\n\n<!--[if lt IE 9]><script>document.createElement('audio');<\/script><![endif]-->\n<audio class=\"wp-audio-shortcode\" id=\"audio-655-1\" preload=\"none\" style=\"width: 100%;\" controls=\"controls\"><source type=\"audio\/mpeg\" src=\"https:\/\/pascalaussi.fr\/wp-content\/uploads\/2023\/06\/06-Ephemerides.m4a?_=1\" \/><a href=\"https:\/\/pascalaussi.fr\/wp-content\/uploads\/2023\/06\/06-Ephemerides.m4a\">https:\/\/pascalaussi.fr\/wp-content\/uploads\/2023\/06\/06-Ephemerides.m4a<\/a><\/audio>\n<p style=\"text-align: center;\">Des histoires de temps qui passe<br \/>De chrono qui file entre les doigts<br \/>J\u2019en connais, tu sais, autant que toi<\/p>\n<p style=\"text-align: center;\">La gamine que tu embrasses<br \/>Quand tu n\u2019as toi-m\u00eame que seize ans<br \/>Lui plairais-tu encore \u00e0 pr\u00e9sent\u00a0?<\/p>\n<p style=\"text-align: center;\">Des histoires d\u2019enfants qui poussent<br \/>Des ann\u00e9es sans les quitter des yeux<br \/>Aujourd\u2019hui\u00a0: autres c\u0153urs, autres cieux<\/p>\n<p style=\"text-align: center;\">Le temps coule et nous \u00e9clabousse<br \/>C\u2019est pour \u00e7a des fois qu\u2019on peut nous voir<br \/>Nous essuyant d\u2019un coin de mouchoir<\/p>\n<p style=\"text-align: center;\"><strong>\u00a0<\/strong><em>Et tous les jours, un feuillet s\u2019envole<br \/>Qu\u2019y avait-il de not\u00e9\u00a0?<br \/>Ce court instant, cette \u00e9lanc\u00e9e folle<br \/>C\u2019est tout ce qu\u2019on sait de l\u2018\u00e9ternit\u00e9<\/em><\/p>\n<p style=\"text-align: center;\">Mais du sable de la jeunesse<br \/>Si les grains ne font que s\u2019\u00e9chapper<br \/>Il en est qui ne sont pas tomb\u00e9s<\/p>\n<p style=\"text-align: center;\">Dans la course du temps qui reste<br \/>Je suis s\u00fbr qu\u2019\u00e0 des moments donn\u00e9s<br \/>On sera bien content d\u2019\u00eatre n\u00e9<\/p>\n<p style=\"text-align: center;\"><img decoding=\"async\" loading=\"lazy\" class=\"alignnone wp-image-553\" src=\"https:\/\/pascalaussi.fr\/wp-content\/uploads\/2016\/11\/images-1.png\" alt=\"images\" width=\"77\" height=\"82\" \/><\/p>\n<p style=\"text-align: center;\"><em>Paroles et musique : Pascal AUSSI<\/em><\/p>","protected":false},"excerpt":{"rendered":"<p>Bastien Moh : chant, balala\u00efkas prima, alto et minibasseQuentin Chevrier : violoncelle et contrebalala\u00efka Des histoires de temps qui passeDe chrono qui file entre les doigtsJ\u2019en connais, tu sais, autant que toi La gamine que tu embrassesQuand tu n\u2019as toi-m\u00eame que seize ansLui plairais-tu encore \u00e0 pr\u00e9sent\u00a0? Des histoires d\u2019enfants qui poussentDes ann\u00e9es sans les &hellip; <a href=\"https:\/\/pascalaussi.fr\/index.php\/ephemerides\/\" class=\"more-link\">Continuer la lecture de <span class=\"screen-reader-text\">\u00c9ph\u00e9m\u00e9rides<\/span><\/a><\/p>\n","protected":false},"author":2,"featured_media":0,"parent":0,"menu_order":0,"comment_status":"closed","ping_status":"closed","template":"","meta":[],"_links":{"self":[{"href":"https:\/\/pascalaussi.fr\/index.php\/wp-json\/wp\/v2\/pages\/655"}],"collection":[{"href":"https:\/\/pascalaussi.fr\/index.php\/wp-json\/wp\/v2\/pages"}],"about":[{"href":"https:\/\/pascalaussi.fr\/index.php\/wp-json\/wp\/v2\/types\/page"}],"author":[{"embeddable":true,"href":"https:\/\/pascalaussi.fr\/index.php\/wp-json\/wp\/v2\/users\/2"}],"replies":[{"embeddable":true,"href":"https:\/\/pascalaussi.fr\/index.php\/wp-json\/wp\/v2\/comments?post=655"}],"version-history":[{"count":11,"href":"https:\/\/pascalaussi.fr\/index.php\/wp-json\/wp\/v2\/pages\/655\/revisions"}],"predecessor-version":[{"id":3958,"href":"https:\/\/pascalaussi.fr\/index.php\/wp-json\/wp\/v2\/pages\/655\/revisions\/3958"}],"wp:attachment":[{"href":"https:\/\/pascalaussi.fr\/index.php\/wp-json\/wp\/v2\/media?parent=655"}],"curies":[{"name":"wp","href":"https:\/\/api.w.org\/{rel}","templated":true}]}}