{"id":659,"date":"2017-01-04T17:40:06","date_gmt":"2017-01-04T16:40:06","guid":{"rendered":"http:\/\/pascalaussi.fr\/?page_id=659"},"modified":"2026-05-06T17:13:36","modified_gmt":"2026-05-06T15:13:36","slug":"est-ce-partir","status":"publish","type":"page","link":"https:\/\/pascalaussi.fr\/index.php\/est-ce-partir\/","title":{"rendered":"Est-ce partir ?"},"content":{"rendered":"\n<p class=\"has-text-align-center\"><em>Arrangement de Catherine Gringelli pour le trio <strong>Travelsbaghs<\/strong><\/em><br><em>Prise de son : BAO Corp \u00e0 S\u00e8vres (92)<\/em><br><em>Anne Brugi\u00e8re : piano et chant<br>Chlo\u00e9 Breillot : ukul\u00e9l\u00e9 et chant<\/em><br><em>Cathy Gringelli : octave mandoline et chant lead<\/em><\/p>\n\n\n<!--[if lt IE 9]><script>document.createElement('audio');<\/script><![endif]-->\n<audio class=\"wp-audio-shortcode\" id=\"audio-659-1\" preload=\"none\" style=\"width: 100%;\" controls=\"controls\"><source type=\"audio\/mpeg\" src=\"https:\/\/pascalaussi.fr\/wp-content\/uploads\/2025\/11\/01-Est-ce-partir-_-1.mp3?_=1\" \/><a href=\"https:\/\/pascalaussi.fr\/wp-content\/uploads\/2025\/11\/01-Est-ce-partir-_-1.mp3\">https:\/\/pascalaussi.fr\/wp-content\/uploads\/2025\/11\/01-Est-ce-partir-_-1.mp3<\/a><\/audio>\n<p style=\"text-align: center;\">Quelques coups de pinceaux au hasard de la toile<br>Gouttes de lune au gr\u00e9 de l\u2019eau<br>Un fanal tremblotant au fin fond du tableau<br>Le ciel \u00e9clabouss\u00e9 d\u2019\u00e9toiles<\/p>\n<p style=\"text-align: center;\">C\u2019est heureux que la nuit ne soit pas plus avare<br>De sa lumi\u00e8re et de sa paix<br>Et le brouillard du port est plut\u00f4t moins \u00e9pais<br>Que mon cafard<\/p>\n<p style=\"text-align: center;\"><em>Nous avions tant de choses \u00e0 ne savoir nous dire<\/em><br><em>Est-ce mauvais<\/em><br><em>Est-ce bon de partir&nbsp;? Partir o\u00f9 je m\u2019en vais<\/em><br><em>Est-ce partir&nbsp;?<\/em><\/p>\n<p style=\"text-align: center;\">Peut-\u00eatre es-tu rest\u00e9e sur le pas de ta porte<br>\u00c0 interroger le chemin&nbsp;?<br>Sans doute as-tu pleur\u00e9 la t\u00eate entre les mains<br>\u00c0 la nuit tomb\u00e9e, mais qu\u2019importe<\/p>\n<p style=\"text-align: center;\">Dans l\u2019ombre au bout du quai pendant qu\u2019on appareille<br>Chante un ivrogne et sa chanson<br>Nous rappelle \u00e0 quoi bon poursuivre un horizon<br>Partout pareil<\/p>\n<p style=\"text-align: center;\">Pas de parfums subtils ni de chants de sir\u00e8ne<br>Flottant \u00e0 l\u2019entour du bateau<br>Un sanglot du moteur, trois coups de vent brutaux<br>Des lambeaux de chanvre qui tra\u00eenent<\/p>\n<p style=\"text-align: center;\">Un instant le sillage \u00e0 la lueur du phare<br>Semble un chemin fendant la baie<br>Et le brouillard du large est plut\u00f4t moins \u00e9pais<br>Que mon cafard<\/p>\n<p style=\"text-align: center;\"><em>Nous avions tant de choses \u00e0 ne savoir nous dire<\/em><br><em>Est-ce mauvais<\/em><br><em>Est-ce bon de partir&nbsp;? Partir o\u00f9 je m\u2019en vais<\/em><br><em>Est-ce partir&nbsp;?<\/em><\/p>\n<p style=\"text-align: center;\"><img decoding=\"async\" loading=\"lazy\" class=\"alignnone  wp-image-553\" src=\"https:\/\/pascalaussi.fr\/wp-content\/uploads\/2016\/11\/images-1.png\" alt=\"images\" width=\"77\" height=\"82\"><\/p>\n<p style=\"text-align: center;\"><em>Paroles : Pascal AUSSI<\/em><br><em>Musique : St\u00e9phane DAMBRY<\/em><\/p>","protected":false},"excerpt":{"rendered":"<p>Arrangement de Catherine Gringelli pour le trio TravelsbaghsPrise de son : BAO Corp \u00e0 S\u00e8vres (92)Anne Brugi\u00e8re : piano et chantChlo\u00e9 Breillot : ukul\u00e9l\u00e9 et chantCathy Gringelli : octave mandoline et chant lead Quelques coups de pinceaux au hasard de la toileGouttes de lune au gr\u00e9 de l\u2019eauUn fanal tremblotant au fin fond du tableauLe &hellip; <a href=\"https:\/\/pascalaussi.fr\/index.php\/est-ce-partir\/\" class=\"more-link\">Continuer la lecture de <span class=\"screen-reader-text\">Est-ce partir ?<\/span><\/a><\/p>\n","protected":false},"author":2,"featured_media":0,"parent":0,"menu_order":0,"comment_status":"closed","ping_status":"closed","template":"","meta":[],"_links":{"self":[{"href":"https:\/\/pascalaussi.fr\/index.php\/wp-json\/wp\/v2\/pages\/659"}],"collection":[{"href":"https:\/\/pascalaussi.fr\/index.php\/wp-json\/wp\/v2\/pages"}],"about":[{"href":"https:\/\/pascalaussi.fr\/index.php\/wp-json\/wp\/v2\/types\/page"}],"author":[{"embeddable":true,"href":"https:\/\/pascalaussi.fr\/index.php\/wp-json\/wp\/v2\/users\/2"}],"replies":[{"embeddable":true,"href":"https:\/\/pascalaussi.fr\/index.php\/wp-json\/wp\/v2\/comments?post=659"}],"version-history":[{"count":12,"href":"https:\/\/pascalaussi.fr\/index.php\/wp-json\/wp\/v2\/pages\/659\/revisions"}],"predecessor-version":[{"id":5341,"href":"https:\/\/pascalaussi.fr\/index.php\/wp-json\/wp\/v2\/pages\/659\/revisions\/5341"}],"wp:attachment":[{"href":"https:\/\/pascalaussi.fr\/index.php\/wp-json\/wp\/v2\/media?parent=659"}],"curies":[{"name":"wp","href":"https:\/\/api.w.org\/{rel}","templated":true}]}}