{"id":662,"date":"2017-01-04T17:53:27","date_gmt":"2017-01-04T16:53:27","guid":{"rendered":"http:\/\/pascalaussi.fr\/?page_id=662"},"modified":"2026-05-06T15:09:08","modified_gmt":"2026-05-06T13:09:08","slug":"flottaison","status":"publish","type":"page","link":"https:\/\/pascalaussi.fr\/index.php\/flottaison\/","title":{"rendered":"Barge (Batelier, engage-moi)"},"content":{"rendered":"\n<p class=\"has-text-align-center\"><em>\u00c9ric Bleuz\u00e9 : chant<br>Romuald Lefebvre : accord\u00e9on<br> Olivier Delgutte : piano, claviers, arrangement<\/em><\/p>\n\n\n<!--[if lt IE 9]><script>document.createElement('audio');<\/script><![endif]-->\n<audio class=\"wp-audio-shortcode\" id=\"audio-662-1\" preload=\"none\" style=\"width: 100%;\" controls=\"controls\"><source type=\"audio\/mpeg\" src=\"https:\/\/pascalaussi.fr\/wp-content\/uploads\/2024\/03\/Barge-Batelier-engage-moi.mp3?_=1\" \/><a href=\"https:\/\/pascalaussi.fr\/wp-content\/uploads\/2024\/03\/Barge-Batelier-engage-moi.mp3\">https:\/\/pascalaussi.fr\/wp-content\/uploads\/2024\/03\/Barge-Batelier-engage-moi.mp3<\/a><\/audio>\n<p style=\"text-align: center;\">\u00c7a, parler, c&rsquo;est pas si souvent<br \/>Y a pas grand chose \u00e0 raconter<br \/>Ou des trucs, on n&rsquo;a pas id\u00e9e<br \/>Que \u00e7a ferait peur aux enfants<\/p>\n<p style=\"text-align: center;\">Sous mon r\u00e9verb\u00e8re, pardi<br \/>Suis le mieux install\u00e9 du coin<br \/>Et puis l&rsquo;eau courante pas loin<br \/>Que s&rsquo;en est un vrai paradis<\/p>\n<p style=\"text-align: center;\">Mais \u00e0 minuit quand tout s&rsquo;\u00e9teint<br \/>Que la t\u00eate aussi vire au noir<br \/>Frissonnant dans mon vieux peignoir<br \/>C&rsquo;est long des fois jusqu&rsquo;au matin<\/p>\n<p style=\"text-align: center;\">H\u00e9, patron, sans te faire offense<br \/>Facile d&rsquo;avoir le coeur gai<br \/>Tu vas pas moisir sur ce quai<br \/>Tu peux tirer ta r\u00e9v\u00e9rence&#8230;<\/p>\n<p style=\"text-align: center;\">Batelier, si tu m\u2019engages<br \/>Je te suivrais tout de bon<br \/>Je coucherai sur le pont<br \/>Je demande pas de gages<\/p>\n<p style=\"text-align: center;\">Batelier, engage-moi<br \/>J\u2019ai une de ces envies<br \/>De recommencer ma vie<br \/>Encore une fois<\/p>\n<p style=\"text-align: center;\">Batelier, si tu m\u2019engages<br \/>Premier debout, c\u2019est promis<br \/>Un tabouret. Plus d\u2019amis<br \/>Que mon chien, pas de bagages<\/p>\n<p style=\"text-align: center;\">Batelier, engage-moi<br \/>Fais pas gaffe \u00e0 ma tenue<br \/>Ah, si tu m&rsquo;avais connu<br \/>Autrefois&#8230;<\/p>\n<p style=\"text-align: center;\">Batelier, si tu m&rsquo;engages<br \/>Tes cuivres, ton acajou<br \/>Je te les brique, un bijou<br \/>Qu&rsquo;on y verra les nuages<\/p>\n<p style=\"text-align: center;\">Batelier, si tu m&rsquo;engages<br \/>Je ferai un bon mari<br \/>Pour ta fille, tu paries<br \/>&#8230;.<\/p>\n<p style=\"text-align: center;\">Sous mon r\u00e9verb\u00e8re&#8230; parti<br \/>Je te vois qui clapote au loin<br \/>\u00c7a me fait marrer dans mon coin<br \/>Ton rafiot, il est tout petit<\/p>\n<p style=\"text-align: center;\">Il est o\u00f9, ce foutu paradis<\/p>\n<p style=\"text-align: center;\"><img decoding=\"async\" loading=\"lazy\" class=\"alignnone wp-image-553\" src=\"https:\/\/pascalaussi.fr\/wp-content\/uploads\/2016\/11\/images-1.png\" alt=\"images\" width=\"77\" height=\"82\" \/><\/p>\n<p style=\"text-align: center;\"><em>Paroles : Pascal AUSSI<br \/>Musique : Olivier DELGUTTE<\/em><\/p>","protected":false},"excerpt":{"rendered":"<p>\u00c9ric Bleuz\u00e9 : chantRomuald Lefebvre : accord\u00e9on Olivier Delgutte : piano, claviers, arrangement \u00c7a, parler, c&rsquo;est pas si souventY a pas grand chose \u00e0 raconterOu des trucs, on n&rsquo;a pas id\u00e9eQue \u00e7a ferait peur aux enfants Sous mon r\u00e9verb\u00e8re, pardiSuis le mieux install\u00e9 du coinEt puis l&rsquo;eau courante pas loinQue s&rsquo;en est un vrai paradis &hellip; <a href=\"https:\/\/pascalaussi.fr\/index.php\/flottaison\/\" class=\"more-link\">Continuer la lecture de <span class=\"screen-reader-text\">Barge (Batelier, engage-moi)<\/span><\/a><\/p>\n","protected":false},"author":2,"featured_media":0,"parent":0,"menu_order":0,"comment_status":"closed","ping_status":"closed","template":"","meta":[],"_links":{"self":[{"href":"https:\/\/pascalaussi.fr\/index.php\/wp-json\/wp\/v2\/pages\/662"}],"collection":[{"href":"https:\/\/pascalaussi.fr\/index.php\/wp-json\/wp\/v2\/pages"}],"about":[{"href":"https:\/\/pascalaussi.fr\/index.php\/wp-json\/wp\/v2\/types\/page"}],"author":[{"embeddable":true,"href":"https:\/\/pascalaussi.fr\/index.php\/wp-json\/wp\/v2\/users\/2"}],"replies":[{"embeddable":true,"href":"https:\/\/pascalaussi.fr\/index.php\/wp-json\/wp\/v2\/comments?post=662"}],"version-history":[{"count":40,"href":"https:\/\/pascalaussi.fr\/index.php\/wp-json\/wp\/v2\/pages\/662\/revisions"}],"predecessor-version":[{"id":5303,"href":"https:\/\/pascalaussi.fr\/index.php\/wp-json\/wp\/v2\/pages\/662\/revisions\/5303"}],"wp:attachment":[{"href":"https:\/\/pascalaussi.fr\/index.php\/wp-json\/wp\/v2\/media?parent=662"}],"curies":[{"name":"wp","href":"https:\/\/api.w.org\/{rel}","templated":true}]}}