{"id":679,"date":"2017-01-04T23:02:15","date_gmt":"2017-01-04T22:02:15","guid":{"rendered":"http:\/\/pascalaussi.fr\/?page_id=679"},"modified":"2025-11-21T11:32:48","modified_gmt":"2025-11-21T10:32:48","slug":"zone-inondable","status":"publish","type":"page","link":"https:\/\/pascalaussi.fr\/index.php\/zone-inondable\/","title":{"rendered":"Zone inondable"},"content":{"rendered":"\n<p class=\"has-text-align-center\">Pascal Aussi : chant<br>Melaine Favennec : chant breton<br>Tony Baker : piano<br>Michel Saulnier : contrebasse<\/p>\n\n\n\n<figure class=\"wp-block-audio\"><audio controls src=\"https:\/\/pascalaussi.fr\/wp-content\/uploads\/2016\/11\/Zone-inondable.mp3\"><\/audio><\/figure>\n\n\n\n<p><\/p>\n\n\n\n<p class=\"has-text-align-center\">Je suis n\u00e9 comme un ruisseau<br>Qui sort on conna\u00eet l\u2019endroit<br>Mouillage de mon berceau<br>Puis petit lit \u00e0 l\u2019\u00e9troit<\/p>\n\n\n\n<p class=\"has-text-align-center\">Pas de pente \u00e0 d\u00e9valer<br>De cascade ou de cabri<br>C\u2019est d\u00e9j\u00e0 dans la vall\u00e9e<br>Que moi le clapot me prit<\/p>\n\n\n\n<p class=\"has-text-align-center\"><strong>Cachez-moi Sein, Ouessant, Mol\u00e8ne<br>C\u0153ur en zone inondable, attention&nbsp;!<br>Et quant \u00e0 l\u2019\u00e2ge du capitaine<br>H\u00e9 ho&nbsp;! H\u00e9 ho&nbsp;! C\u2019est trop d\u2019\u00e9motion<\/strong><\/p>\n\n\n\n<p class=\"has-text-align-center\"><em>Barzh ar mor, barzh&nbsp;hon daoulagad,<br>memes dour sall, ar memes dour sall *<\/em><\/p>\n\n\n\n<p class=\"has-text-align-center\">Tout n\u2019est pas dans le journal<br>Que papa lit le matin<br>Je franchis, c\u2019est d\u2019un banal<br>Un jour le mur du jardin<\/p>\n\n\n\n<p class=\"has-text-align-center\">Pas de verger, de troupeau<br>Et pour les peines de c\u0153ur<br>Le sombre des entrep\u00f4ts<br>Et le cri des remorqueurs<\/p>\n\n\n\n<p class=\"has-text-align-center\"><strong>Cachez-moi Sein, Ouessant, Mol\u00e8ne<br>C\u0153ur en zone inondable, attention&nbsp;!<br>Et quant \u00e0 l\u2019\u00e2ge du capitaine<br>H\u00e9 ho&nbsp;! H\u00e9 ho&nbsp;! C\u2019est trop d\u2019\u00e9motion<br><\/strong><\/p>\n\n\n\n<p class=\"has-text-align-center\"><em>Barzh ar mor, barzh&nbsp;hon daoulagad,<br>memes dour sall, ar memes dour sall *<\/em><\/p>\n\n\n\n<p class=\"has-text-align-center\">Les courants que j\u2019ai suivis<br>Ne gagnaient pas l\u2019horizon<br>Mais ce que j\u2019ai me suffit<br>Si je chante mes chansons<\/p>\n\n\n\n<p class=\"has-text-align-center\">Seul regret&nbsp;: en \u00e9crivant<br>C\u2019est ma vie dont j\u2019ai besoin<br>Si je l\u2019avais su avant<br>J\u2019y aurais mis plus de soin<\/p>\n\n\n\n<p class=\"has-text-align-center\"><strong>Cachez-moi Sein, Ouessant, Mol\u00e8ne<br>C\u0153ur en zone inondable, attention&nbsp;!<br>Et quant \u00e0 l\u2019\u00e2ge du capitaine<br>H\u00e9 ho&nbsp;! H\u00e9 ho&nbsp;! C\u2019est trop d\u2019\u00e9motion<br><\/strong><\/p>\n\n\n\n<p class=\"has-text-align-center\"><em>Barzh ar mor, barzh&nbsp;hon daoulagad,<br>memes dour sall, ar memes dour sall *<\/em><\/p>\n\n\n\n<p class=\"has-text-align-center\"><em>* Dans la mer et dans nos yeux, <\/em><em>m\u00eame eau sal\u00e9e, la m\u00eame eau sal\u00e9e<\/em><\/p>\n\n\n<div class=\"wp-block-image\">\n<figure class=\"aligncenter is-resized\"><img decoding=\"async\" loading=\"lazy\" src=\"https:\/\/pascalaussi.fr\/wp-content\/uploads\/2016\/11\/images-1.png\" alt=\"images\" class=\"wp-image-553\" width=\"68\" height=\"72\"\/><\/figure><\/div>\n\n\n<p class=\"has-text-align-center\"><em>Paroles et musique : Pascal AUSSI<\/em><\/p>\n\n\n\n<p class=\"has-text-align-center\"><\/p>\n","protected":false},"excerpt":{"rendered":"<p>Pascal Aussi : chantMelaine Favennec : chant bretonTony Baker : pianoMichel Saulnier : contrebasse Je suis n\u00e9 comme un ruisseauQui sort on conna\u00eet l\u2019endroitMouillage de mon berceauPuis petit lit \u00e0 l\u2019\u00e9troit Pas de pente \u00e0 d\u00e9valerDe cascade ou de cabriC\u2019est d\u00e9j\u00e0 dans la vall\u00e9eQue moi le clapot me prit Cachez-moi Sein, Ouessant, Mol\u00e8neC\u0153ur en zone &hellip; <a href=\"https:\/\/pascalaussi.fr\/index.php\/zone-inondable\/\" class=\"more-link\">Continuer la lecture de <span class=\"screen-reader-text\">Zone inondable<\/span><\/a><\/p>\n","protected":false},"author":2,"featured_media":0,"parent":0,"menu_order":0,"comment_status":"closed","ping_status":"closed","template":"","meta":[],"_links":{"self":[{"href":"https:\/\/pascalaussi.fr\/index.php\/wp-json\/wp\/v2\/pages\/679"}],"collection":[{"href":"https:\/\/pascalaussi.fr\/index.php\/wp-json\/wp\/v2\/pages"}],"about":[{"href":"https:\/\/pascalaussi.fr\/index.php\/wp-json\/wp\/v2\/types\/page"}],"author":[{"embeddable":true,"href":"https:\/\/pascalaussi.fr\/index.php\/wp-json\/wp\/v2\/users\/2"}],"replies":[{"embeddable":true,"href":"https:\/\/pascalaussi.fr\/index.php\/wp-json\/wp\/v2\/comments?post=679"}],"version-history":[{"count":15,"href":"https:\/\/pascalaussi.fr\/index.php\/wp-json\/wp\/v2\/pages\/679\/revisions"}],"predecessor-version":[{"id":3848,"href":"https:\/\/pascalaussi.fr\/index.php\/wp-json\/wp\/v2\/pages\/679\/revisions\/3848"}],"wp:attachment":[{"href":"https:\/\/pascalaussi.fr\/index.php\/wp-json\/wp\/v2\/media?parent=679"}],"curies":[{"name":"wp","href":"https:\/\/api.w.org\/{rel}","templated":true}]}}