{"id":689,"date":"2017-01-04T23:22:21","date_gmt":"2017-01-04T22:22:21","guid":{"rendered":"http:\/\/pascalaussi.fr\/?page_id=689"},"modified":"2025-11-27T18:11:41","modified_gmt":"2025-11-27T17:11:41","slug":"le-temps-est-un-oiseau","status":"publish","type":"page","link":"https:\/\/pascalaussi.fr\/index.php\/le-temps-est-un-oiseau\/","title":{"rendered":"Le temps est un oiseau"},"content":{"rendered":"\n<figure class=\"wp-block-audio\"><audio controls src=\"https:\/\/pascalaussi.fr\/wp-content\/uploads\/2025\/11\/Le-temps-est-un-oiseau.mp3\"><\/audio><\/figure>\n\n\n<p style=\"text-align: center;\">Un gamin, tout sourire et gambadant<br \/>Faut le voir \u2026 Son chapeau et sa ceinture<br \/>Bras lev\u00e9, en pleine aventure<br \/>En ce matin de printemps<\/p>\n<p style=\"text-align: center;\"><em>Le temps est un oiseau qui ne tient pas en cage<br \/>On ne le voit jamais s\u2019envoler et pourtant<br \/>C\u2019est \u00e0 courir le monde qu\u2019il passe le temps<br \/>Nous ramenant des souvenirs dans ses bagages<\/em><\/p>\n<p style=\"text-align: center;\">Ils sont l\u00e0, presque nus, faisant les fous<br \/>Peaux dor\u00e9es, rire au clair\u00a0! \u00ab\u00a0Belle sottise<br \/>Sous un soleil si haut\u00a0\u00bb se disent<br \/>Les vieux, sur leur banc, jaloux<\/p>\n<p style=\"text-align: center;\"><em>Le temps est un oiseau\u2026<\/em><\/p>\n<p style=\"text-align: center;\">Un apr\u00e8s-midi creux, on r\u00e9fl\u00e9chit<br \/>Le regard au carreau\u2026 D\u00e9j\u00e0 l\u2019automne<br \/>Et les combats qu\u2019on abandonne<br \/>En disant qu\u2019on s\u2019assagit<\/p>\n<p style=\"text-align: center;\"><em>Le temps est un oiseau\u2026<\/em><\/p>\n<p style=\"text-align: center;\">Derniers rayons du jour. Tout ce bois mort<br \/>Que la m\u00e9moire agite. Heures anciennes<br \/>Les visages, les voix, \u00e0 peine<br \/>Un rien, une ombre, un remord<\/p>\n<p style=\"text-align: center;\"><em>Le temps est un oiseau qui ne tient pas en cage<br \/>On ne le voit jamais s\u2019envoler et pourtant<br \/>C\u2019est \u00e0 courir le monde qu\u2019il passe le temps<br \/>Nous emmenant pour en finir dans ses bagages<\/em><\/p>\n<p style=\"text-align: center;\"><img decoding=\"async\" loading=\"lazy\" class=\"alignnone  wp-image-553\" src=\"https:\/\/pascalaussi.fr\/wp-content\/uploads\/2016\/11\/images-1.png\" alt=\"images\" width=\"77\" height=\"82\" \/><\/p>\n<p style=\"text-align: center;\"><em>Paroles : Pascal AUSSI<br \/>Musique : Olivier DELGUTTE<\/em><\/p>","protected":false},"excerpt":{"rendered":"<p>Un gamin, tout sourire et gambadantFaut le voir \u2026 Son chapeau et sa ceintureBras lev\u00e9, en pleine aventureEn ce matin de printemps Le temps est un oiseau qui ne tient pas en cageOn ne le voit jamais s\u2019envoler et pourtantC\u2019est \u00e0 courir le monde qu\u2019il passe le tempsNous ramenant des souvenirs dans ses bagages Ils &hellip; <a href=\"https:\/\/pascalaussi.fr\/index.php\/le-temps-est-un-oiseau\/\" class=\"more-link\">Continuer la lecture de <span class=\"screen-reader-text\">Le temps est un oiseau<\/span><\/a><\/p>\n","protected":false},"author":2,"featured_media":0,"parent":0,"menu_order":0,"comment_status":"closed","ping_status":"closed","template":"","meta":[],"_links":{"self":[{"href":"https:\/\/pascalaussi.fr\/index.php\/wp-json\/wp\/v2\/pages\/689"}],"collection":[{"href":"https:\/\/pascalaussi.fr\/index.php\/wp-json\/wp\/v2\/pages"}],"about":[{"href":"https:\/\/pascalaussi.fr\/index.php\/wp-json\/wp\/v2\/types\/page"}],"author":[{"embeddable":true,"href":"https:\/\/pascalaussi.fr\/index.php\/wp-json\/wp\/v2\/users\/2"}],"replies":[{"embeddable":true,"href":"https:\/\/pascalaussi.fr\/index.php\/wp-json\/wp\/v2\/comments?post=689"}],"version-history":[{"count":5,"href":"https:\/\/pascalaussi.fr\/index.php\/wp-json\/wp\/v2\/pages\/689\/revisions"}],"predecessor-version":[{"id":4550,"href":"https:\/\/pascalaussi.fr\/index.php\/wp-json\/wp\/v2\/pages\/689\/revisions\/4550"}],"wp:attachment":[{"href":"https:\/\/pascalaussi.fr\/index.php\/wp-json\/wp\/v2\/media?parent=689"}],"curies":[{"name":"wp","href":"https:\/\/api.w.org\/{rel}","templated":true}]}}