{"id":705,"date":"2017-01-05T00:13:49","date_gmt":"2017-01-04T23:13:49","guid":{"rendered":"http:\/\/pascalaussi.fr\/?page_id=705"},"modified":"2026-05-06T15:15:53","modified_gmt":"2026-05-06T13:15:53","slug":"transat","status":"publish","type":"page","link":"https:\/\/pascalaussi.fr\/index.php\/transat\/","title":{"rendered":"Transat"},"content":{"rendered":"\n<p class=\"has-text-align-center\"><br><em>Marine Allain : chant<br>Olivier Rousseau : piano et arrangement<\/em><\/p>\n\n\n<!--[if lt IE 9]><script>document.createElement('audio');<\/script><![endif]-->\n<audio class=\"wp-audio-shortcode\" id=\"audio-705-1\" preload=\"none\" style=\"width: 100%;\" controls=\"controls\"><source type=\"audio\/mpeg\" src=\"https:\/\/pascalaussi.fr\/wp-content\/uploads\/2025\/11\/Transat-3.mp3?_=1\" \/><a href=\"https:\/\/pascalaussi.fr\/wp-content\/uploads\/2025\/11\/Transat-3.mp3\">https:\/\/pascalaussi.fr\/wp-content\/uploads\/2025\/11\/Transat-3.mp3<\/a><\/audio>\n<p style=\"text-align: center;\">Mon enfant<br>Souvent<br>Devant<br>Mon ven-<br>tre est bien lourd<br>Oc\u00e9an<br>&#8211; eau et sang \u2013<br>Plus pesant<br>Chaque jour<br>Quand j\u2019attends<br>Sur la rive<br>C\u0153ur battant<br>Ton bateau qui arrive\u2026<\/p>\n<p style=\"text-align: center;\">Pas de menace \u00e0 l\u2019horizon<br>Le seul iceberg est ce gla\u00e7on<br>Un peu \u00e0 l\u2019\u00e9troit dans mon verre<br>N\u2019avons-nous pas bien fi\u00e8re allure<br>Moi la main sur ton h\u00e9misph\u00e8re<br>Et toi tout en voilure<\/p>\n<p style=\"text-align: center;\">Que t\u2019apprend-il, ce long cours<br>De si ensorceleur<br>Que tu sembles, petit<br>Oublier l\u2019heure<br>De la sortie<\/p>\n<p style=\"text-align: center;\">Mon enfant<br>Souvent<br>Avant<br>Ce ven-<br>tre a servi<br>\u00c0 bien d\u2019au-<br>tres cadeaux<br>Qu\u2019\u00e0 te don-<br>ner la vie<br>Tous ces cieux<br>\u00c9loign\u00e9s,<br>\u00d4 messieurs&nbsp;!<br>Qu\u2019il est dur de gagner<\/p>\n<p style=\"text-align: center;\">Pas de temp\u00eate \u00e0 la maison<br>Me vient l\u2019envie d\u2019une chanson<br>Qui conterait nos travers\u00e9es<br>En solidaires au fil de l\u2019eau<br>Jusqu\u2019\u00e0 d\u00e9couvrir, m\u00e9dus\u00e9e<br>Ta frimousse au hublot<\/p>\n<p style=\"text-align: center;\">Raz-de-mar\u00e9e coupant court<br>\u00c0 tout ce vague \u00e0 l\u2019\u00e2me<br>Balayant tout en moi<br>J\u2019attends ta lame<br>Depuis des mois<\/p>\n<p style=\"text-align: center;\">Mon enfant<br>Souvent<br>Devant<br>Mon ven-<br>tre est bien lourd<br>Oc\u00e9an<br>&#8211; eau et sang \u2013<br>Plus pesant<br>Chaque jour<br>Quand j\u2019attends<br>Sur la rive<br>C\u0153ur battant<br>Ton bateau<br>Bient\u00f4t<br>Qui arrive<\/p>\n<p style=\"text-align: center;\"><img decoding=\"async\" loading=\"lazy\" class=\"alignnone  wp-image-553\" src=\"https:\/\/pascalaussi.fr\/wp-content\/uploads\/2016\/11\/images-1.png\" alt=\"images\" width=\"77\" height=\"82\"><\/p>\n<p style=\"text-align: center;\"><em>Paroles : Pascal AUSSI<br>Musique : Olivier DELGUTTE<\/em><\/p>\n\n\n<p class=\"has-text-align-center\"><br><\/p>\n","protected":false},"excerpt":{"rendered":"<p>Marine Allain : chantOlivier Rousseau : piano et arrangement Mon enfantSouventDevantMon ven-tre est bien lourdOc\u00e9an&#8211; eau et sang \u2013Plus pesantChaque jourQuand j\u2019attendsSur la riveC\u0153ur battantTon bateau qui arrive\u2026 Pas de menace \u00e0 l\u2019horizonLe seul iceberg est ce gla\u00e7onUn peu \u00e0 l\u2019\u00e9troit dans mon verreN\u2019avons-nous pas bien fi\u00e8re allureMoi la main sur ton h\u00e9misph\u00e8reEt toi tout &hellip; <a href=\"https:\/\/pascalaussi.fr\/index.php\/transat\/\" class=\"more-link\">Continuer la lecture de <span class=\"screen-reader-text\">Transat<\/span><\/a><\/p>\n","protected":false},"author":2,"featured_media":0,"parent":0,"menu_order":0,"comment_status":"closed","ping_status":"closed","template":"","meta":[],"_links":{"self":[{"href":"https:\/\/pascalaussi.fr\/index.php\/wp-json\/wp\/v2\/pages\/705"}],"collection":[{"href":"https:\/\/pascalaussi.fr\/index.php\/wp-json\/wp\/v2\/pages"}],"about":[{"href":"https:\/\/pascalaussi.fr\/index.php\/wp-json\/wp\/v2\/types\/page"}],"author":[{"embeddable":true,"href":"https:\/\/pascalaussi.fr\/index.php\/wp-json\/wp\/v2\/users\/2"}],"replies":[{"embeddable":true,"href":"https:\/\/pascalaussi.fr\/index.php\/wp-json\/wp\/v2\/comments?post=705"}],"version-history":[{"count":18,"href":"https:\/\/pascalaussi.fr\/index.php\/wp-json\/wp\/v2\/pages\/705\/revisions"}],"predecessor-version":[{"id":5307,"href":"https:\/\/pascalaussi.fr\/index.php\/wp-json\/wp\/v2\/pages\/705\/revisions\/5307"}],"wp:attachment":[{"href":"https:\/\/pascalaussi.fr\/index.php\/wp-json\/wp\/v2\/media?parent=705"}],"curies":[{"name":"wp","href":"https:\/\/api.w.org\/{rel}","templated":true}]}}