{"id":708,"date":"2017-01-05T00:28:09","date_gmt":"2017-01-04T23:28:09","guid":{"rendered":"http:\/\/pascalaussi.fr\/?page_id=708"},"modified":"2025-12-12T11:02:06","modified_gmt":"2025-12-12T10:02:06","slug":"trompeur","status":"publish","type":"page","link":"https:\/\/pascalaussi.fr\/index.php\/trompeur\/","title":{"rendered":"Trompeur"},"content":{"rendered":"<p style=\"text-align: center;\">Le petit coup qu\u2019on se prend comme \u00e7a en douce<br \/>\nUne passion forte bue d\u2019un trait<br \/>\nOu l\u2019histoire ancienne qui remet l\u2019eau \u00e0 la bouche<br \/>\n&#8211; Les remords feraient-ils moins souffrir que les regrets \u2013<\/p>\n<p style=\"text-align: center;\">Sans parler de ces vies parall\u00e8les<br \/>\nMensonge, h\u00f4tel et tout le num\u00e9ro<br \/>\n&#8211; Deux cordes \u00e0 son arc et l\u2019Amour qui bat de l\u2019aile &#8211;<br \/>\nUne lettre cach\u00e9e sous un tiroir du bureau<\/p>\n<p style=\"text-align: center;\">\u00a0Car quoi de plus trompeur<br \/>\nQue l&rsquo;infid\u00e9lit\u00e9<br \/>\nOn croit mener sa vie<br \/>\nOn ne fait, j&rsquo;ai bien peur<br \/>\nQue c\u00e9der<br \/>\n\u00c0 l&rsquo;envie<\/p>\n<p style=\"text-align: center;\"><em>L&rsquo;envie d&rsquo;un grain de peau qui ne soit plus le m\u00eame<\/em><br \/>\n<em>Quelqu&rsquo;un qui je ne sais s&rsquo;il m&rsquo;aime<\/em><br \/>\n<em>Mais me le dise<\/em><br \/>\n<em>Refair<\/em><em>e<\/em><em> des photos, des b\u00eatises<\/em><\/p>\n<p style=\"text-align: center;\"><em>\u00a0L\u2019envie d\u2019un grain de sel quand les jours sont bien fades<br \/>\nDes draps\u2026 on peut croir<\/em><em>e<\/em><em> qu\u2019on s\u2019\u00e9vade<br \/>\nRepris d<\/em><em>e<\/em><em> justesse<\/em><br \/>\n<em>Par trop de complicit\u00e9 et tant de tendresse<\/em><\/p>\n<p style=\"text-align: center;\">Le moteur dans l&rsquo;all\u00e9e qui s&rsquo;\u00e9loigne<br \/>\nLes baisers sal\u00e9s et les mots doux<br \/>\nPeut-\u00eatre la peur de te perdre qui me gagne<br \/>\nMais fermant les yeux ce soir je me souviens de tout<\/p>\n<p style=\"text-align: center;\">L&rsquo;orage \u00e0 deux sous la gabardine<br \/>\nLe bruit de ta cl\u00e9 tard dans la nuit<br \/>\nLa maison de Groix, les no\u00ebls de Cl\u00e9mentine<br \/>\nDes moments si bons qu\u2019ils valaient bien un peu d\u2019ennui<\/p>\n<p style=\"text-align: center;\">A t-on tant cherch\u00e9 \u00e0 s&rsquo;aimer de fa\u00e7on nouvelle<br \/>\nFen\u00eatre ouverte et sans jalousie<br \/>\nPour qu\u2019au premier accroc, ces belles id\u00e9es se r\u00e9v\u00e8lent<br \/>\nN\u2019\u00eatre au fond qu\u2019un tissu d\u2019idioties<br \/>\nFichu g\u00e2chis<\/p>\n<p style=\"text-align: center;\">Car quoi de plus trompeur<br \/>\nQue l&rsquo;infid\u00e9lit\u00e9<br \/>\nOn croit mener sa vie<br \/>\nOn ne fait, j&rsquo;ai bien peur<br \/>\nQue c\u00e9der<br \/>\n\u00c0 l&rsquo;envie<\/p>\n<p style=\"text-align: center;\"><em>L\u2019envie d\u2019un coup de vent \u00e0 faire table rase<\/em><br \/>\n<em>Les vieux gestes et les vieilles phrases<\/em><br \/>\n<em>C\u2019est la routine<\/em><br \/>\n<em>Qui met la vie comme en sourdine<\/em><\/p>\n<p style=\"text-align: center;\"><em>L\u2019envie d\u2019un coup de dents sur ce corps enfin m\u00fbr<br \/>\nTout est plus fort d\u00e8s qu\u2019on murmure<br \/>\nEt les saisons<br \/>\nMe feront bien assez t\u00f4t entendre raison<br \/>\n<\/em><\/p>\n<p style=\"text-align: center;\"><img decoding=\"async\" loading=\"lazy\" class=\"alignnone  wp-image-553\" src=\"https:\/\/pascalaussi.fr\/wp-content\/uploads\/2016\/11\/images-1.png\" alt=\"images\" width=\"77\" height=\"82\" \/><\/p>\n<p style=\"text-align: center;\"><em>Paroles : Pascal AUSSI<\/em><\/p>\n","protected":false},"excerpt":{"rendered":"<p>Le petit coup qu\u2019on se prend comme \u00e7a en douce Une passion forte bue d\u2019un trait Ou l\u2019histoire ancienne qui remet l\u2019eau \u00e0 la bouche &#8211; Les remords feraient-ils moins souffrir que les regrets \u2013 Sans parler de ces vies parall\u00e8les Mensonge, h\u00f4tel et tout le num\u00e9ro &#8211; Deux cordes \u00e0 son arc et l\u2019Amour &hellip; <a href=\"https:\/\/pascalaussi.fr\/index.php\/trompeur\/\" class=\"more-link\">Continuer la lecture de <span class=\"screen-reader-text\">Trompeur<\/span><\/a><\/p>\n","protected":false},"author":2,"featured_media":0,"parent":0,"menu_order":0,"comment_status":"closed","ping_status":"closed","template":"","meta":[],"_links":{"self":[{"href":"https:\/\/pascalaussi.fr\/index.php\/wp-json\/wp\/v2\/pages\/708"}],"collection":[{"href":"https:\/\/pascalaussi.fr\/index.php\/wp-json\/wp\/v2\/pages"}],"about":[{"href":"https:\/\/pascalaussi.fr\/index.php\/wp-json\/wp\/v2\/types\/page"}],"author":[{"embeddable":true,"href":"https:\/\/pascalaussi.fr\/index.php\/wp-json\/wp\/v2\/users\/2"}],"replies":[{"embeddable":true,"href":"https:\/\/pascalaussi.fr\/index.php\/wp-json\/wp\/v2\/comments?post=708"}],"version-history":[{"count":6,"href":"https:\/\/pascalaussi.fr\/index.php\/wp-json\/wp\/v2\/pages\/708\/revisions"}],"predecessor-version":[{"id":4863,"href":"https:\/\/pascalaussi.fr\/index.php\/wp-json\/wp\/v2\/pages\/708\/revisions\/4863"}],"wp:attachment":[{"href":"https:\/\/pascalaussi.fr\/index.php\/wp-json\/wp\/v2\/media?parent=708"}],"curies":[{"name":"wp","href":"https:\/\/api.w.org\/{rel}","templated":true}]}}