{"id":712,"date":"2017-01-05T00:36:46","date_gmt":"2017-01-04T23:36:46","guid":{"rendered":"http:\/\/pascalaussi.fr\/?page_id=712"},"modified":"2025-11-27T18:18:47","modified_gmt":"2025-11-27T17:18:47","slug":"troublant-express","status":"publish","type":"page","link":"https:\/\/pascalaussi.fr\/index.php\/troublant-express\/","title":{"rendered":"Troublant Express"},"content":{"rendered":"\n<figure class=\"wp-block-audio\"><audio controls src=\"https:\/\/pascalaussi.fr\/wp-content\/uploads\/2025\/11\/11-Troublant-Express-1.mp3\"><\/audio><\/figure>\n\n\n<p style=\"text-align: center;\">On roulait, \u00e7a faisait un moment<br \/>Mon voisin ronflottait en dormant<br \/>Par la vitre, on voyait des maisons<br \/>Genre \u00ab\u00a0Abricotier\u00a0\u00bb\u00a0\u00ab\u00a0Sam Suffy\u00a0\u00bb<br \/>C\u2019\u00e9tait la fin de la saison<br \/>Il a ouvert la porte du compartiment<br \/>Et est entr\u00e9 dans ma vie\u2026<\/p>\n<p style=\"text-align: center;\">Il avait un grand sac \u00e0 la main<br \/>Un habit noir et blanc peu commun<br \/>Et cet air de croiser loin de tout<br \/>Que j\u2019avais rencontr\u00e9 d\u00e9j\u00e0<br \/>Chez des marins de n\u2019importe o\u00f9<br \/>Le profil et le geste \u00e9tonnamment gamin<br \/>Et deux grands yeux verts de chat\u2026<\/p>\n<p style=\"text-align: center;\"><em>Un regard\u00a0: c\u2019est le monde \u00e0 l\u2019envers<\/em><br \/><em>On croit la voie toute trac\u00e9e<\/em><br \/><em>Un coup d\u2019aiguille\u00a0: on est bien avanc\u00e9<\/em><br \/><em>C\u2019est sa vie qui serait \u00e0 refaire<\/em><br \/><em>Tu bats\u2026 tu bats\u2026 en retraite, animal<\/em><br \/><em>Couloir\u2026 couloir\u2026 le verrou fermait mal<\/em><br \/><em>J\u2019ai pass\u00e9 de l\u2019eau sur mon cou<\/em><br \/><em>Respir\u00e9 un grand coup&#8230;<\/em><\/p>\n<p style=\"text-align: center;\">Il arrange \u00e0 deux doigts ses cheveux<br \/>Puis me tend son journal, si je veux<br \/>Une blonde au buffet l\u2019attendra<br \/>Elle marchera droit vers lui<br \/>Et se jettera dans ses bras<br \/>J\u2019ai regard\u00e9 si leur taxi tournait au feu<br \/>Et m\u2019en suis all\u00e9e sous la pluie<\/p>\n<p style=\"text-align: center;\"><img decoding=\"async\" loading=\"lazy\" class=\"alignnone  wp-image-553\" src=\"https:\/\/pascalaussi.fr\/wp-content\/uploads\/2016\/11\/images-1.png\" alt=\"images\" width=\"77\" height=\"82\" \/><\/p>\n<p style=\"text-align: center;\"><em>Paroles : Pascal AUSSI<br \/>Musique : Olivier DELGUTTE<\/em><\/p>\n\n\n<p class=\"has-text-align-center\"><\/p>\n","protected":false},"excerpt":{"rendered":"<p>On roulait, \u00e7a faisait un momentMon voisin ronflottait en dormantPar la vitre, on voyait des maisonsGenre \u00ab\u00a0Abricotier\u00a0\u00bb\u00a0\u00ab\u00a0Sam Suffy\u00a0\u00bbC\u2019\u00e9tait la fin de la saisonIl a ouvert la porte du compartimentEt est entr\u00e9 dans ma vie\u2026 Il avait un grand sac \u00e0 la mainUn habit noir et blanc peu communEt cet air de croiser loin de toutQue &hellip; <a href=\"https:\/\/pascalaussi.fr\/index.php\/troublant-express\/\" class=\"more-link\">Continuer la lecture de <span class=\"screen-reader-text\">Troublant Express<\/span><\/a><\/p>\n","protected":false},"author":2,"featured_media":0,"parent":0,"menu_order":0,"comment_status":"closed","ping_status":"closed","template":"","meta":[],"_links":{"self":[{"href":"https:\/\/pascalaussi.fr\/index.php\/wp-json\/wp\/v2\/pages\/712"}],"collection":[{"href":"https:\/\/pascalaussi.fr\/index.php\/wp-json\/wp\/v2\/pages"}],"about":[{"href":"https:\/\/pascalaussi.fr\/index.php\/wp-json\/wp\/v2\/types\/page"}],"author":[{"embeddable":true,"href":"https:\/\/pascalaussi.fr\/index.php\/wp-json\/wp\/v2\/users\/2"}],"replies":[{"embeddable":true,"href":"https:\/\/pascalaussi.fr\/index.php\/wp-json\/wp\/v2\/comments?post=712"}],"version-history":[{"count":10,"href":"https:\/\/pascalaussi.fr\/index.php\/wp-json\/wp\/v2\/pages\/712\/revisions"}],"predecessor-version":[{"id":4558,"href":"https:\/\/pascalaussi.fr\/index.php\/wp-json\/wp\/v2\/pages\/712\/revisions\/4558"}],"wp:attachment":[{"href":"https:\/\/pascalaussi.fr\/index.php\/wp-json\/wp\/v2\/media?parent=712"}],"curies":[{"name":"wp","href":"https:\/\/api.w.org\/{rel}","templated":true}]}}