{"id":725,"date":"2017-01-05T09:33:18","date_gmt":"2017-01-05T08:33:18","guid":{"rendered":"http:\/\/pascalaussi.fr\/?page_id=725"},"modified":"2025-11-21T11:44:52","modified_gmt":"2025-11-21T10:44:52","slug":"un-secret-de-polichinelle","status":"publish","type":"page","link":"https:\/\/pascalaussi.fr\/index.php\/un-secret-de-polichinelle\/","title":{"rendered":"Un secret de Polichinelle"},"content":{"rendered":"<p style=\"text-align: center;\">\u00a0Pascal Aussi: chant<br data-rich-text-line-break=\"true\" \/>Michel Saulnier: contrebasse<\/p>\n<!--[if lt IE 9]><script>document.createElement('audio');<\/script><![endif]-->\n<audio class=\"wp-audio-shortcode\" id=\"audio-725-1\" preload=\"none\" style=\"width: 100%;\" controls=\"controls\"><source type=\"audio\/mpeg\" src=\"https:\/\/pascalaussi.fr\/wp-content\/uploads\/2023\/06\/04-Un-Secret-De-Polichinelle.m4a?_=1\" \/><a href=\"https:\/\/pascalaussi.fr\/wp-content\/uploads\/2023\/06\/04-Un-Secret-De-Polichinelle.m4a\">https:\/\/pascalaussi.fr\/wp-content\/uploads\/2023\/06\/04-Un-Secret-De-Polichinelle.m4a<\/a><\/audio>\n<p style=\"text-align: center;\">\u00a0\u00a0\u00a0\u00a0 \u00e0 F\u00e9lix<\/p>\n<p style=\"text-align: center;\"><strong>C\u2019est un secret de Polichinelle<br \/>Que maman voudrait garder pour elle<br \/>Mais qu\u2019on voit sous son Tshirt<br \/>Et faudra bien qu\u2019il sorte<\/strong><\/p>\n<p style=\"text-align: center;\">C\u2019est une dr\u00f4le de maman que j\u2019ai l\u00e0<br \/>On dirait qu\u2019elle se parle tout bas<br \/>Elle arr\u00eate ses yeux souvent<br \/>Les deux mains devant<\/p>\n<p style=\"text-align: center;\">Avec papa, ils ont soulign\u00e9<br \/>Des jours loin sur le calendrier<br \/>J\u2019aurai apr\u00e8s les travaux<br \/>Un grand lit nouveau<\/p>\n<p style=\"text-align: center;\"><strong>C&rsquo;est un secret &#8230;<\/strong><\/p>\n<p style=\"text-align: center;\">Rien que papa et moi, les gar\u00e7ons<br \/>On est d\u00e9j\u00e0 deux \u00e0 la maison<br \/>S\u00fbr qu\u2019\u00e0 trois, c\u2019est encore mieux<br \/>Les rires et les jeux<\/p>\n<p style=\"text-align: center;\">Mais on va laisser maman choisir<br \/>Car peut-\u00eatre \u00e7a lui ferait plaisir<br \/>D\u2019avoir pareil dans l\u2019\u00e9quipe<br \/>Une grande, une petite<\/p>\n<p style=\"text-align: center;\"><em>Alors\u2026 quelqu\u2019une ou quelqu\u2019un<br \/>Sacr\u00e9e chipie ou fichu coquin<br \/>Colombine ou Arlequin<\/em><\/p>\n<p style=\"text-align: center;\"><em>\u00a0<\/em>Qu\u2019il est long, ce ballon, \u00e0 gonfler<br \/>Comment le faire bondir et rouler<br \/>Qu\u2019il tienne enfin dans nos bras<br \/>Se mette dans de beaux draps (bis)<\/p>\n<p style=\"text-align: center;\"><strong>C\u2019est un secret de Polichinelle<br \/>Que maman voudrait garder pour elle<br \/>Mais qu\u2019on voit sous son Tshirt<br \/>Et faudra bien\u2026 Oui, faudra bien\u2026<br \/>Oh, faudra bien qu\u2019il sorte<\/strong><\/p>\n<p style=\"text-align: center;\"><img decoding=\"async\" loading=\"lazy\" class=\"alignnone wp-image-553\" src=\"https:\/\/pascalaussi.fr\/wp-content\/uploads\/2016\/11\/images-1.png\" alt=\"images\" width=\"77\" height=\"82\" \/><\/p>\n<p style=\"text-align: center;\"><em>Paroles et musique : Pascal AUSSI<\/em><\/p>\n\n","protected":false},"excerpt":{"rendered":"<p>\u00a0Pascal Aussi: chantMichel Saulnier: contrebasse \u00a0\u00a0\u00a0\u00a0 \u00e0 F\u00e9lix C\u2019est un secret de PolichinelleQue maman voudrait garder pour elleMais qu\u2019on voit sous son TshirtEt faudra bien qu\u2019il sorte C\u2019est une dr\u00f4le de maman que j\u2019ai l\u00e0On dirait qu\u2019elle se parle tout basElle arr\u00eate ses yeux souventLes deux mains devant Avec papa, ils ont soulign\u00e9Des jours loin &hellip; <a href=\"https:\/\/pascalaussi.fr\/index.php\/un-secret-de-polichinelle\/\" class=\"more-link\">Continuer la lecture de <span class=\"screen-reader-text\">Un secret de Polichinelle<\/span><\/a><\/p>\n","protected":false},"author":2,"featured_media":0,"parent":0,"menu_order":0,"comment_status":"closed","ping_status":"closed","template":"","meta":[],"_links":{"self":[{"href":"https:\/\/pascalaussi.fr\/index.php\/wp-json\/wp\/v2\/pages\/725"}],"collection":[{"href":"https:\/\/pascalaussi.fr\/index.php\/wp-json\/wp\/v2\/pages"}],"about":[{"href":"https:\/\/pascalaussi.fr\/index.php\/wp-json\/wp\/v2\/types\/page"}],"author":[{"embeddable":true,"href":"https:\/\/pascalaussi.fr\/index.php\/wp-json\/wp\/v2\/users\/2"}],"replies":[{"embeddable":true,"href":"https:\/\/pascalaussi.fr\/index.php\/wp-json\/wp\/v2\/comments?post=725"}],"version-history":[{"count":12,"href":"https:\/\/pascalaussi.fr\/index.php\/wp-json\/wp\/v2\/pages\/725\/revisions"}],"predecessor-version":[{"id":3856,"href":"https:\/\/pascalaussi.fr\/index.php\/wp-json\/wp\/v2\/pages\/725\/revisions\/3856"}],"wp:attachment":[{"href":"https:\/\/pascalaussi.fr\/index.php\/wp-json\/wp\/v2\/media?parent=725"}],"curies":[{"name":"wp","href":"https:\/\/api.w.org\/{rel}","templated":true}]}}