{"id":729,"date":"2017-01-05T09:40:12","date_gmt":"2017-01-05T08:40:12","guid":{"rendered":"http:\/\/pascalaussi.fr\/?page_id=729"},"modified":"2026-01-26T15:03:31","modified_gmt":"2026-01-26T14:03:31","slug":"kerlou","status":"publish","type":"page","link":"https:\/\/pascalaussi.fr\/index.php\/kerlou\/","title":{"rendered":"Kerlou"},"content":{"rendered":"\n<p class=\"has-text-align-center\"><em>Fr\u00e9d\u00e9ric Bobin : chant, guitares folk et \u00e9lectrique, orgue Hammond <br>Mikael Cointepas : percussions, basse<br>Prise de son : Marc Arrigoni<\/em><\/p>\n\n\n\n<figure class=\"wp-block-audio\"><audio controls src=\"https:\/\/pascalaussi.fr\/wp-content\/uploads\/2026\/01\/Kerlou-2.mp3\"><\/audio><\/figure>\n\n\n<p style=\"text-align: center;\">Un chant de rousserolle \u00e0 l\u2019aube fr\u00e9missante<br>J\u2019ai laiss\u00e9 la voiture \u00e0 la mare-aux-tortues<br>Tu disais&nbsp;: \u00ab&nbsp;Des matins, c\u2019est tout le bois qui chante<br>La grasse matin\u00e9e, c\u2019est un jour de perdu&nbsp;\u00bb<\/p>\n<p style=\"text-align: center;\">Nos vir\u00e9es jusqu\u2019au soir\u2026 la dune\u2026 les \u00e9pis<br>Nos pages de silence \u00e0 l\u2019ombre des bateaux<br>Un baiser d\u2019\u00e9colier vingt fois qu\u2019on recopie<br>Et ta cr\u00e8me \u00e0 bronzer \u00ab tu m\u2019en mets dans le dos \u00bb<\/p>\n<p style=\"text-align: center;\">Mes oreilles sur la photo<\/p>\n<p style=\"text-align: center;\"><em>Tous ces clich\u00e9s<\/em><br><em> Ces lieux communs<\/em><br><em> Ces sentiers rebattus<\/em><br><em> O\u00f9 nous avons march\u00e9<\/em><br><em> Main dans la main<\/em><br><em> Des fois, dis-moi, t\u2019en souviens-tu&nbsp;?<\/em><\/p>\n<p style=\"text-align: center;\"><em>Soleil d\u2019\u00e9t\u00e9<\/em><br><em> Premiers frissons<\/em><br><em> Et tout le tremblement<\/em><br><em> Si peu \u00e0 raconter<\/em><br><em> Une chanson<\/em><br><em> Qu\u2019on sifflote encore par moment<\/em><\/p>\n<p style=\"text-align: center;\">Soir de f\u00eate \u00e0 Kerlou\u2026 Un grand feu sur la plage<br>Je n\u2019ose pas danser\u2026 Tu as peur des p\u00e9tards<br>Au retour, tu r\u00eavais au gar\u00e7on du village<br>Qui voulait t\u2019embrasser\u2026 Je r\u00eavais de guitare<\/p>\n<p style=\"text-align: center;\">Ainsi tout me revient, je n\u2019ai rien oubli\u00e9<br>Je refais le chemin de la pointe \u00e0 l\u2019\u00e9tang<br>Sur mes pas, grain \u00e0 grain, remonte au sablier<br>Le sable que la mer a moulu entre temps<\/p>\n<p style=\"text-align: center;\">\u00ab&nbsp;La rousserolle, tu l\u2019entends\u2026&nbsp;\u00bb<\/p>\n<p style=\"text-align: center;\"><img decoding=\"async\" loading=\"lazy\" class=\"alignnone wp-image-553\" src=\"https:\/\/pascalaussi.fr\/wp-content\/uploads\/2016\/11\/images-1.png\" alt=\"images\" width=\"77\" height=\"82\"><\/p>\n<p style=\"text-align: center;\"><em>Paroles : Pascal AUSSI<br>Musique : Fr\u00e9d\u00e9ric B0BIN<\/em><\/p>\n\n\n<p class=\"has-text-align-center\"><\/p>\n","protected":false},"excerpt":{"rendered":"<p>Fr\u00e9d\u00e9ric Bobin : chant, guitares folk et \u00e9lectrique, orgue Hammond Mikael Cointepas : percussions, bassePrise de son : Marc Arrigoni Un chant de rousserolle \u00e0 l\u2019aube fr\u00e9missanteJ\u2019ai laiss\u00e9 la voiture \u00e0 la mare-aux-tortuesTu disais&nbsp;: \u00ab&nbsp;Des matins, c\u2019est tout le bois qui chanteLa grasse matin\u00e9e, c\u2019est un jour de perdu&nbsp;\u00bb Nos vir\u00e9es jusqu\u2019au soir\u2026 la dune\u2026 &hellip; <a href=\"https:\/\/pascalaussi.fr\/index.php\/kerlou\/\" class=\"more-link\">Continuer la lecture de <span class=\"screen-reader-text\">Kerlou<\/span><\/a><\/p>\n","protected":false},"author":2,"featured_media":0,"parent":0,"menu_order":0,"comment_status":"closed","ping_status":"closed","template":"","meta":[],"_links":{"self":[{"href":"https:\/\/pascalaussi.fr\/index.php\/wp-json\/wp\/v2\/pages\/729"}],"collection":[{"href":"https:\/\/pascalaussi.fr\/index.php\/wp-json\/wp\/v2\/pages"}],"about":[{"href":"https:\/\/pascalaussi.fr\/index.php\/wp-json\/wp\/v2\/types\/page"}],"author":[{"embeddable":true,"href":"https:\/\/pascalaussi.fr\/index.php\/wp-json\/wp\/v2\/users\/2"}],"replies":[{"embeddable":true,"href":"https:\/\/pascalaussi.fr\/index.php\/wp-json\/wp\/v2\/comments?post=729"}],"version-history":[{"count":24,"href":"https:\/\/pascalaussi.fr\/index.php\/wp-json\/wp\/v2\/pages\/729\/revisions"}],"predecessor-version":[{"id":5110,"href":"https:\/\/pascalaussi.fr\/index.php\/wp-json\/wp\/v2\/pages\/729\/revisions\/5110"}],"wp:attachment":[{"href":"https:\/\/pascalaussi.fr\/index.php\/wp-json\/wp\/v2\/media?parent=729"}],"curies":[{"name":"wp","href":"https:\/\/api.w.org\/{rel}","templated":true}]}}