{"id":736,"date":"2017-01-05T10:02:29","date_gmt":"2017-01-05T09:02:29","guid":{"rendered":"http:\/\/pascalaussi.fr\/?page_id=736"},"modified":"2023-11-16T17:45:44","modified_gmt":"2023-11-16T16:45:44","slug":"la-patience","status":"publish","type":"page","link":"https:\/\/pascalaussi.fr\/index.php\/la-patience\/","title":{"rendered":"La patience"},"content":{"rendered":"<p>Je veux bien croire qu&rsquo;il est difficile<br>De toujours ressasser le pass\u00e9<br>Mais il y a des histoires \u00e0 la gomme, comment les effacer ?<\/p>\n<p>Combien de nuits encore faudra-t-il<br>Avant que se disperse \u00e0 la fin<br>L&rsquo;\u00e9cho de cet ent\u00eatant parfum ?<\/p>\n<p><em>Laisse le matin<\/em><br><em>Embaumer le matin<\/em><br><em>De la peine \u00e0 l&rsquo;oubli, la patience<\/em><\/p>\n<p>Il y a cette id\u00e9e qu&rsquo;\u00e0 l&rsquo;aventure<br>On devrait se lancer plus souvent<br>Moi, c&rsquo;est perdu que je me retrouve quand je vais de l&rsquo;avant<\/p>\n<p>S\u00fbr que la route est d\u00e9j\u00e0 moins dure<br>Si je peux savourer le repos<br>D&rsquo;un apaisant frisson sur ma peau<\/p>\n<p><em>Laisse le chemin<\/em><br><em>Te montrer le chemin<\/em><br><em>De la crainte \u00e0 l&rsquo;envie, la patience<\/em><\/p>\n<p>\u00ab\u00a0Jamais trop tard\u00a0\u00bb \u00e0 ce qu&rsquo;il parait<br>\u00ab\u00a0On peut toujours quand on veut vraiment\u00a0\u00bb<br>Mais, oh tu sais, la pers\u00e9v\u00e9rance, \u00e7a va bien un moment<\/p>\n<p>Le temps qui passe n&rsquo;est pas le vrai<br>Dans nos vies, nos amours, nos travaux<br>Seul ne compte que le temps qu&rsquo;il faut<\/p>\n<p><em>Laisse les saisons<\/em><br><em>Caresser la moisson<\/em><br><em>De la graine \u00e0 l&rsquo;\u00e9pi, la patience<\/em><\/p>\n<p style=\"text-align: left;\"><img decoding=\"async\" loading=\"lazy\" class=\"alignnone wp-image-553 aligncenter\" src=\"https:\/\/pascalaussi.fr\/wp-content\/uploads\/2016\/11\/images-1.png\" alt=\"images\" width=\"77\" height=\"82\"><\/p>\n<p style=\"text-align: center;\"><em>Paroles et musique : Pascal AUSSI<\/em><\/p>\n\n\n<figure class=\"wp-block-audio\"><audio controls src=\"https:\/\/pascalaussi.fr\/wp-content\/uploads\/2023\/11\/La-patience-1.wav\"><\/audio><\/figure>\n\n\n\n<p class=\"has-text-align-center\">Maquette de travail<br>Olivier Delgutte : chant<\/p>\n","protected":false},"excerpt":{"rendered":"<p>Je veux bien croire qu&rsquo;il est difficileDe toujours ressasser le pass\u00e9Mais il y a des histoires \u00e0 la gomme, comment les effacer ? Combien de nuits encore faudra-t-ilAvant que se disperse \u00e0 la finL&rsquo;\u00e9cho de cet ent\u00eatant parfum ? Laisse le matinEmbaumer le matinDe la peine \u00e0 l&rsquo;oubli, la patience Il y a cette id\u00e9e &hellip; <a href=\"https:\/\/pascalaussi.fr\/index.php\/la-patience\/\" class=\"more-link\">Continuer la lecture de <span class=\"screen-reader-text\">La patience<\/span><\/a><\/p>\n","protected":false},"author":2,"featured_media":0,"parent":0,"menu_order":0,"comment_status":"closed","ping_status":"closed","template":"","meta":[],"_links":{"self":[{"href":"https:\/\/pascalaussi.fr\/index.php\/wp-json\/wp\/v2\/pages\/736"}],"collection":[{"href":"https:\/\/pascalaussi.fr\/index.php\/wp-json\/wp\/v2\/pages"}],"about":[{"href":"https:\/\/pascalaussi.fr\/index.php\/wp-json\/wp\/v2\/types\/page"}],"author":[{"embeddable":true,"href":"https:\/\/pascalaussi.fr\/index.php\/wp-json\/wp\/v2\/users\/2"}],"replies":[{"embeddable":true,"href":"https:\/\/pascalaussi.fr\/index.php\/wp-json\/wp\/v2\/comments?post=736"}],"version-history":[{"count":14,"href":"https:\/\/pascalaussi.fr\/index.php\/wp-json\/wp\/v2\/pages\/736\/revisions"}],"predecessor-version":[{"id":3196,"href":"https:\/\/pascalaussi.fr\/index.php\/wp-json\/wp\/v2\/pages\/736\/revisions\/3196"}],"wp:attachment":[{"href":"https:\/\/pascalaussi.fr\/index.php\/wp-json\/wp\/v2\/media?parent=736"}],"curies":[{"name":"wp","href":"https:\/\/api.w.org\/{rel}","templated":true}]}}