{"id":744,"date":"2017-01-05T10:19:51","date_gmt":"2017-01-05T09:19:51","guid":{"rendered":"http:\/\/pascalaussi.fr\/?page_id=744"},"modified":"2025-12-12T11:14:18","modified_gmt":"2025-12-12T10:14:18","slug":"pomme-douce","status":"publish","type":"page","link":"https:\/\/pascalaussi.fr\/index.php\/pomme-douce\/","title":{"rendered":"Pomme douce"},"content":{"rendered":"<p style=\"text-align: center;\"><em>Pascal Aussi : chant et guitare<br data-rich-text-line-break=\"true\" \/>Bluette : chant et commentaire<br data-rich-text-line-break=\"true\" \/>Augusto de Alencar : carillons, fl\u00fbtes \u00e0 bec soprano et t\u00e9nor<\/em><\/p>\n<!--[if lt IE 9]><script>document.createElement('audio');<\/script><![endif]-->\n<audio class=\"wp-audio-shortcode\" id=\"audio-744-1\" preload=\"none\" style=\"width: 100%;\" controls=\"controls\"><source type=\"audio\/mpeg\" src=\"https:\/\/pascalaussi.fr\/wp-content\/uploads\/2020\/02\/03-Pomme-Douce.m4a?_=1\" \/><a href=\"https:\/\/pascalaussi.fr\/wp-content\/uploads\/2020\/02\/03-Pomme-Douce.m4a\">https:\/\/pascalaussi.fr\/wp-content\/uploads\/2020\/02\/03-Pomme-Douce.m4a<\/a><\/audio>\n<p style=\"text-align: center;\"><em><br data-rich-text-line-break=\"true\" \/>Je vis comme vous<\/em><br \/><em>Tu vis comme moi<\/em><br \/><em>\u00c0 la queue leu loup<\/em><br \/><em>Les jours et les mois<\/em><\/p>\n<p style=\"text-align: center;\"><em>Tu vis comme tous<\/em><br \/><em>Je vis comme toi<\/em><br \/><em>Une pomme douce<\/em><br \/><em>Au bout de mes doigts<\/em><\/p>\n<p style=\"text-align: center;\">Y a que quand on croque \u00e0 pleines dents<br \/>Qu\u2019on est vraiment content<\/p>\n<p style=\"text-align: center;\">&#8230; <em>(refrain)<\/em><\/p>\n<p style=\"text-align: center;\">Un p\u00e9pin parfois \u00e0 avaler<br \/>Pas de quoi s\u2019affoler<\/p>\n<p style=\"text-align: center;\">&#8230; <em>(refrain)<\/em><\/p>\n<p style=\"text-align: center;\">Et le monde est plein de beaux vergers<br \/>Pour qui sait les chercher<\/p>\n<p style=\"text-align: center;\"><em>&#8230; (refrain)<\/em><\/p>\n<p style=\"text-align: center;\"><em>Et passent, passent les jours et les nuits<br \/>Passent les mois, les saisons<br \/>Et poussent, poussent les fleurs et les fruits<br \/>Les filles, les gar\u00e7ons<\/em><\/p>\n<p style=\"text-align: center;\"><img decoding=\"async\" loading=\"lazy\" class=\"alignnone wp-image-553\" src=\"https:\/\/pascalaussi.fr\/wp-content\/uploads\/2016\/11\/images-1.png\" alt=\"images\" width=\"77\" height=\"82\" \/><br \/><em>Paroles et musique : Pascal AUSSI<\/em><\/p>\n\n\n<p class=\"has-text-align-center\"><\/p>\n","protected":false},"excerpt":{"rendered":"<p>Pascal Aussi : chant et guitareBluette : chant et commentaireAugusto de Alencar : carillons, fl\u00fbtes \u00e0 bec soprano et t\u00e9nor Je vis comme vousTu vis comme moi\u00c0 la queue leu loupLes jours et les mois Tu vis comme tousJe vis comme toiUne pomme douceAu bout de mes doigts Y a que quand on croque \u00e0 &hellip; <a href=\"https:\/\/pascalaussi.fr\/index.php\/pomme-douce\/\" class=\"more-link\">Continuer la lecture de <span class=\"screen-reader-text\">Pomme douce<\/span><\/a><\/p>\n","protected":false},"author":2,"featured_media":0,"parent":0,"menu_order":0,"comment_status":"closed","ping_status":"closed","template":"","meta":[],"_links":{"self":[{"href":"https:\/\/pascalaussi.fr\/index.php\/wp-json\/wp\/v2\/pages\/744"}],"collection":[{"href":"https:\/\/pascalaussi.fr\/index.php\/wp-json\/wp\/v2\/pages"}],"about":[{"href":"https:\/\/pascalaussi.fr\/index.php\/wp-json\/wp\/v2\/types\/page"}],"author":[{"embeddable":true,"href":"https:\/\/pascalaussi.fr\/index.php\/wp-json\/wp\/v2\/users\/2"}],"replies":[{"embeddable":true,"href":"https:\/\/pascalaussi.fr\/index.php\/wp-json\/wp\/v2\/comments?post=744"}],"version-history":[{"count":18,"href":"https:\/\/pascalaussi.fr\/index.php\/wp-json\/wp\/v2\/pages\/744\/revisions"}],"predecessor-version":[{"id":4085,"href":"https:\/\/pascalaussi.fr\/index.php\/wp-json\/wp\/v2\/pages\/744\/revisions\/4085"}],"wp:attachment":[{"href":"https:\/\/pascalaussi.fr\/index.php\/wp-json\/wp\/v2\/media?parent=744"}],"curies":[{"name":"wp","href":"https:\/\/api.w.org\/{rel}","templated":true}]}}