{"id":757,"date":"2017-01-05T10:48:21","date_gmt":"2017-01-05T09:48:21","guid":{"rendered":"http:\/\/pascalaussi.fr\/?page_id=757"},"modified":"2026-01-20T15:45:08","modified_gmt":"2026-01-20T14:45:08","slug":"montee-des-eaux","status":"publish","type":"page","link":"https:\/\/pascalaussi.fr\/index.php\/montee-des-eaux\/","title":{"rendered":"Mont\u00e9e des eaux"},"content":{"rendered":"\n<p class=\"has-text-align-center\"><em>Chanson confi\u00e9e \u00e0 Momette (Morgane Marqu\u00e9) <\/em><\/p>\n\n\n<p style=\"text-align: center;\">Le regard un peu brouill\u00e9<br>Le bord des paupi\u00e8res mouill\u00e9<br>Discr\u00e8te mont\u00e9e des eaux<br>Mais d\u2019o\u00f9 sort ce petit ruisseau&nbsp;?<\/p>\n<p style=\"text-align: center;\">D\u2019un trop plein comme on a tous<br>Par o\u00f9 vient s\u2019\u00e9couler en douce<br>Le jus des sombres pens\u00e9es<br>L\u2019eau-forte des amours bless\u00e9es<\/p>\n<p style=\"text-align: center;\">R\u00e9surgence, crue soudaine<br>\u00d4 si bienfaisante fontaine<br>Mouillant mes joues \u00e0 plein seau<br>Revoil\u00e0 ce bouillant ruisseau (bis)<\/p>\n<p style=\"text-align: center;\">Qu\u2019est-ce qu\u2019on arrose ce soir<br>Mis \u00e0 part ce nouveau mouchoir&nbsp;?<br>Un secret lourd \u00e0 garder<br>Un bateau qu\u2019on s\u2019\u00e9tait mont\u00e9<\/p>\n<p style=\"text-align: center;\">Un bonheur qu\u2019on n\u2019a pas eu<br>Un fol espoir d\u00e9j\u00e0 d\u00e9\u00e7u<br>Que les pleurs et les sanglots<br>Tentent d\u2019embarquer \u00e0 vau l\u2019eau<\/p>\n<p style=\"text-align: center;\">Tel un bon coup de K\u00e4rcher<br>Le c\u0153ur net sur qui nous est cher<br>L\u2019averse avant l\u2019\u00e9claircie<br>Tristes cieux, d\u00e9gagez d&rsquo;ici ! (bis)<\/p>\n<p style=\"text-align: center;\">Le regard un peu brouill\u00e9<br>Le bord des paupi\u00e8res mouill\u00e9<br>L\u00e9g\u00e8re d\u00e9crue des eaux<br>Les cils qu\u2019on dirait des roseaux<\/p>\n<p style=\"text-align: center;\">Deux fois rien mais c\u2019\u00e9tait trop<br>La nuit tous les chagrins sont gros<br>Comme s\u2019il fallait que<br>Quelque chose en nous se f\u00eale<br>Pour qu\u2019\u00e9close une vie nouvelle<\/p>\n<p><img decoding=\"async\" loading=\"lazy\" class=\"wp-image-553 aligncenter\" src=\"https:\/\/pascalaussi.fr\/wp-content\/uploads\/2016\/11\/images-1.png\" alt=\"images\" width=\"77\" height=\"82\"><\/p>\n<p style=\"text-align: center;\"><em>Paroles et musique : Pascal AUSSI<\/em><\/p>","protected":false},"excerpt":{"rendered":"<p>Chanson confi\u00e9e \u00e0 Momette (Morgane Marqu\u00e9) Le regard un peu brouill\u00e9Le bord des paupi\u00e8res mouill\u00e9Discr\u00e8te mont\u00e9e des eauxMais d\u2019o\u00f9 sort ce petit ruisseau&nbsp;? D\u2019un trop plein comme on a tousPar o\u00f9 vient s\u2019\u00e9couler en douceLe jus des sombres pens\u00e9esL\u2019eau-forte des amours bless\u00e9es R\u00e9surgence, crue soudaine\u00d4 si bienfaisante fontaineMouillant mes joues \u00e0 plein seauRevoil\u00e0 ce bouillant &hellip; <a href=\"https:\/\/pascalaussi.fr\/index.php\/montee-des-eaux\/\" class=\"more-link\">Continuer la lecture de <span class=\"screen-reader-text\">Mont\u00e9e des eaux<\/span><\/a><\/p>\n","protected":false},"author":2,"featured_media":0,"parent":0,"menu_order":0,"comment_status":"closed","ping_status":"closed","template":"","meta":[],"_links":{"self":[{"href":"https:\/\/pascalaussi.fr\/index.php\/wp-json\/wp\/v2\/pages\/757"}],"collection":[{"href":"https:\/\/pascalaussi.fr\/index.php\/wp-json\/wp\/v2\/pages"}],"about":[{"href":"https:\/\/pascalaussi.fr\/index.php\/wp-json\/wp\/v2\/types\/page"}],"author":[{"embeddable":true,"href":"https:\/\/pascalaussi.fr\/index.php\/wp-json\/wp\/v2\/users\/2"}],"replies":[{"embeddable":true,"href":"https:\/\/pascalaussi.fr\/index.php\/wp-json\/wp\/v2\/comments?post=757"}],"version-history":[{"count":12,"href":"https:\/\/pascalaussi.fr\/index.php\/wp-json\/wp\/v2\/pages\/757\/revisions"}],"predecessor-version":[{"id":5104,"href":"https:\/\/pascalaussi.fr\/index.php\/wp-json\/wp\/v2\/pages\/757\/revisions\/5104"}],"wp:attachment":[{"href":"https:\/\/pascalaussi.fr\/index.php\/wp-json\/wp\/v2\/media?parent=757"}],"curies":[{"name":"wp","href":"https:\/\/api.w.org\/{rel}","templated":true}]}}