{"id":761,"date":"2017-01-05T10:55:01","date_gmt":"2017-01-05T09:55:01","guid":{"rendered":"http:\/\/pascalaussi.fr\/?page_id=761"},"modified":"2025-11-24T14:58:20","modified_gmt":"2025-11-24T13:58:20","slug":"longue-echappee","status":"publish","type":"page","link":"https:\/\/pascalaussi.fr\/index.php\/longue-echappee\/","title":{"rendered":"Longue \u00e9chapp\u00e9e"},"content":{"rendered":"<p style=\"text-align: center;\"><em>Pascal Aussi : chant<\/em><br data-rich-text-line-break=\"true\" \/><em>R\u00e9mo Gary : voix<\/em><br data-rich-text-line-break=\"true\" \/><em>Tony Baker : piano<\/em><\/p>\n<!--[if lt IE 9]><script>document.createElement('audio');<\/script><![endif]-->\n<audio class=\"wp-audio-shortcode\" id=\"audio-761-1\" preload=\"none\" style=\"width: 100%;\" controls=\"controls\"><source type=\"audio\/mpeg\" src=\"https:\/\/pascalaussi.fr\/wp-content\/uploads\/2025\/11\/01-01-Longue-Echappee.mp3?_=1\" \/><a href=\"https:\/\/pascalaussi.fr\/wp-content\/uploads\/2025\/11\/01-01-Longue-Echappee.mp3\">https:\/\/pascalaussi.fr\/wp-content\/uploads\/2025\/11\/01-01-Longue-Echappee.mp3<\/a><\/audio>\n<p style=\"text-align: center;\">L\u2019enfant est si petit au fond de son couffin<br \/>Que veut-il\u00a0? Que voit-il\u00a0? Qu\u2019entend-il \u00e0 tout \u00e7a\u00a0?<br \/>Silence quand il dort et cris quand il a faim<br \/>Sans doute se sent-il un peu perdu d\u00e9j\u00e0<\/p>\n<p style=\"text-align: center;\">L\u2019enfant est au jardin. Le monde est devant lui<br \/>Aventurier timide, il avance \u00e0 pas lents<br \/>Tout \u00e9tonn\u00e9 qu\u2019il est par ce caillou qui luit<br \/>Ce nuage qui vole ou ce papillon blanc<\/p>\n<p style=\"text-align: center;\">L\u2019enfant a entendu sa m\u00e8re qui disait<br \/>Qu\u2019elle aurait pr\u00e9f\u00e9r\u00e9 une fille, \u00e0 choisir<br \/>Est-ce \u00e0 \u00e7a qu\u2019il pensait quand il se d\u00e9guisait\u00a0:<br \/>Approcher un mod\u00e8le, adoucir un d\u00e9sir\u00a0?<\/p>\n<p style=\"text-align: center;\">L\u2019enfant sur le tapis joue aux petits coureurs<br \/>Pichenette\u00a0incroyable\u00a0! Il part en \u00e9chapp\u00e9e<br \/>Mais heurte dans sa course un vase spectateur<br \/>Et attend tout penaud de se faire attraper<\/p>\n<p style=\"text-align: center;\">L\u2019enfant, c\u0153ur de travers et la mine ombrag\u00e9e\u00a0!<br \/>Le soir quand il \u00e9teint &#8211; c\u2019est de plus en plus tard &#8211;<br \/>Il \u00e9coute les mots dans la nuit s\u2019approcher<br \/>Un jour, il a envie d\u2019apprendre la guitare<\/p>\n<p style=\"text-align: center;\"><img decoding=\"async\" loading=\"lazy\" class=\"alignnone  wp-image-553\" src=\"https:\/\/pascalaussi.fr\/wp-content\/uploads\/2016\/11\/images-1.png\" alt=\"images\" width=\"77\" height=\"82\" \/><\/p>\n<p style=\"text-align: center;\"><em>Paroles et musique : Pascal AUSSI<\/em><\/p>\n\n\n<p><\/p>\n","protected":false},"excerpt":{"rendered":"<p>Pascal Aussi : chantR\u00e9mo Gary : voixTony Baker : piano L\u2019enfant est si petit au fond de son couffinQue veut-il\u00a0? Que voit-il\u00a0? Qu\u2019entend-il \u00e0 tout \u00e7a\u00a0?Silence quand il dort et cris quand il a faimSans doute se sent-il un peu perdu d\u00e9j\u00e0 L\u2019enfant est au jardin. Le monde est devant luiAventurier timide, il avance \u00e0 &hellip; <a href=\"https:\/\/pascalaussi.fr\/index.php\/longue-echappee\/\" class=\"more-link\">Continuer la lecture de <span class=\"screen-reader-text\">Longue \u00e9chapp\u00e9e<\/span><\/a><\/p>\n","protected":false},"author":2,"featured_media":0,"parent":0,"menu_order":0,"comment_status":"closed","ping_status":"closed","template":"","meta":[],"_links":{"self":[{"href":"https:\/\/pascalaussi.fr\/index.php\/wp-json\/wp\/v2\/pages\/761"}],"collection":[{"href":"https:\/\/pascalaussi.fr\/index.php\/wp-json\/wp\/v2\/pages"}],"about":[{"href":"https:\/\/pascalaussi.fr\/index.php\/wp-json\/wp\/v2\/types\/page"}],"author":[{"embeddable":true,"href":"https:\/\/pascalaussi.fr\/index.php\/wp-json\/wp\/v2\/users\/2"}],"replies":[{"embeddable":true,"href":"https:\/\/pascalaussi.fr\/index.php\/wp-json\/wp\/v2\/comments?post=761"}],"version-history":[{"count":7,"href":"https:\/\/pascalaussi.fr\/index.php\/wp-json\/wp\/v2\/pages\/761\/revisions"}],"predecessor-version":[{"id":4039,"href":"https:\/\/pascalaussi.fr\/index.php\/wp-json\/wp\/v2\/pages\/761\/revisions\/4039"}],"wp:attachment":[{"href":"https:\/\/pascalaussi.fr\/index.php\/wp-json\/wp\/v2\/media?parent=761"}],"curies":[{"name":"wp","href":"https:\/\/api.w.org\/{rel}","templated":true}]}}