{"id":770,"date":"2017-01-05T11:22:29","date_gmt":"2017-01-05T10:22:29","guid":{"rendered":"http:\/\/pascalaussi.fr\/?page_id=770"},"modified":"2025-11-21T19:46:43","modified_gmt":"2025-11-21T18:46:43","slug":"loeil-de-la-nuit","status":"publish","type":"page","link":"https:\/\/pascalaussi.fr\/index.php\/loeil-de-la-nuit\/","title":{"rendered":"L&rsquo;oeil de la nuit"},"content":{"rendered":"<!--[if lt IE 9]><script>document.createElement('audio');<\/script><![endif]-->\n<audio class=\"wp-audio-shortcode\" id=\"audio-770-1\" preload=\"none\" style=\"width: 100%;\" controls=\"controls\"><source type=\"audio\/mpeg\" src=\"https:\/\/pascalaussi.fr\/wp-content\/uploads\/2025\/11\/09-09-L_oeil-De-La-Nuit.m4a?_=1\" \/><a href=\"https:\/\/pascalaussi.fr\/wp-content\/uploads\/2025\/11\/09-09-L_oeil-De-La-Nuit.m4a\">https:\/\/pascalaussi.fr\/wp-content\/uploads\/2025\/11\/09-09-L_oeil-De-La-Nuit.m4a<\/a><\/audio>\n<p style=\"text-align: center;\">L\u2019\u0153il de la nuit n\u2019a pas de paupi\u00e8re<br \/>\nQuand il scrute mon jardin secret<br \/>\nTouffes d\u2019envies, parterre de regret<br \/>\nVieux espoirs assoupis sous les pierres<\/p>\n<p style=\"text-align: center;\">Une all\u00e9e qui se perd au lointain<br \/>\nUn chemin tout \u00e9trangl\u00e9 d\u2019orties<br \/>\nL\u00e0, un haut mur se dresse et interdit<br \/>\nLe retour au cabanon \u00e9teint<\/p>\n<p style=\"text-align: center;\">Il se joue des portes, des persiennes<br \/>\nDans le noir se glisse et vous surprend<br \/>\nFera d\u2019un fil monter au premier rang<br \/>\nUne histoire qu\u2019on croyait ancienne<\/p>\n<p style=\"text-align: center;\">L\u2019\u0153il de la nuit se colle au plafond<br \/>\nRien de nous ne peut lui \u00e9chapper<br \/>\nGestes et mots\u00a0: feux sans grande flamb\u00e9e<br \/>\nEt ce c\u0153ur qu\u2019on voudrait plus profond<\/p>\n<p style=\"text-align: center;\">L\u2019\u0153il de la nuit n\u2019a pas de fronti\u00e8re<br \/>\nIl me suit de maison en saison<br \/>\nEt le voila sujet d\u2019une chanson<br \/>\nQue je reprendrai ma vie enti\u00e8re\u2026<\/p>\n<p style=\"text-align: center;\"><em>Pourrais-je enfin dire un jour\u00a0:<\/em><br \/>\n<em>\u00ab\u00a0J\u2019ai ferm\u00e9 l\u2019\u0153il de la nuit\u00a0\u00bb\u00a0?<\/em><br \/>\n<em>Oui\u00a0! Dire un jour<\/em><br \/>\n<em>\u00ab\u00a0J\u2019ai ferm\u00e9 l\u2019\u0153il de la nuit\u00a0\u00bb<\/em><\/p>\n<p style=\"text-align: center;\"><img decoding=\"async\" loading=\"lazy\" class=\"alignnone wp-image-553\" src=\"https:\/\/pascalaussi.fr\/wp-content\/uploads\/2016\/11\/images-1.png\" alt=\"images\" width=\"77\" height=\"82\" \/><\/p>\n<p style=\"text-align: center;\"><em>Paroles : Pascal AUSSI<\/em><br \/>\n<em>Musique : St\u00e9phane DAMBRY<\/em><\/p>\n","protected":false},"excerpt":{"rendered":"<p>L\u2019\u0153il de la nuit n\u2019a pas de paupi\u00e8re Quand il scrute mon jardin secret Touffes d\u2019envies, parterre de regret Vieux espoirs assoupis sous les pierres Une all\u00e9e qui se perd au lointain Un chemin tout \u00e9trangl\u00e9 d\u2019orties L\u00e0, un haut mur se dresse et interdit Le retour au cabanon \u00e9teint Il se joue des portes, &hellip; <a href=\"https:\/\/pascalaussi.fr\/index.php\/loeil-de-la-nuit\/\" class=\"more-link\">Continuer la lecture de <span class=\"screen-reader-text\">L&rsquo;oeil de la nuit<\/span><\/a><\/p>\n","protected":false},"author":2,"featured_media":0,"parent":0,"menu_order":0,"comment_status":"closed","ping_status":"closed","template":"","meta":[],"_links":{"self":[{"href":"https:\/\/pascalaussi.fr\/index.php\/wp-json\/wp\/v2\/pages\/770"}],"collection":[{"href":"https:\/\/pascalaussi.fr\/index.php\/wp-json\/wp\/v2\/pages"}],"about":[{"href":"https:\/\/pascalaussi.fr\/index.php\/wp-json\/wp\/v2\/types\/page"}],"author":[{"embeddable":true,"href":"https:\/\/pascalaussi.fr\/index.php\/wp-json\/wp\/v2\/users\/2"}],"replies":[{"embeddable":true,"href":"https:\/\/pascalaussi.fr\/index.php\/wp-json\/wp\/v2\/comments?post=770"}],"version-history":[{"count":11,"href":"https:\/\/pascalaussi.fr\/index.php\/wp-json\/wp\/v2\/pages\/770\/revisions"}],"predecessor-version":[{"id":3944,"href":"https:\/\/pascalaussi.fr\/index.php\/wp-json\/wp\/v2\/pages\/770\/revisions\/3944"}],"wp:attachment":[{"href":"https:\/\/pascalaussi.fr\/index.php\/wp-json\/wp\/v2\/media?parent=770"}],"curies":[{"name":"wp","href":"https:\/\/api.w.org\/{rel}","templated":true}]}}