{"id":781,"date":"2017-01-05T12:09:16","date_gmt":"2017-01-05T11:09:16","guid":{"rendered":"http:\/\/pascalaussi.fr\/?page_id=781"},"modified":"2025-11-21T19:43:28","modified_gmt":"2025-11-21T18:43:28","slug":"pour-un-soir","status":"publish","type":"page","link":"https:\/\/pascalaussi.fr\/index.php\/pour-un-soir\/","title":{"rendered":"Pour un soir"},"content":{"rendered":"<!--[if lt IE 9]><script>document.createElement('audio');<\/script><![endif]-->\n<audio class=\"wp-audio-shortcode\" id=\"audio-781-1\" preload=\"none\" style=\"width: 100%;\" controls=\"controls\"><source type=\"audio\/mpeg\" src=\"https:\/\/pascalaussi.fr\/wp-content\/uploads\/2025\/11\/16-16-Pour-Un-Soir.m4a?_=1\" \/><a href=\"https:\/\/pascalaussi.fr\/wp-content\/uploads\/2025\/11\/16-16-Pour-Un-Soir.m4a\">https:\/\/pascalaussi.fr\/wp-content\/uploads\/2025\/11\/16-16-Pour-Un-Soir.m4a<\/a><\/audio>\n<p style=\"text-align: center;\">Pour un soir<br \/>\nS\u2019arr\u00eater et s\u2019asseoir<br \/>\nPaisibles<br \/>\nC\u2019est possible<br \/>\nComme on pose un bagage<\/p>\n<p style=\"text-align: center;\">Et laisser<br \/>\n\u00c0 nos l\u00e8vres glisser<br \/>\nL\u2019intense<br \/>\nConfidence<br \/>\nO\u00f9 l\u2019ombre nous engage<\/p>\n<p style=\"text-align: center;\">Et puis<br \/>\nEst-ce la lune, est-ce la nuit\u00a0?<br \/>\nS\u2019estompent nos peurs, nos ennuis<br \/>\nEnvol\u00e9s le d\u00e9cor<br \/>\nLes bruits alentour et le poids de nos corps<br \/>\nAllong\u00e9s sur le dos<br \/>\nEnfants sous le grand chapiteau<br \/>\nEt n\u2019entend-on pas comme un air de romance<br \/>\n( <em>la la la la la la<\/em> )<br \/>\nSuffirait qu\u2019un de nous commence<\/p>\n<p style=\"text-align: center;\">Pour sentir<br \/>\nNos souffles s\u2019enhardir<br \/>\nS\u2019avancent<br \/>\nPuis se lancent<br \/>\nOiseau quittant sa cage<\/p>\n<p style=\"text-align: center;\"><em>Et c\u2019est un si beau chant<\/em><br \/>\n<em>Des mots si touchants<\/em><br \/>\n<em>La vie, les gens<\/em><\/p>\n<p style=\"text-align: center;\">A-lors nos voix<br \/>\nEn choeur pour une fois<br \/>\nNos peines<br \/>\nBelle aubaine<br \/>\nIront se perdre dans l\u2019espace<\/p>\n<p style=\"text-align: center;\">Et demain<br \/>\nReprendrons le chemin<br \/>\nSans presse<br \/>\nSans paresse<br \/>\nAu pas l\u00e9ger du temps qui passe<\/p>\n<p style=\"text-align: center;\">Pour un soir, juste un soir<br \/>\n\u00d4, s\u2019arr\u00eater et s\u2019asseoir<br \/>\nRien qu\u2019un soir, un beau soir<br \/>\nS\u2019arr\u00eater et s\u2019asseoir<\/p>\n<p style=\"text-align: center;\"><img decoding=\"async\" loading=\"lazy\" class=\"alignnone wp-image-553\" src=\"https:\/\/pascalaussi.fr\/wp-content\/uploads\/2016\/11\/images-1.png\" alt=\"images\" width=\"77\" height=\"82\" \/><\/p>\n<p style=\"text-align: center;\"><em>Paroles : Pascal AUSSI<\/em><br \/>\n<em>Musique : Ludwig van BEETHOVEN<\/em><br \/>\n<em>Adagio Cantabile sonate pour piano n\u00b08 dite Path\u00e9tique<\/em><\/p>\n","protected":false},"excerpt":{"rendered":"<p>Pour un soir S\u2019arr\u00eater et s\u2019asseoir Paisibles C\u2019est possible Comme on pose un bagage Et laisser \u00c0 nos l\u00e8vres glisser L\u2019intense Confidence O\u00f9 l\u2019ombre nous engage Et puis Est-ce la lune, est-ce la nuit\u00a0? S\u2019estompent nos peurs, nos ennuis Envol\u00e9s le d\u00e9cor Les bruits alentour et le poids de nos corps Allong\u00e9s sur le dos &hellip; <a href=\"https:\/\/pascalaussi.fr\/index.php\/pour-un-soir\/\" class=\"more-link\">Continuer la lecture de <span class=\"screen-reader-text\">Pour un soir<\/span><\/a><\/p>\n","protected":false},"author":2,"featured_media":0,"parent":0,"menu_order":0,"comment_status":"closed","ping_status":"closed","template":"","meta":[],"_links":{"self":[{"href":"https:\/\/pascalaussi.fr\/index.php\/wp-json\/wp\/v2\/pages\/781"}],"collection":[{"href":"https:\/\/pascalaussi.fr\/index.php\/wp-json\/wp\/v2\/pages"}],"about":[{"href":"https:\/\/pascalaussi.fr\/index.php\/wp-json\/wp\/v2\/types\/page"}],"author":[{"embeddable":true,"href":"https:\/\/pascalaussi.fr\/index.php\/wp-json\/wp\/v2\/users\/2"}],"replies":[{"embeddable":true,"href":"https:\/\/pascalaussi.fr\/index.php\/wp-json\/wp\/v2\/comments?post=781"}],"version-history":[{"count":7,"href":"https:\/\/pascalaussi.fr\/index.php\/wp-json\/wp\/v2\/pages\/781\/revisions"}],"predecessor-version":[{"id":3941,"href":"https:\/\/pascalaussi.fr\/index.php\/wp-json\/wp\/v2\/pages\/781\/revisions\/3941"}],"wp:attachment":[{"href":"https:\/\/pascalaussi.fr\/index.php\/wp-json\/wp\/v2\/media?parent=781"}],"curies":[{"name":"wp","href":"https:\/\/api.w.org\/{rel}","templated":true}]}}