{"id":785,"date":"2017-01-05T12:20:33","date_gmt":"2017-01-05T11:20:33","guid":{"rendered":"http:\/\/pascalaussi.fr\/?page_id=785"},"modified":"2025-11-21T11:23:49","modified_gmt":"2025-11-21T10:23:49","slug":"ne-change-pas-demain","status":"publish","type":"page","link":"https:\/\/pascalaussi.fr\/index.php\/ne-change-pas-demain\/","title":{"rendered":"Ne change pas demain"},"content":{"rendered":"\n<p class=\"has-text-align-center\"><br>Pascal Aussi : chant et guitare<br>Patrick Reboud : accordina et bandon\u00e9on<\/p>\n\n\n\n<figure class=\"wp-block-audio\"><audio controls src=\"https:\/\/pascalaussi.fr\/wp-content\/uploads\/2023\/06\/11-Ne-Change-Pas-Demain.m4a\"><\/audio><\/figure>\n\n\n\n<p class=\"has-text-align-center\"><\/p>\n\n\n\n<p class=\"has-text-align-center\">Chacun nos amours, leur lot de peines et de joies<br>Et leur dur\u00e9e de vie qui tient \u00e0 si peu quelquefois<br>Voil\u00e0 tant d\u2019ann\u00e9es, et ce me semble tout \u00e0 l\u2019heure<br>Que tu me combles et bouscules le c\u0153ur<\/p>\n\n\n\n<p class=\"has-text-align-center\">\u00ab&nbsp;C\u2019est dans les vieux pots la meilleure soupe&nbsp;\u00bb \u00e0 ce qu\u2019on dit<br>Et si on a des jours un tantinet moins d\u2019app\u00e9tit<br>Savourons-en mieux le go\u00fbteux fondant de nos corps<br>\u00c0 feu plus doux mais \u00e7a attache encore<\/p>\n\n\n\n<p class=\"has-text-align-center\"><em>L\u2019amour, direz-vous, se moque bien de nos chaussons<br>Fantasque, il vit au jour le jour, n\u2019a que sa folie pour raison&nbsp;!<br>Mais comment expliquer, d\u2019un regard \u00e0 la d\u00e9rob\u00e9e<br>Ce trouble alors et ce souffle coup\u00e9&nbsp;?<\/em><\/p>\n\n\n\n<p class=\"has-text-align-center\">J\u2019aurai beau toujours te prier de ne rien changer<br>Je sais qu\u2019avec le temps tu ne pourras pas t\u2019emp\u00eacher<br>Si par aventure on devait se rester fid\u00e8le<br>De peaufiner sous mes yeux le mod\u00e8le<\/p>\n\n\n\n<p class=\"has-text-align-center\"><strong>Ne change pas demain, oh non, ne change pas demain<\/strong><br><strong>Le bonheur a plaisir \u00e0 faire avec nous le chemin<\/strong><br><strong>Ne change pas demain, ne change rien<\/strong><\/p>\n\n\n<div class=\"wp-block-image\">\n<figure class=\"aligncenter is-resized\"><img decoding=\"async\" loading=\"lazy\" src=\"https:\/\/pascalaussi.fr\/wp-content\/uploads\/2016\/11\/images-1.png\" alt=\"images\" class=\"wp-image-553\" width=\"80\" height=\"85\"\/><\/figure><\/div>\n\n\n<p class=\"has-text-align-center\"><em>Paroles et musique : Pascal AUSSI<\/em><\/p>\n\n\n\n<p class=\"has-text-align-center\"><\/p>\n","protected":false},"excerpt":{"rendered":"<p>Pascal Aussi : chant et guitarePatrick Reboud : accordina et bandon\u00e9on Chacun nos amours, leur lot de peines et de joiesEt leur dur\u00e9e de vie qui tient \u00e0 si peu quelquefoisVoil\u00e0 tant d\u2019ann\u00e9es, et ce me semble tout \u00e0 l\u2019heureQue tu me combles et bouscules le c\u0153ur \u00ab&nbsp;C\u2019est dans les vieux pots la meilleure soupe&nbsp;\u00bb &hellip; <a href=\"https:\/\/pascalaussi.fr\/index.php\/ne-change-pas-demain\/\" class=\"more-link\">Continuer la lecture de <span class=\"screen-reader-text\">Ne change pas demain<\/span><\/a><\/p>\n","protected":false},"author":2,"featured_media":0,"parent":0,"menu_order":0,"comment_status":"closed","ping_status":"closed","template":"","meta":[],"_links":{"self":[{"href":"https:\/\/pascalaussi.fr\/index.php\/wp-json\/wp\/v2\/pages\/785"}],"collection":[{"href":"https:\/\/pascalaussi.fr\/index.php\/wp-json\/wp\/v2\/pages"}],"about":[{"href":"https:\/\/pascalaussi.fr\/index.php\/wp-json\/wp\/v2\/types\/page"}],"author":[{"embeddable":true,"href":"https:\/\/pascalaussi.fr\/index.php\/wp-json\/wp\/v2\/users\/2"}],"replies":[{"embeddable":true,"href":"https:\/\/pascalaussi.fr\/index.php\/wp-json\/wp\/v2\/comments?post=785"}],"version-history":[{"count":11,"href":"https:\/\/pascalaussi.fr\/index.php\/wp-json\/wp\/v2\/pages\/785\/revisions"}],"predecessor-version":[{"id":3843,"href":"https:\/\/pascalaussi.fr\/index.php\/wp-json\/wp\/v2\/pages\/785\/revisions\/3843"}],"wp:attachment":[{"href":"https:\/\/pascalaussi.fr\/index.php\/wp-json\/wp\/v2\/media?parent=785"}],"curies":[{"name":"wp","href":"https:\/\/api.w.org\/{rel}","templated":true}]}}